{"id":1977,"date":"2024-06-30T14:21:59","date_gmt":"2024-06-30T14:21:59","guid":{"rendered":"https:\/\/membraneswitchmfg.com\/?post_type=product&#038;p=1977"},"modified":"2024-06-30T14:23:24","modified_gmt":"2024-06-30T14:23:24","slug":"pmma-print-label","status":"publish","type":"product","link":"https:\/\/membraneswitchmfg.com\/lv\/manufacturer\/pmma-print-label\/","title":{"rendered":"PMMA drukas eti\u0137ete"},"content":{"rendered":"<p data-sourcepos=\"3:1-3:62\"><strong>PMMA drukas eti\u0137ete: Iztur\u012bgi un daudzpus\u012bgi mar\u0137\u0113\u0161anas risin\u0101jumi<\/strong><\/p>\n<p data-sourcepos=\"5:1-5:170\">PMMA drukas eti\u0137etes, kas paz\u012bstamas ar\u012b k\u0101 akrila drukas eti\u0137etes, ir popul\u0101ra izv\u0113le da\u017e\u0101diem mar\u0137\u0113\u0161anas lietojumiem, jo t\u0101s ir \u012bpa\u0161i iztur\u012bgas, daudzpus\u012bgas un est\u0113tiski pievilc\u012bgas. \u0160\u012bs eti\u0137etes ir izgatavotas no polimetilmetakril\u0101ta (PMMA) - augstas stipr\u012bbas plastmasas, kas paz\u012bstama ar savu iztur\u012bbu, iztur\u012bbu pret skr\u0101p\u0113jumiem un \u0137\u012bmisk\u0101m viel\u0101m un UV stariem.<\/p>\n<p data-sourcepos=\"7:1-7:19\"><strong>Galven\u0101s priek\u0161roc\u012bbas:<\/strong><\/p>\n<ul data-sourcepos=\"9:1-9:131\">\n<li data-sourcepos=\"9:1-9:131\">\n<p class=\"\" data-sourcepos=\"9:3-9:226\"><strong class=\"\">Iztur\u012bba:<\/strong> PMMA eti\u0137etes ir iztur\u012bgas skarbos vides apst\u0101k\u013cos, t\u0101p\u0113c t\u0101s ir ide\u0101li piem\u0113rotas izmanto\u0161anai \u0101rpus telp\u0101m un r\u016bpniec\u012bb\u0101. T\u0101s ir iztur\u012bgas pret ekstr\u0113m\u0101m temperat\u016br\u0101m, mitrumu un \u0137\u012bmisk\u0101m viel\u0101m, nodro\u0161inot ilgsto\u0161u darb\u012bbu.<\/p>\n<\/li>\n<li data-sourcepos=\"11:1-12:0\">\n<p data-sourcepos=\"11:3-11:244\"><strong>Daudzpus\u012bba:<\/strong> PMMA uzl\u012bmes var druk\u0101t uz da\u017e\u0101d\u0101m virsm\u0101m, tostarp plastmasas, met\u0101la, stikla un koka. T\u0101s ir piem\u0113rotas visda\u017e\u0101d\u0101kajiem lietojumiem, s\u0101kot no produktu mar\u0137\u0113\u0161anas un akt\u012bvu izseko\u0161anas l\u012bdz pat izk\u0101rtn\u0113m un rekl\u0101mas displejiem.<\/p>\n<\/li>\n<li data-sourcepos=\"13:1-14:0\">\n<p data-sourcepos=\"13:3-13:249\"><strong>Est\u0113tika:<\/strong> PMMA eti\u0137etes nodro\u0161ina sp\u012bd\u012bgu apdari, kas izstaro eleganci un izsmalcin\u0101t\u012bbu. T\u0101s ir pieejamas da\u017e\u0101d\u0101s kr\u0101s\u0101s, un uz t\u0101m var uzdruk\u0101t sare\u017e\u0123\u012btus dizainus un logotipus, t\u0101d\u0113j\u0101di uzlabojot j\u016bsu produktu vai z\u012bmola vizu\u0101lo pievilc\u012bbu.<\/p>\n<\/li>\n<\/ul>\n<p data-sourcepos=\"15:1-15:54\"><strong>PMMA drukas eti\u0137ete: Izv\u0113le vispras\u012bg\u0101kaj\u0101m mar\u0137\u0113\u0161anas vajadz\u012bb\u0101m<\/strong><\/p>\n<p data-sourcepos=\"17:1-17:278\">PMMA drukas eti\u0137etes ir ieteicama izv\u0113le lietojumiem, kuriem nepiecie\u0161ama iztur\u012bba, daudzpus\u012bba un elegance. Neatkar\u012bgi no t\u0101, vai jums nepiecie\u0161amas eti\u0137etes r\u016bpniecisk\u0101m iek\u0101rt\u0101m, \u0101ra izk\u0101rtn\u0113m vai augstas klases produktiem, PMMA eti\u0137etes nodro\u0161in\u0101s izcilu veiktsp\u0113ju un vizu\u0101lo pievilc\u012bbu.<\/p>\n<p data-sourcepos=\"19:1-19:30\"><strong>Papildu apsv\u0113rumi:<\/strong><\/p>\n<ul data-sourcepos=\"21:1-24:0\">\n<li data-sourcepos=\"21:1-22:0\">\n<p data-sourcepos=\"21:3-21:227\"><strong>Druk\u0101\u0161anas metodes:<\/strong> PMMA eti\u0137etes var druk\u0101t, izmantojot da\u017e\u0101das metodes, tostarp digit\u0101lo druk\u0101\u0161anu, sietspiedi un l\u0101zerdruku. Druk\u0101\u0161anas metodes izv\u0113le ir atkar\u012bga no v\u0113lam\u0101 eti\u0137etes dizaina, daudzuma un bud\u017eeta.<\/p>\n<\/li>\n<li data-sourcepos=\"23:1-24:0\">\n<p data-sourcepos=\"23:3-23:226\"><strong>L\u012bmes iesp\u0113jas:<\/strong> PMMA eti\u0137etes ir pieejamas ar da\u017e\u0101d\u0101m l\u012bm\u0113\u0161anas iesp\u0113j\u0101m, tostarp past\u0101v\u012bg\u0101m, no\u0146emam\u0101m un p\u0101rl\u012bm\u0113jam\u0101m l\u012bm\u0113m. Izv\u0113lieties l\u012bmi, kas vislab\u0101k atbilst j\u016bsu lietojumam un virsmas pras\u012bb\u0101m.<\/p>\n<\/li>\n<\/ul>","protected":false},"excerpt":{"rendered":"<p>PMMA drukas eti\u0137etes ar savu izcilo iztur\u012bbu, daudzpus\u012bbu un est\u0113tisko pievilc\u012bbu ir uzticama izv\u0113le uz\u0146\u0113mumiem un priv\u0101tperson\u0101m, kas mekl\u0113 augstas kvalit\u0101tes mar\u0137\u0113\u0161anas risin\u0101jumus. Izv\u0113lieties PMMA eti\u0137etes n\u0101kamajam mar\u0137\u0113\u0161anas projektam un izbaudiet at\u0161\u0137ir\u012bbas veiktsp\u0113jas un vizu\u0101l\u0101 iespaida zi\u0146\u0101.<\/p>","protected":false},"featured_media":1978,"template":"","meta":[],"product_brand":[],"product_cat":[15],"product_tag":[],"class_list":{"0":"post-1977","1":"product","2":"type-product","3":"status-publish","4":"has-post-thumbnail","6":"product_cat-print-label","8":"first","9":"instock","10":"shipping-taxable","11":"product-type-simple"},"_links":{"self":[{"href":"https:\/\/membraneswitchmfg.com\/lv\/wp-json\/wp\/v2\/product\/1977","targetHints":{"allow":["GET"]}}],"collection":[{"href":"https:\/\/membraneswitchmfg.com\/lv\/wp-json\/wp\/v2\/product"}],"about":[{"href":"https:\/\/membraneswitchmfg.com\/lv\/wp-json\/wp\/v2\/types\/product"}],"wp:featuredmedia":[{"embeddable":true,"href":"https:\/\/membraneswitchmfg.com\/lv\/wp-json\/wp\/v2\/media\/1978"}],"wp:attachment":[{"href":"https:\/\/membraneswitchmfg.com\/lv\/wp-json\/wp\/v2\/media?parent=1977"}],"wp:term":[{"taxonomy":"product_brand","embeddable":true,"href":"https:\/\/membraneswitchmfg.com\/lv\/wp-json\/wp\/v2\/product_brand?post=1977"},{"taxonomy":"product_cat","embeddable":true,"href":"https:\/\/membraneswitchmfg.com\/lv\/wp-json\/wp\/v2\/product_cat?post=1977"},{"taxonomy":"product_tag","embeddable":true,"href":"https:\/\/membraneswitchmfg.com\/lv\/wp-json\/wp\/v2\/product_tag?post=1977"}],"curies":[{"name":"wp","href":"https:\/\/api.w.org\/{rel}","templated":true}]}}