{"id":2225,"date":"2024-07-22T14:19:03","date_gmt":"2024-07-22T14:19:03","guid":{"rendered":"https:\/\/membraneswitchmfg.com\/manufacturer\/silicone-keypad\/"},"modified":"2024-07-25T05:39:12","modified_gmt":"2024-07-25T05:39:12","slug":"silicone-keypad","status":"publish","type":"product","link":"https:\/\/membraneswitchmfg.com\/lv\/manufacturer\/silicone-keypad\/","title":{"rendered":"Silikona tastat\u016bra"},"content":{"rendered":"<h3><strong>Silikona tastat\u016bras galven\u0101s funkcijas:<\/strong><\/h3>\n<p>1.Durability: Izgatavotas no augstas kvalit\u0101tes silikona gumijas, m\u016bsu tastat\u016bras ir iztur\u012bgas pret ekstr\u0113m\u0101m temperat\u016br\u0101m, mitrumu un nodilumu, nodro\u0161inot ilgm\u016b\u017e\u012bgu un iztur\u012bgu risin\u0101jumu jebkurai videi.<\/p>\n<p>M\u016bsu silikona tastat\u016bras tausti\u0146u kalpo\u0161anas laiks var sasniegt:<\/p>\n<ul>\n<li>1000K rei\u017eu<\/li>\n<li>2000K rei\u017eu<\/li>\n<li>5000K reizes <strong>(ilg\u0101kais kalpo\u0161anas laiks nozar\u0113)<\/strong><\/li>\n<\/ul>\n<p>2.Taktil\u0101 atgriezenisk\u0101 saite: \u0160\u012bs tastat\u016bras, kas izstr\u0101d\u0101tas, lai nodro\u0161in\u0101tu precizit\u0101ti, nodro\u0161ina izcilu taktil\u0101s atgriezenisko saiti, uzlabojot lietot\u0101ja pieredzi, nodro\u0161inot atsauc\u012bgu un apmierino\u0161u piesk\u0101rienu ar katru nospie\u0161anu.<\/p>\n<p>3.Piel\u0101gojam\u012bba: M\u016bsu silikona tastat\u016bras ir pieejamas da\u017e\u0101d\u0101s form\u0101s, izm\u0113ros un kr\u0101s\u0101s, t\u0101p\u0113c t\u0101s var piel\u0101got atbilsto\u0161i j\u016bsu projekta vajadz\u012bb\u0101m. Ir pieejamas ar\u012b piel\u0101gotas le\u0123endas, fona apgaismojuma iesp\u0113jas un da\u017e\u0101di ciet\u012bbas l\u012bme\u0146i.Kop\u0113jie izm\u0113ri atbilst nozares standartiem M1, M2 un M3.<\/p>\n<p>4.Versatility: Ide\u0101li piem\u0113rots lietojumiem pla\u0161a pat\u0113ri\u0146a elektronik\u0101, medic\u012bnas ier\u012bc\u0113s, r\u016bpnieciskaj\u0101s kontrolier\u012bc\u0113s, automobi\u013cu sist\u0113m\u0101s un citur. Silikona materi\u0101ls nodro\u0161ina lielisku elast\u012bbu, t\u0101p\u0113c tas ir piem\u0113rots sare\u017e\u0123\u012btiem dizainparaugiem un izk\u0101rtojumiem.<\/p>\n<p>5.Viegla integr\u0101cija: M\u016bsu tastat\u016bras ir sader\u012bgas ar da\u017e\u0101da veida saskarn\u0113m, tostarp ar PCB mont\u0113jamiem risin\u0101jumiem un membr\u0101nu sl\u0113d\u017eu komplektiem.<\/p>\n<p>6.Zero-defect melno plankumu kontrole: M\u016bsu silikona tastat\u016bras, izmantojot progres\u012bvus ra\u017eo\u0161anas procesus un stingras kvalit\u0101tes kontroles sist\u0113mas, nodro\u0161ina nulles \u0101r\u0113j\u0101 izskata defektus, garant\u0113jot, ka katrs produkts atbilst visaugst\u0101kajiem \u0101r\u0113j\u0101 izskata kvalit\u0101tes standartiem.<\/p>\n<p>&nbsp;<\/p>\n<h3><strong>Silikona tastat\u016bras lietojumprogrammas:<\/strong><\/h3>\n<p>1.Pla\u0161a pat\u0113ri\u0146a elektronika: Lieto\u0161ana: lieliski piem\u0113rots t\u0101lvad\u012bbas pult\u012bm, sp\u0113\u013cu ier\u012bc\u0113m un rokas s\u012bkr\u012bkiem.<\/p>\n<p>2.Medic\u012bnisk\u0101s ier\u012bces: Ide\u0101li piem\u0113rots pacientu monitoriem, diagnostikas iek\u0101rt\u0101m un valk\u0101jamai vesel\u012bbas tehnikai.<\/p>\n<p>3.R\u016bpniecisk\u0101s vad\u012bbas sist\u0113mas: Pietiekami iztur\u012bgas ma\u0161\u012bnu vad\u012bbas ier\u012bc\u0113m, m\u0113rinstrumentu pane\u013ciem un \u0101ra iek\u0101rt\u0101m.<\/p>\n<p>4.Automobi\u013cu sist\u0113mas: Automobi\u013cu sist\u0113mas: uzticamas instrumentu pane\u013ca vad\u012bbas ier\u012bc\u0113m, inform\u0101cijas un izklaides sist\u0113m\u0101m un bezatsl\u0113gas ieejas sist\u0113m\u0101m.<\/p>","protected":false},"excerpt":{"rendered":"<p>Izbaudiet augst\u0101ko taktil\u0101s apmierin\u0101t\u012bbas un funkcionalit\u0101tes pak\u0101pi ar m\u016bsu silikona klaviat\u016br\u0101m. \u0160\u012bs tastat\u016bras, kas paredz\u0113tas visda\u017e\u0101d\u0101kajiem lietojumiem, s\u0101kot no pla\u0161a pat\u0113ri\u0146a elektronikas l\u012bdz r\u016bpniecisk\u0101m iek\u0101rt\u0101m, pied\u0101v\u0101 nep\u0101rsp\u0113jamu veiktsp\u0113ju, uzticam\u012bbu un piel\u0101gojam\u012bbu.Neatkar\u012bgi no t\u0101, vai t\u0101s tiek izmantotas pat\u0113ri\u0146a elektronik\u0101, medic\u012bnas iek\u0101rt\u0101s vai r\u016bpnieciskaj\u0101 kontrol\u0113, j\u016bs varat pa\u013cauties uz m\u016bsu silikona tastat\u016br\u0101m, kas nodro\u0161ina nevainojamu izskatu un izcilu lieto\u0161anas pieredzi.<\/p>","protected":false},"featured_media":1735,"template":"","meta":[],"product_brand":[],"product_cat":[39],"product_tag":[],"class_list":{"0":"post-2225","1":"product","2":"type-product","3":"status-publish","4":"has-post-thumbnail","6":"product_cat-silicone-rubber","8":"first","9":"instock","10":"shipping-taxable","11":"product-type-simple"},"_links":{"self":[{"href":"https:\/\/membraneswitchmfg.com\/lv\/wp-json\/wp\/v2\/product\/2225","targetHints":{"allow":["GET"]}}],"collection":[{"href":"https:\/\/membraneswitchmfg.com\/lv\/wp-json\/wp\/v2\/product"}],"about":[{"href":"https:\/\/membraneswitchmfg.com\/lv\/wp-json\/wp\/v2\/types\/product"}],"wp:featuredmedia":[{"embeddable":true,"href":"https:\/\/membraneswitchmfg.com\/lv\/wp-json\/wp\/v2\/media\/1735"}],"wp:attachment":[{"href":"https:\/\/membraneswitchmfg.com\/lv\/wp-json\/wp\/v2\/media?parent=2225"}],"wp:term":[{"taxonomy":"product_brand","embeddable":true,"href":"https:\/\/membraneswitchmfg.com\/lv\/wp-json\/wp\/v2\/product_brand?post=2225"},{"taxonomy":"product_cat","embeddable":true,"href":"https:\/\/membraneswitchmfg.com\/lv\/wp-json\/wp\/v2\/product_cat?post=2225"},{"taxonomy":"product_tag","embeddable":true,"href":"https:\/\/membraneswitchmfg.com\/lv\/wp-json\/wp\/v2\/product_tag?post=2225"}],"curies":[{"name":"wp","href":"https:\/\/api.w.org\/{rel}","templated":true}]}}