{"id":2227,"date":"2024-07-22T14:19:04","date_gmt":"2024-07-22T14:19:04","guid":{"rendered":"https:\/\/membraneswitchmfg.com\/manufacturer\/silicone-gasket\/"},"modified":"2024-07-25T06:04:54","modified_gmt":"2024-07-25T06:04:54","slug":"silicone-gasket","status":"publish","type":"product","link":"https:\/\/membraneswitchmfg.com\/lv\/manufacturer\/silicone-gasket\/","title":{"rendered":"Silikona bl\u012bve"},"content":{"rendered":"<h2><strong>Galven\u0101s funkcijas:<\/strong><\/h2>\n<p>1.High-Temperature iztur\u012bba: M\u016bsu silikona bl\u012bves var iztur\u0113t ekstr\u0113mas temperat\u016bras, s\u0101kot no -60\u00b0C l\u012bdz 230\u00b0C, t\u0101p\u0113c t\u0101s ir piem\u0113rotas gan augstas temperat\u016bras, gan sasal\u0161anas vid\u0113m.<\/p>\n<p>2.Excellent Elast\u012bba un elast\u012bba: Silikonam piem\u012bto\u0161\u0101 elast\u012bba \u013cauj m\u016bsu bl\u012bv\u0113m piel\u0101goties neregul\u0101r\u0101m virsm\u0101m, nodro\u0161inot herm\u0113tisku un uzticamu bl\u012bv\u0113jumu pat augsta spiediena apst\u0101k\u013cos.<\/p>\n<p>3.Superior \u0137\u012bmisk\u0101 iztur\u012bba: M\u016bsu silikona bl\u012bves ir iztur\u012bgas pret da\u017e\u0101d\u0101m \u0137\u012bmisk\u0101m viel\u0101m, e\u013c\u013c\u0101m un \u0161\u0137\u012bdin\u0101t\u0101jiem, t\u0101p\u0113c t\u0101s saglab\u0101 savu integrit\u0101ti un veiktsp\u0113ju vissare\u017e\u0123\u012bt\u0101kaj\u0101s vid\u0113s.<\/p>\n<p>4.Long-Lasting iztur\u012bba: \u0160\u012bs bl\u012bves, kas paredz\u0113tas ilgm\u016b\u017e\u012bbai, ir iztur\u012bgas pret noveco\u0161anu, laikapst\u0101k\u013cu iedarb\u012bbu un UV starojumu, nodro\u0161inot ilg\u0101ku kalpo\u0161anas laiku ar minim\u0101lu apkopi.<\/p>\n<p>5.FDA un medic\u012bnisk\u0101s pak\u0101pes opcijas: M\u016bsu silikona bl\u012bves ir pieejamas p\u0101rtikas un medic\u012bnisk\u0101s kvalit\u0101tes variantos, t\u0101p\u0113c t\u0101s ir dro\u0161as izmanto\u0161anai p\u0101rtikas r\u016bpniec\u012bb\u0101, farm\u0101cij\u0101 un vesel\u012bbas apr\u016bp\u0113.<\/p>\n<h2><strong>Silikona bl\u012bve Pieteikumi:<\/strong><\/h2>\n<p>1.Automobi\u013cu nozare: Ide\u0101li piem\u0113rots dzin\u0113jiem, transmisij\u0101m un izpl\u016bdes sist\u0113m\u0101m, nodro\u0161inot uzticamu bl\u012bv\u0113jumu ekstrem\u0101los apst\u0101k\u013cos.<\/p>\n<p>2.R\u016bpniecisk\u0101s iek\u0101rtas: Piem\u0113rots s\u016bk\u0146iem, kompresoriem un meh\u0101nismiem, nov\u0113r\u0161ot nopl\u016bdes un nodro\u0161inot efekt\u012bvu darb\u012bbu.<\/p>\n<p>3.P\u0101rtika un dz\u0113rieni: Nodro\u0161inot higi\u0113nas un dro\u0161\u012bbas standartus, lieliski piem\u0113rots p\u0101rtikas p\u0101rstr\u0101des iek\u0101rtu bl\u012bv\u0113\u0161anai.<\/p>\n<p>4.Medic\u012bnisk\u0101s ier\u012bces: Dro\u0161a lieto\u0161ana medic\u012bnas ier\u012bc\u0113s un iek\u0101rt\u0101s, nodro\u0161inot uzticamu bl\u012bv\u0113jumu kritiskos gad\u012bjumos.<\/p>\n<p>5.Elektronika: Efekt\u012bvs bl\u012bv\u0113jums elektroniskajos korpusos, aizsarg\u0101jot jut\u012bgus komponentus no mitruma un putek\u013ciem.<\/p>","protected":false},"excerpt":{"rendered":"<p>Atkl\u0101jiet vislab\u0101ko bl\u012bv\u0113\u0161anas risin\u0101jumu ar m\u016bsu augst\u0101k\u0101s kvalit\u0101tes silikona bl\u012bv\u0113m. \u0160\u012bs bl\u012bves ir izstr\u0101d\u0101tas, lai nodro\u0161in\u0101tu izcilu veiktsp\u0113ju, un ir paredz\u0113tas da\u017e\u0101du nozaru stingraj\u0101m pras\u012bb\u0101m, nodro\u0161inot perfektu bl\u012bv\u0113jumu katru reizi. Neatkar\u012bgi no t\u0101, vai v\u0113laties uzlabot sava apr\u012bkojuma iztur\u012bbu vai nodro\u0161in\u0101t herm\u0113tisku vidi, m\u016bsu silikona bl\u012bves ir ide\u0101la izv\u0113le. m\u016bsu ap\u0146em\u0161an\u0101s nodro\u0161in\u0101t kvalit\u0101ti un inov\u0101cijas garant\u0113, ka m\u016bsu silikona bl\u012bves atbilst visaugst\u0101kajiem nozares standartiem. M\u0113s pied\u0101v\u0101jam pla\u0161u izm\u0113ru, formu un piel\u0101gotu variantu kl\u0101stu, lai atbilstu j\u016bsu \u012bpa\u0161aj\u0101m vajadz\u012bb\u0101m. Pateicoties m\u016bsu ekspertu komandai un progres\u012bviem ra\u017eo\u0161anas procesiem, m\u0113s nodro\u0161in\u0101m bl\u012bves, kas nodro\u0161ina nemain\u012bgu veiktsp\u0113ju un uzticam\u012bbu.<\/p>","protected":false},"featured_media":2216,"template":"","meta":[],"product_brand":[],"product_cat":[39],"product_tag":[],"class_list":{"0":"post-2227","1":"product","2":"type-product","3":"status-publish","4":"has-post-thumbnail","6":"product_cat-silicone-rubber","8":"first","9":"instock","10":"shipping-taxable","11":"product-type-simple"},"_links":{"self":[{"href":"https:\/\/membraneswitchmfg.com\/lv\/wp-json\/wp\/v2\/product\/2227","targetHints":{"allow":["GET"]}}],"collection":[{"href":"https:\/\/membraneswitchmfg.com\/lv\/wp-json\/wp\/v2\/product"}],"about":[{"href":"https:\/\/membraneswitchmfg.com\/lv\/wp-json\/wp\/v2\/types\/product"}],"wp:featuredmedia":[{"embeddable":true,"href":"https:\/\/membraneswitchmfg.com\/lv\/wp-json\/wp\/v2\/media\/2216"}],"wp:attachment":[{"href":"https:\/\/membraneswitchmfg.com\/lv\/wp-json\/wp\/v2\/media?parent=2227"}],"wp:term":[{"taxonomy":"product_brand","embeddable":true,"href":"https:\/\/membraneswitchmfg.com\/lv\/wp-json\/wp\/v2\/product_brand?post=2227"},{"taxonomy":"product_cat","embeddable":true,"href":"https:\/\/membraneswitchmfg.com\/lv\/wp-json\/wp\/v2\/product_cat?post=2227"},{"taxonomy":"product_tag","embeddable":true,"href":"https:\/\/membraneswitchmfg.com\/lv\/wp-json\/wp\/v2\/product_tag?post=2227"}],"curies":[{"name":"wp","href":"https:\/\/api.w.org\/{rel}","templated":true}]}}