{"id":2274,"date":"2024-07-26T02:52:22","date_gmt":"2024-07-26T02:52:22","guid":{"rendered":"https:\/\/membraneswitchmfg.com\/?post_type=product&#038;p=2274"},"modified":"2024-09-19T12:54:44","modified_gmt":"2024-09-19T12:54:44","slug":"magnetic-switch","status":"publish","type":"product","link":"https:\/\/membraneswitchmfg.com\/lv\/manufacturer\/magnetic-switch\/","title":{"rendered":"Magn\u0113tiskais sl\u0113dzis"},"content":{"rendered":"<h4><strong><b>Galven\u0101s funkcijas:<\/b><\/strong><\/h4>\n<p><strong>1.<\/strong><strong>Nepieredz\u0113ta iztur\u012bba<\/strong>: M\u016bsu izstr\u0101d\u0101jums, kas paredz\u0113ts l\u012bdz pat 10 miljoniem nospiedumu, nodro\u0161ina nemain\u012bgu veiktsp\u0113ju un uzticam\u012bbu ilg\u0101k\u0101 laika posm\u0101, padarot to par rentablu izv\u0113li ilgtermi\u0146a lietojumiem.<\/p>\n<p><strong>2.<\/strong><strong>Daudzpus\u012bgi lietojumi<\/strong>: Pa\u0161laik m\u016bsu magn\u0113tiskais sl\u0113dzis tiek pla\u0161i izmantots da\u017e\u0101d\u0101s nozar\u0113s ar augstu piepras\u012bjumu, tostarp:<\/p>\n<ul>\n<li><strong>Medic\u012bniskais apr\u012bkojums<\/strong>: M\u016bsu sl\u0113dzis, kas nodro\u0161ina prec\u012bzu un uzticamu vad\u012bbu, ir svar\u012bgs medic\u012bnas ier\u012b\u010du komponents, nodro\u0161inot dro\u0161\u012bbu un uzticam\u012bbu vesel\u012bbas apr\u016bpes vid\u0113.<\/li>\n<li><strong>Skrejceli\u0146i<\/strong>: Integr\u0113ts fitnesa apr\u012bkojum\u0101, m\u016bsu sl\u0113dzis garant\u0113 vienm\u0113r\u012bgu darb\u012bbu un uzlabo lietot\u0101ja pieredzi, izturot stingras bie\u017eas lieto\u0161anas pras\u012bbas.<\/li>\n<\/ul>\n<h4><strong><b>K\u0101p\u0113c izv\u0113l\u0113ties m\u016bsu magn\u0113tisko sl\u0113dzi?<\/b><\/strong><\/h4>\n<p><strong>1.<\/strong><strong>Nep\u0101rsp\u0113jams kalpo\u0161anas ilgums<\/strong>: K\u0101 vien\u012bgais magn\u0113tiskais sl\u0113dzis viet\u0113j\u0101 tirg\u016b ar 10 miljonu nospie\u0161anas rei\u017eu ilgumu, m\u0113s uzst\u0101d\u0101m ilgiztur\u012bbas standartu.<\/p>\n<p><strong>2.<\/strong><strong>Uzticam\u012bba kritisk\u0101s lietojumprogramm\u0101s<\/strong>: M\u016bsu sl\u0113dzim uzticas medic\u012bnas iek\u0101rt\u0101s, kur uzticam\u012bba un precizit\u0101te ir vissvar\u012bg\u0101k\u0101.<\/p>\n<p><strong>3.<\/strong><strong>Veiktsp\u0113ja augstas lieto\u0161anas vides apst\u0101k\u013cos<\/strong>: M\u016bsu sl\u0113dzis, kas tiek izmantots skrejceli\u0146os, pier\u0101da savu iztur\u012bbu augstas noslodzes un intens\u012bvas lieto\u0161anas apst\u0101k\u013cos.<\/p>","protected":false},"excerpt":{"rendered":"<p>Iepaz\u012bstin\u0101m ar m\u016bsu uzlaboto <span class=\"Y2IQFc\" lang=\"en\">Magn\u0113tiskais membr\u0101nas sl\u0113dzis<\/span>, kas ir ilgm\u016b\u017e\u012bbas un uzticam\u012bbas apliecin\u0101jums tirg\u016b. Izcils ra\u017eojuma kalpo\u0161anas ilgums l\u012bdz pat 20 gadiem. <strong>10 miljoni preses vien\u012bbu<\/strong>, m\u016bsu magn\u0113tiskais sl\u0113dzis ir <strong>vien\u012bg\u0101 \u0161\u0101da veida ier\u012bce viet\u0113j\u0101 tirg\u016b, kas pied\u0101v\u0101 \u0161\u0101du ilgm\u016b\u017e\u012bbu.<\/strong>.Introducing our advanced Magnetic Switch, kas iemieso iztur\u012bbu un uzticam\u012bbu tirg\u016b. M\u016bsu magn\u0113tiskais sl\u0113dzis ir vien\u012bgais \u0161\u0101da veida sl\u0113dzis viet\u0113j\u0101 tirg\u016b, kas pied\u0101v\u0101 \u0161\u0101du ilgm\u016b\u017e\u012bbu, un t\u0101 iev\u0113rojamais produkta kalpo\u0161anas laiks ir l\u012bdz pat 10 miljoniem nospiedumu.<\/p>","protected":false},"featured_media":2435,"template":"","meta":[],"product_brand":[],"product_cat":[40],"product_tag":[],"class_list":{"0":"post-2274","1":"product","2":"type-product","3":"status-publish","4":"has-post-thumbnail","6":"product_cat-membrane-switch","8":"first","9":"instock","10":"shipping-taxable","11":"product-type-simple"},"_links":{"self":[{"href":"https:\/\/membraneswitchmfg.com\/lv\/wp-json\/wp\/v2\/product\/2274","targetHints":{"allow":["GET"]}}],"collection":[{"href":"https:\/\/membraneswitchmfg.com\/lv\/wp-json\/wp\/v2\/product"}],"about":[{"href":"https:\/\/membraneswitchmfg.com\/lv\/wp-json\/wp\/v2\/types\/product"}],"wp:featuredmedia":[{"embeddable":true,"href":"https:\/\/membraneswitchmfg.com\/lv\/wp-json\/wp\/v2\/media\/2435"}],"wp:attachment":[{"href":"https:\/\/membraneswitchmfg.com\/lv\/wp-json\/wp\/v2\/media?parent=2274"}],"wp:term":[{"taxonomy":"product_brand","embeddable":true,"href":"https:\/\/membraneswitchmfg.com\/lv\/wp-json\/wp\/v2\/product_brand?post=2274"},{"taxonomy":"product_cat","embeddable":true,"href":"https:\/\/membraneswitchmfg.com\/lv\/wp-json\/wp\/v2\/product_cat?post=2274"},{"taxonomy":"product_tag","embeddable":true,"href":"https:\/\/membraneswitchmfg.com\/lv\/wp-json\/wp\/v2\/product_tag?post=2274"}],"curies":[{"name":"wp","href":"https:\/\/api.w.org\/{rel}","templated":true}]}}