{"id":1790,"date":"2024-06-24T05:57:57","date_gmt":"2024-06-24T05:57:57","guid":{"rendered":"https:\/\/membraneswitchmfg.com\/manufacturer\/antimicrobial-membrane-switch\/"},"modified":"2024-06-25T13:35:10","modified_gmt":"2024-06-25T13:35:10","slug":"antimicrobial-membrane-switch","status":"publish","type":"product","link":"https:\/\/membraneswitchmfg.com\/nl\/manufacturer\/antimicrobial-membrane-switch\/","title":{"rendered":"Antimicrobi\u00eble membraanschakelaar"},"content":{"rendered":"<h2><strong><b>Antimicrobi\u00eble membraanschakelaars: Ziektekiemen bestrijden en de veiligheid van de gebruiker vergroten<\/b><\/strong><\/h2>\n<p><strong>Bescherming tegen schadelijke micro-organismen<\/strong><\/p>\n<p>Antimicrobi\u00eble membraanschakelaars zijn doordrenkt met antimicrobi\u00eble stoffen, zoals zilverionen of koperadditieven, die de groei van bacteri\u00ebn, schimmels en virussen actief remmen. Deze actieve bescherming helpt kruisbesmetting en de verspreiding van infecties te voorkomen, vooral in kritieke zorgomgevingen.<\/p>\n<ul>\n<li><strong>Het risico op nosocomiale infecties verminderen<\/strong><\/li>\n<li><strong>Beschermen tegen de verspreiding van ziekteverwekkers in openbare ruimten<\/strong><\/li>\n<li><strong>Een hygi\u00ebnische omgeving in industri\u00eble omgevingen handhaven<\/strong><\/li>\n<\/ul>\n<p><strong>Meer veiligheid en welzijn voor de gebruiker<\/strong><\/p>\n<p>Door de antimicrobi\u00eble bescherming dragen membraanschakelaars bij aan een veiligere en gezondere omgeving voor gebruikers. Dit is vooral belangrijk in omgevingen waar veelvuldig contact met oppervlakken plaatsvindt, zoals ziekenhuizen, laboratoria en ruimten waar voedsel wordt bereid.<\/p>\n<ul>\n<li><strong>Handhygi\u00ebne en infectiepreventie bevorderen<\/strong><\/li>\n<li><strong>Kwetsbare bevolkingsgroepen beschermen tegen infecties<\/strong><\/li>\n<li><strong>Cre\u00eber een gevoel van veiligheid en vertrouwen voor gebruikers<\/strong><\/li>\n<\/ul>\n<p><strong>Duurzaam en functioneel ontwerp<\/strong><\/p>\n<p>Antimicrobi\u00eble membraanschakelaars zijn niet alleen effectief tegen ziektekiemen, maar behouden ook de duurzaamheid en functionaliteit die je verwacht van standaard membraanschakelaars. Ze zijn ontworpen om veelvuldig gebruik, agressieve schoonmaakmiddelen en veeleisende omgevingen te weerstaan.<\/p>\n<ul>\n<li><strong>Scherpe en responsieve tactiele feedback<\/strong><\/li>\n<li><strong>Bestand tegen krassen, chemicali\u00ebn en UV-stralen<\/strong><\/li>\n<li><strong>Langdurige prestaties in drukbezochte gebieden<\/strong><\/li>\n<\/ul>\n<p><strong>Toepassingen<\/strong><\/p>\n<p>Antimicrobi\u00eble membraanschakelaars worden op grote schaal gebruikt in uiteenlopende toepassingen waar hygi\u00ebne en infectiebeheersing van cruciaal belang zijn, zoals:<\/p>\n<ul>\n<li><strong>Zorginstellingen:<\/strong>Ziekenhuizen, klinieken, laboratoria<\/li>\n<li><strong>Openbare ruimtes:<\/strong>Luchthavens, vervoersknooppunten, scholen<\/li>\n<li><strong>Industri\u00eble omgevingen:<\/strong>Voedselverwerking, productie, cleanrooms<\/li>\n<li><strong>Commerci\u00eble omgevingen:<\/strong>Winkels, restaurants, hotels<\/li>\n<\/ul>\n<p><strong>Werk samen met een ervaren fabrikant van antimicrobi\u00eble membraanschakelaars<\/strong><\/p>\n<p>Met onze jarenlange expertise op het gebied van antimicrobi\u00eble technologie en de productie van membraanschakelaars zijn wij uw betrouwbare bron voor antimicrobi\u00eble membraanschakelaars van hoge kwaliteit. Ons team van experts werkt nauw met u samen om uw specifieke behoeften te begrijpen en oplossingen op maat te leveren die de veiligheid en het welzijn van de gebruiker verbeteren.<\/p>\n<p><strong>Neem vandaag nog contact met ons op<\/strong>\u00a0voor meer informatie over onze antimicrobi\u00eble membraanschakelaaroplossingen en hoe we u kunnen helpen een schonere, veiligere en gezondere omgeving voor uw gebruikers te cre\u00ebren.<\/p>","protected":false},"excerpt":{"rendered":"<p>In de gezondheidszorg, openbare ruimten en industri\u00eble omgevingen is het van het grootste belang om een schone en hygi\u00ebnische omgeving te handhaven. Antimicrobi\u00eble membraanschakelaars spelen hierbij een cruciale rol door antimicrobi\u00eble eigenschappen in hun ontwerp op te nemen, waardoor de groei van schadelijke micro-organismen effectief wordt tegengegaan.<\/p>","protected":false},"featured_media":1766,"template":"","meta":[],"product_brand":[],"product_cat":[40],"product_tag":[],"class_list":{"0":"post-1790","1":"product","2":"type-product","3":"status-publish","4":"has-post-thumbnail","6":"product_cat-membrane-switch","8":"first","9":"instock","10":"shipping-taxable","11":"product-type-simple"},"_links":{"self":[{"href":"https:\/\/membraneswitchmfg.com\/nl\/wp-json\/wp\/v2\/product\/1790","targetHints":{"allow":["GET"]}}],"collection":[{"href":"https:\/\/membraneswitchmfg.com\/nl\/wp-json\/wp\/v2\/product"}],"about":[{"href":"https:\/\/membraneswitchmfg.com\/nl\/wp-json\/wp\/v2\/types\/product"}],"wp:featuredmedia":[{"embeddable":true,"href":"https:\/\/membraneswitchmfg.com\/nl\/wp-json\/wp\/v2\/media\/1766"}],"wp:attachment":[{"href":"https:\/\/membraneswitchmfg.com\/nl\/wp-json\/wp\/v2\/media?parent=1790"}],"wp:term":[{"taxonomy":"product_brand","embeddable":true,"href":"https:\/\/membraneswitchmfg.com\/nl\/wp-json\/wp\/v2\/product_brand?post=1790"},{"taxonomy":"product_cat","embeddable":true,"href":"https:\/\/membraneswitchmfg.com\/nl\/wp-json\/wp\/v2\/product_cat?post=1790"},{"taxonomy":"product_tag","embeddable":true,"href":"https:\/\/membraneswitchmfg.com\/nl\/wp-json\/wp\/v2\/product_tag?post=1790"}],"curies":[{"name":"wp","href":"https:\/\/api.w.org\/{rel}","templated":true}]}}