{"id":1686,"date":"2024-06-22T14:56:03","date_gmt":"2024-06-22T14:56:03","guid":{"rendered":"https:\/\/membraneswitchmfg.com\/manufacturer\/ul-high-temperature-resistant-certification-label\/"},"modified":"2024-06-26T00:55:30","modified_gmt":"2024-06-26T00:55:30","slug":"ul-high-temperature-resistant-certification-label","status":"publish","type":"product","link":"https:\/\/membraneswitchmfg.com\/pl\/manufacturer\/ul-high-temperature-resistant-certification-label\/","title":{"rendered":"Etykieta certyfikacyjna odporno\u015bci na wysok\u0105 temperatur\u0119 UL"},"content":{"rendered":"<h2 class=\"\" data-sourcepos=\"1:1-1:109\">Etykiety z certyfikatem UL odporne na wysokie temperatury: Zapewnienie bezpiecze\u0144stwa i trwa\u0142o\u015bci w ekstremalnych warunkach<\/h2>\n<p data-sourcepos=\"3:1-3:104\">Chro\u0144 swoje produkty i mark\u0119 dzi\u0119ki etykietom z certyfikatem UL odpornym na wysokie temperatury, kt\u00f3re wytrzymuj\u0105 trudne warunki.<\/p>\n<p data-sourcepos=\"5:1-5:49\"><strong>Niezr\u00f3wnana trwa\u0142o\u015b\u0107 w ekstremalnych warunkach<\/strong><\/p>\n<p data-sourcepos=\"7:1-7:155\">Nasze etykiety z certyfikatem UL odporne na wysokie temperatury s\u0105 wykonane z materia\u0142\u00f3w najwy\u017cszej jako\u015bci, kt\u00f3re wytrzymuj\u0105 ci\u0105g\u0142e nara\u017cenie na temperatury od -40\u00b0C do 500\u00b0C (-40\u00b0F do 932\u00b0F). S\u0105 odporne na blakni\u0119cie, rozdarcia i degradacj\u0119 chemiczn\u0105, dzi\u0119ki czemu idealnie nadaj\u0105 si\u0119 do stosowania w szerokim zakresie zastosowa\u0144.<\/p>\n<p data-sourcepos=\"9:1-9:38\"><strong>Certyfikat UL dla spokoju ducha<\/strong><\/p>\n<p data-sourcepos=\"11:1-11:62\">Nasze etykiety UL odporne na wysokie temperatury s\u0105 rygorystycznie testowane i certyfikowane przez Underwriters Laboratories (UL), \u015bwiatowego lidera w dziedzinie standard\u00f3w bezpiecze\u0144stwa. Certyfikat ten zapewnia, \u017ce nasze etykiety spe\u0142niaj\u0105 najwy\u017csze standardy trwa\u0142o\u015bci, wydajno\u015bci i bezpiecze\u0144stwa.<\/p>\n<p data-sourcepos=\"13:1-13:89\"><strong>Wsp\u00f3\u0142praca z dostawcami chi\u0144skich drukarek kod\u00f3w kreskowych zapewnia najwy\u017csz\u0105 jako\u015b\u0107 i fachow\u0105 wiedz\u0119<\/strong><\/p>\n<p data-sourcepos=\"15:1-15:207\">W China Label Barcode Printer Suppliers dok\u0142adamy wszelkich stara\u0144, aby zapewni\u0107 naszym klientom najwy\u017cszej jako\u015bci etykiety UL odporne na wysokie temperatury oraz wiedz\u0119 specjalistyczn\u0105, aby sprosta\u0107 ich specyficznym potrzebom aplikacyjnym.<\/p>\n<p data-sourcepos=\"17:1-17:82\"><strong>Skontaktuj si\u0119 z nami ju\u017c dzi\u015b<\/strong> aby dowiedzie\u0107 si\u0119 wi\u0119cej o naszych etykietach UL odpornych na wysokie temperatury.<\/p>","protected":false},"excerpt":{"rendered":"<p>Etykieta certyfikacyjna UL odporna na wysokie temperatury potwierdza, \u017ce produkt zosta\u0142 przetestowany i certyfikowany przez UL (Underwriters Laboratories) pod k\u0105tem bezpiecznego wytrzymywania wysokich temperatur.<\/p>","protected":false},"featured_media":1660,"template":"","meta":[],"product_brand":[],"product_cat":[15],"product_tag":[],"class_list":{"0":"post-1686","1":"product","2":"type-product","3":"status-publish","4":"has-post-thumbnail","6":"product_cat-print-label","8":"first","9":"instock","10":"shipping-taxable","11":"product-type-simple"},"_links":{"self":[{"href":"https:\/\/membraneswitchmfg.com\/pl\/wp-json\/wp\/v2\/product\/1686","targetHints":{"allow":["GET"]}}],"collection":[{"href":"https:\/\/membraneswitchmfg.com\/pl\/wp-json\/wp\/v2\/product"}],"about":[{"href":"https:\/\/membraneswitchmfg.com\/pl\/wp-json\/wp\/v2\/types\/product"}],"wp:featuredmedia":[{"embeddable":true,"href":"https:\/\/membraneswitchmfg.com\/pl\/wp-json\/wp\/v2\/media\/1660"}],"wp:attachment":[{"href":"https:\/\/membraneswitchmfg.com\/pl\/wp-json\/wp\/v2\/media?parent=1686"}],"wp:term":[{"taxonomy":"product_brand","embeddable":true,"href":"https:\/\/membraneswitchmfg.com\/pl\/wp-json\/wp\/v2\/product_brand?post=1686"},{"taxonomy":"product_cat","embeddable":true,"href":"https:\/\/membraneswitchmfg.com\/pl\/wp-json\/wp\/v2\/product_cat?post=1686"},{"taxonomy":"product_tag","embeddable":true,"href":"https:\/\/membraneswitchmfg.com\/pl\/wp-json\/wp\/v2\/product_tag?post=1686"}],"curies":[{"name":"wp","href":"https:\/\/api.w.org\/{rel}","templated":true}]}}