{"id":1687,"date":"2024-06-22T14:56:03","date_gmt":"2024-06-22T14:56:03","guid":{"rendered":"https:\/\/membraneswitchmfg.com\/manufacturer\/csa-high-temperature-resistant-certification-label\/"},"modified":"2024-06-26T00:55:06","modified_gmt":"2024-06-26T00:55:06","slug":"csa-high-temperature-resistant-certification-label","status":"publish","type":"product","link":"https:\/\/membraneswitchmfg.com\/pl\/manufacturer\/csa-high-temperature-resistant-certification-label\/","title":{"rendered":"Etykieta certyfikacyjna odporno\u015bci na wysok\u0105 temperatur\u0119 CSA"},"content":{"rendered":"<h2 class=\"\" data-sourcepos=\"1:1-1:108\">Etykiety certyfikacyjne CSA odporne na wysokie temperatury: Zapewnienie zgodno\u015bci i bezpiecze\u0144stwa w trudnych warunkach \u015brodowiskowych<\/h2>\n<p data-sourcepos=\"3:1-3:119\">Chro\u0144 swoje produkty i mark\u0119 dzi\u0119ki etykietom odpornym na wysokie temperatury z certyfikatem CSA, kt\u00f3re wytrzymuj\u0105 ekstremalne warunki.<\/p>\n<p data-sourcepos=\"5:1-5:51\"><strong>Niezr\u00f3wnana wytrzyma\u0142o\u015b\u0107 w wymagaj\u0105cych \u015brodowiskach<\/strong><\/p>\n<p data-sourcepos=\"7:1-7:152\">Nasze odporne na wysokie temperatury etykiety CSA s\u0105 zaprojektowane tak, aby wytrzyma\u0107 najtrudniejsze warunki, zapewniaj\u0105c, \u017ce informacje o produkcie pozostan\u0105 wyra\u017ane, widoczne i zgodne z przepisami nawet w obliczu intensywnego ciep\u0142a, ostrych chemikali\u00f3w i zu\u017cycia \u015bciernego. Wykonane z najwy\u017cszej jako\u015bci materia\u0142\u00f3w, etykiety te mog\u0105 wytrzyma\u0107 ci\u0105g\u0142\u0105 ekspozycj\u0119 na temperatury w zakresie od -40\u00b0C do 500\u00b0C (-40\u00b0F do 932\u00b0F).<\/p>\n<p data-sourcepos=\"9:1-9:23\"><strong>Certyfikat CSA zapewniaj\u0105cy spok\u00f3j ducha<\/strong><\/p>\n<p data-sourcepos=\"11:1-11:433\">Nasze odporne na wysokie temperatury etykiety CSA s\u0105 rygorystycznie testowane i certyfikowane przez Canadian Standards Association (CSA), uznanego na ca\u0142ym \u015bwiecie lidera w dziedzinie standard\u00f3w bezpiecze\u0144stwa. Certyfikat ten gwarantuje, \u017ce nasze etykiety spe\u0142niaj\u0105 najwy\u017csze standardy trwa\u0142o\u015bci, wydajno\u015bci i bezpiecze\u0144stwa, zapewniaj\u0105c spok\u00f3j ducha, \u017ce identyfikacja produktu i oznaczenia bezpiecze\u0144stwa pozostan\u0105 nienaruszone nawet w najbardziej wymagaj\u0105cych \u015brodowiskach.<\/p>\n<p data-sourcepos=\"13:1-13:42\"><strong>Idealny do szerokiego zakresu zastosowa\u0144<\/strong><\/p>\n<p data-sourcepos=\"15:1-15:91\">Nasze odporne na wysokie temperatury etykiety CSA s\u0105 idealne do u\u017cytku w szerokim zakresie zastosowa\u0144, w tym:<\/p>\n<ul data-sourcepos=\"17:1-22:0\">\n<li data-sourcepos=\"17:1-17:36\">Maszyny i urz\u0105dzenia przemys\u0142owe<\/li>\n<li data-sourcepos=\"18:1-18:37\">Cz\u0119\u015bci samochodowe i lotnicze<\/li>\n<li data-sourcepos=\"19:1-19:28\">Urz\u0105dzenia i elektronika<\/li>\n<li data-sourcepos=\"20:1-20:17\">Urz\u0105dzenia medyczne<\/li>\n<li data-sourcepos=\"21:1-22:0\">Oznakowanie zewn\u0119trzne i etykiety<\/li>\n<\/ul>\n<p data-sourcepos=\"23:1-23:89\"><strong>Wsp\u00f3\u0142praca z dostawcami chi\u0144skich drukarek kod\u00f3w kreskowych zapewnia najwy\u017csz\u0105 jako\u015b\u0107 i fachow\u0105 wiedz\u0119<\/strong><\/p>\n<p data-sourcepos=\"25:1-25:353\">W China Label Barcode Printer Suppliers dok\u0142adamy wszelkich stara\u0144, aby zapewni\u0107 naszym klientom najwy\u017cszej jako\u015bci etykiety CSA odporne na wysokie temperatury oraz wiedz\u0119 specjalistyczn\u0105, aby spe\u0142ni\u0107 ich specyficzne potrzeby. Nasz zesp\u00f3\u0142 do\u015bwiadczonych specjalist\u00f3w mo\u017ce pom\u00f3c w wyborze odpowiedniego materia\u0142u etykiety, kleju i opcji drukowania dla unikalnych wymaga\u0144.<\/p>\n<p data-sourcepos=\"27:1-27:181\"><strong>Skontaktuj si\u0119 z nami ju\u017c dzi\u015b<\/strong> aby dowiedzie\u0107 si\u0119 wi\u0119cej o naszych etykietach odpornych na wysokie temperatury CSA i o tym, jak mo\u017cemy pom\u00f3c chroni\u0107 Twoje produkty i mark\u0119 nawet w najbardziej wymagaj\u0105cych \u015brodowiskach.<\/p>","protected":false},"excerpt":{"rendered":"<p>Etykieta certyfikatu odporno\u015bci na wysokie temperatury CSA oznacza, \u017ce produkt zosta\u0142 przetestowany i certyfikowany przez CSA (Canadian Standards Association) pod k\u0105tem skutecznego i bezpiecznego wytrzymywania wysokich temperatur.<\/p>","protected":false},"featured_media":1653,"template":"","meta":[],"product_brand":[],"product_cat":[15],"product_tag":[],"class_list":{"0":"post-1687","1":"product","2":"type-product","3":"status-publish","4":"has-post-thumbnail","6":"product_cat-print-label","8":"first","9":"instock","10":"shipping-taxable","11":"product-type-simple"},"_links":{"self":[{"href":"https:\/\/membraneswitchmfg.com\/pl\/wp-json\/wp\/v2\/product\/1687","targetHints":{"allow":["GET"]}}],"collection":[{"href":"https:\/\/membraneswitchmfg.com\/pl\/wp-json\/wp\/v2\/product"}],"about":[{"href":"https:\/\/membraneswitchmfg.com\/pl\/wp-json\/wp\/v2\/types\/product"}],"wp:featuredmedia":[{"embeddable":true,"href":"https:\/\/membraneswitchmfg.com\/pl\/wp-json\/wp\/v2\/media\/1653"}],"wp:attachment":[{"href":"https:\/\/membraneswitchmfg.com\/pl\/wp-json\/wp\/v2\/media?parent=1687"}],"wp:term":[{"taxonomy":"product_brand","embeddable":true,"href":"https:\/\/membraneswitchmfg.com\/pl\/wp-json\/wp\/v2\/product_brand?post=1687"},{"taxonomy":"product_cat","embeddable":true,"href":"https:\/\/membraneswitchmfg.com\/pl\/wp-json\/wp\/v2\/product_cat?post=1687"},{"taxonomy":"product_tag","embeddable":true,"href":"https:\/\/membraneswitchmfg.com\/pl\/wp-json\/wp\/v2\/product_tag?post=1687"}],"curies":[{"name":"wp","href":"https:\/\/api.w.org\/{rel}","templated":true}]}}