{"id":1688,"date":"2024-06-22T14:56:03","date_gmt":"2024-06-22T14:56:03","guid":{"rendered":"https:\/\/membraneswitchmfg.com\/manufacturer\/outdoor-sun-and-weather-resistant-certification-label\/"},"modified":"2024-06-26T00:54:35","modified_gmt":"2024-06-26T00:54:35","slug":"outdoor-sun-and-weather-resistant-certification-label","status":"publish","type":"product","link":"https:\/\/membraneswitchmfg.com\/pl\/manufacturer\/outdoor-sun-and-weather-resistant-certification-label\/","title":{"rendered":"Etykieta certyfikacyjna odporno\u015bci na s\u0142o\u0144ce i warunki atmosferyczne"},"content":{"rendered":"<h2 class=\"\" data-sourcepos=\"1:1-1:103\">Odporne na s\u0142o\u0144ce i warunki atmosferyczne etykiety certyfikacyjne do u\u017cytku zewn\u0119trznego: Trwa\u0142a ochrona Twoich oznacze\u0144 zewn\u0119trznych<\/h2>\n<p data-sourcepos=\"3:1-3:110\">Chro\u0144 swoje oznaczenia i etykiety zewn\u0119trzne przed trudnymi warunkami atmosferycznymi dzi\u0119ki naszym trwa\u0142ym i odpornym na warunki pogodowe etykietom certyfikacyjnym. Zaprojektowane, aby wytrzyma\u0107 nieustanne dzia\u0142anie s\u0142o\u0144ca, deszczu, wiatru i ekstremalnych temperatur, nasze etykiety zapewniaj\u0105, \u017ce Twoje wa\u017cne wiadomo\u015bci pozostan\u0105 czytelne, widoczne i zgodne z przepisami przez wiele lat.<\/p>\n<p data-sourcepos=\"5:1-5:49\"><strong>Unmatched Durability for Outdoor Environments<\/strong><\/p>\n<p data-sourcepos=\"7:1-7:266\">Wykonane z materia\u0142\u00f3w najwy\u017cszej jako\u015bci i z wykorzystaniem zaawansowanych technik drukowania, nasze odporne na s\u0142o\u0144ce i warunki atmosferyczne etykiety certyfikacyjne do u\u017cytku zewn\u0119trznego s\u0105 zbudowane z my\u015bl\u0105 o trwa\u0142o\u015bci. S\u0105 odporne na blakni\u0119cie, rozdarcia i degradacj\u0119 chemiczn\u0105, nawet w najbardziej wymagaj\u0105cych warunkach zewn\u0119trznych.<\/p>\n<p data-sourcepos=\"9:1-9:50\"><strong>Ideal for a Wide Range of Outdoor Applications<\/strong><\/p>\n<p data-sourcepos=\"11:1-11:113\">Nasze odporne na s\u0142o\u0144ce i warunki atmosferyczne etykiety certyfikacyjne do u\u017cytku zewn\u0119trznego idealnie nadaj\u0105 si\u0119 do szerokiego zakresu zastosowa\u0144, w tym:<\/p>\n<ul data-sourcepos=\"13:1-18:0\">\n<li data-sourcepos=\"13:1-13:35\"><strong>Etykiety identyfikacyjne produkt\u00f3w<\/strong><\/li>\n<li data-sourcepos=\"14:1-14:38\"><strong>Safety warnings and instructions<\/strong><\/li>\n<li data-sourcepos=\"15:1-15:36\"><strong>Regulatory compliance markings<\/strong><\/li>\n<li data-sourcepos=\"16:1-16:27\"><strong>Etykiety do \u015bledzenia zasob\u00f3w<\/strong><\/li>\n<li data-sourcepos=\"17:1-18:0\"><strong>Oznaczenia promocyjne i marketingowe<\/strong><\/li>\n<\/ul>\n<p data-sourcepos=\"19:1-19:89\"><strong>Wsp\u00f3\u0142praca z dostawcami chi\u0144skich drukarek kod\u00f3w kreskowych zapewnia najwy\u017csz\u0105 jako\u015b\u0107 i fachow\u0105 wiedz\u0119<\/strong><\/p>\n<p data-sourcepos=\"21:1-21:183\">W China Label Barcode Printer Suppliers dok\u0142adamy wszelkich stara\u0144, aby zapewni\u0107 naszym klientom najwy\u017cszej jako\u015bci odporne na s\u0142o\u0144ce i warunki atmosferyczne etykiety certyfikacyjne do u\u017cytku zewn\u0119trznego oraz wiedz\u0119 specjalistyczn\u0105, aby spe\u0142ni\u0107 ich specyficzne potrzeby aplikacyjne. Nasz zesp\u00f3\u0142 do\u015bwiadczonych specjalist\u00f3w pomo\u017ce Ci wybra\u0107 odpowiedni materia\u0142 etykiety, klej i opcje drukowania dla Twoich unikalnych wymaga\u0144.<\/p>\n<p data-sourcepos=\"23:1-23:182\"><strong>Skontaktuj si\u0119 z nami ju\u017c dzi\u015b<\/strong> aby dowiedzie\u0107 si\u0119 wi\u0119cej o naszych odpornych na s\u0142o\u0144ce i warunki atmosferyczne etykietach certyfikacyjnych do u\u017cytku zewn\u0119trznego oraz o tym, jak mo\u017cemy pom\u00f3c Ci chroni\u0107 Twoje oznaczenia i etykiety zewn\u0119trzne przed \u017cywio\u0142ami.<\/p>","protected":false},"excerpt":{"rendered":"<p>Zewn\u0119trzna etykieta certyfikacyjna odporno\u015bci na s\u0142o\u0144ce i warunki atmosferyczne wskazuje, \u017ce produkt zosta\u0142 przetestowany i certyfikowany pod k\u0105tem odporno\u015bci na dzia\u0142anie promieni s\u0142onecznych i r\u00f3\u017cnych warunk\u00f3w atmosferycznych, przy jednoczesnym zachowaniu jego wydajno\u015bci i trwa\u0142o\u015bci.<\/p>","protected":false},"featured_media":1655,"template":"","meta":[],"product_brand":[],"product_cat":[15],"product_tag":[],"class_list":{"0":"post-1688","1":"product","2":"type-product","3":"status-publish","4":"has-post-thumbnail","6":"product_cat-print-label","8":"first","9":"instock","10":"shipping-taxable","11":"product-type-simple"},"_links":{"self":[{"href":"https:\/\/membraneswitchmfg.com\/pl\/wp-json\/wp\/v2\/product\/1688","targetHints":{"allow":["GET"]}}],"collection":[{"href":"https:\/\/membraneswitchmfg.com\/pl\/wp-json\/wp\/v2\/product"}],"about":[{"href":"https:\/\/membraneswitchmfg.com\/pl\/wp-json\/wp\/v2\/types\/product"}],"wp:featuredmedia":[{"embeddable":true,"href":"https:\/\/membraneswitchmfg.com\/pl\/wp-json\/wp\/v2\/media\/1655"}],"wp:attachment":[{"href":"https:\/\/membraneswitchmfg.com\/pl\/wp-json\/wp\/v2\/media?parent=1688"}],"wp:term":[{"taxonomy":"product_brand","embeddable":true,"href":"https:\/\/membraneswitchmfg.com\/pl\/wp-json\/wp\/v2\/product_brand?post=1688"},{"taxonomy":"product_cat","embeddable":true,"href":"https:\/\/membraneswitchmfg.com\/pl\/wp-json\/wp\/v2\/product_cat?post=1688"},{"taxonomy":"product_tag","embeddable":true,"href":"https:\/\/membraneswitchmfg.com\/pl\/wp-json\/wp\/v2\/product_tag?post=1688"}],"curies":[{"name":"wp","href":"https:\/\/api.w.org\/{rel}","templated":true}]}}