{"id":1692,"date":"2024-06-22T14:56:03","date_gmt":"2024-06-22T14:56:03","guid":{"rendered":"https:\/\/membraneswitchmfg.com\/manufacturer\/variability-qr-code-label\/"},"modified":"2024-06-26T00:51:06","modified_gmt":"2024-06-26T00:51:06","slug":"variability-qr-code-label","status":"publish","type":"product","link":"https:\/\/membraneswitchmfg.com\/pl\/manufacturer\/variability-qr-code-label\/","title":{"rendered":"Etykieta kodu QR zmienno\u015bci"},"content":{"rendered":"<div class=\"response-container ng-tns-c1921205209-93 ng-star-inserted response-container-has-multiple-responses\">\n<div class=\"presented-response-container ng-tns-c1921205209-93\">\n<div class=\"response-container-content ng-tns-c1921205209-93 tunable-selection-with-avatar\">\n<div class=\"response-content ng-tns-c1921205209-93\">\n<div class=\"markdown markdown-main-panel\" dir=\"ltr\">\n<h2 class=\"\" data-sourcepos=\"1:1-1:69\">Zmienne etykiety z kodami QR: Dynamiczne dane i niezr\u00f3wnana wszechstronno\u015b\u0107<\/h2>\n<p data-sourcepos=\"3:1-3:133\">Podnie\u015b swoje mo\u017cliwo\u015bci w zakresie etykietowania i zarz\u0105dzania danymi dzi\u0119ki naszym innowacyjnym zmiennym etykietom z kodami QR. Te wszechstronne etykiety oferuj\u0105 unikalne rozwi\u0105zanie dla aplikacji wymagaj\u0105cych dynamicznych danych i spersonalizowanych informacji, stanowi\u0105c pot\u0119\u017cne narz\u0119dzie dla szerokiego zakresu bran\u017c.<\/p>\n<p data-sourcepos=\"5:1-5:50\"><strong>Niezr\u00f3wnana wszechstronno\u015b\u0107 dla r\u00f3\u017cnorodnych zastosowa\u0144<\/strong><\/p>\n<p data-sourcepos=\"7:1-7:175\">Zmienne etykiety z kodami QR s\u0105 idealne do zastosowa\u0144, w kt\u00f3rych dane musz\u0105 by\u0107 unikalne lub cz\u0119sto si\u0119 zmienia\u0107. Ka\u017cda etykieta zawiera unikalny kod QR, kt\u00f3ry mo\u017cna powi\u0105za\u0107 z okre\u015blon\u0105 baz\u0105 danych lub stron\u0105 internetow\u0105, co pozwala na przechowywanie i dost\u0119p do ogromnej ilo\u015bci dynamicznych informacji. To sprawia, \u017ce s\u0105 idealne do:<\/p>\n<ul data-sourcepos=\"9:1-10:1\">\n<li data-sourcepos=\"9:1-9:47\"><strong>\u015aledzenia produkt\u00f3w i zarz\u0105dzania zapasami<\/strong><\/li>\n<li data-sourcepos=\"10:1-10:1\"><strong>Kampanii marketingowych i spersonalizowanych promocji<\/strong><\/li>\n<li data-sourcepos=\"11:1-11:39\"><strong>\u015aledzenia i identyfikacji zasob\u00f3w<\/strong><\/li>\n<li data-sourcepos=\"12:1-12:43\"><strong>Zarz\u0105dzania \u0142a\u0144cuchem dostaw i logistyki<\/strong><\/li>\n<li data-sourcepos=\"13:1-14:0\"><strong>Uwierzytelniania i \u015brodk\u00f3w przeciwdzia\u0142ania podrabianiu<\/strong><\/li>\n<\/ul>\n<p data-sourcepos=\"15:1-15:89\"><strong>Wsp\u00f3\u0142praca z dostawcami chi\u0144skich drukarek kod\u00f3w kreskowych zapewnia najwy\u017csz\u0105 jako\u015b\u0107 i fachow\u0105 wiedz\u0119<\/strong><\/p>\n<p data-sourcepos=\"17:1-17:348\">W China Label Barcode Printer Suppliers dok\u0142adamy wszelkich stara\u0144, aby zapewni\u0107 naszym klientom najwy\u017cszej jako\u015bci zmienne etykiety z kodami QR oraz wiedz\u0119 specjalistyczn\u0105, aby sprosta\u0107 ich specyficznym potrzebom aplikacyjnym. Nasz zesp\u00f3\u0142 do\u015bwiadczonych specjalist\u00f3w pomo\u017ce Ci wybra\u0107 odpowiedni materia\u0142 etykiety, format kodu QR i opcje drukowania dla Twoich unikalnych wymaga\u0144.<\/p>\n<p data-sourcepos=\"19:1-19:127\"><strong>Skontaktuj si\u0119 z nami ju\u017c dzi\u015b<\/strong> aby dowiedzie\u0107 si\u0119 wi\u0119cej o naszych zmiennych etykietach z kodami QR i o tym, jak mo\u017cemy pom\u00f3c w usprawnieniu zarz\u0105dzania danymi i zwi\u0119kszeniu mo\u017cliwo\u015bci etykietowania.<\/p>\n<\/div>\n<\/div>\n<\/div>\n<\/div>\n<\/div>","protected":false},"excerpt":{"rendered":"<p>Etykiety ze zmiennymi kodami QR to specjalistyczne etykiety, kt\u00f3re zawieraj\u0105 unikalne kody Quick Response (QR) na ka\u017cdej pojedynczej etykiecie. Te kody QR zawieraj\u0105 zmienne dane, co oznacza, \u017ce ka\u017cdy kod mo\u017ce przechowywa\u0107 r\u00f3\u017cne informacje, dzi\u0119ki czemu idealnie nadaj\u0105 si\u0119 do zastosowa\u0144 wymagaj\u0105cych unikalnych identyfikator\u00f3w, danych do \u015bledzenia lub spersonalizowanych informacji.<\/p>","protected":false},"featured_media":1661,"template":"","meta":[],"product_brand":[],"product_cat":[15],"product_tag":[],"class_list":{"0":"post-1692","1":"product","2":"type-product","3":"status-publish","4":"has-post-thumbnail","6":"product_cat-print-label","8":"first","9":"instock","10":"shipping-taxable","11":"product-type-simple"},"_links":{"self":[{"href":"https:\/\/membraneswitchmfg.com\/pl\/wp-json\/wp\/v2\/product\/1692","targetHints":{"allow":["GET"]}}],"collection":[{"href":"https:\/\/membraneswitchmfg.com\/pl\/wp-json\/wp\/v2\/product"}],"about":[{"href":"https:\/\/membraneswitchmfg.com\/pl\/wp-json\/wp\/v2\/types\/product"}],"wp:featuredmedia":[{"embeddable":true,"href":"https:\/\/membraneswitchmfg.com\/pl\/wp-json\/wp\/v2\/media\/1661"}],"wp:attachment":[{"href":"https:\/\/membraneswitchmfg.com\/pl\/wp-json\/wp\/v2\/media?parent=1692"}],"wp:term":[{"taxonomy":"product_brand","embeddable":true,"href":"https:\/\/membraneswitchmfg.com\/pl\/wp-json\/wp\/v2\/product_brand?post=1692"},{"taxonomy":"product_cat","embeddable":true,"href":"https:\/\/membraneswitchmfg.com\/pl\/wp-json\/wp\/v2\/product_cat?post=1692"},{"taxonomy":"product_tag","embeddable":true,"href":"https:\/\/membraneswitchmfg.com\/pl\/wp-json\/wp\/v2\/product_tag?post=1692"}],"curies":[{"name":"wp","href":"https:\/\/api.w.org\/{rel}","templated":true}]}}