{"id":1693,"date":"2024-06-22T14:56:03","date_gmt":"2024-06-22T14:56:03","guid":{"rendered":"https:\/\/membraneswitchmfg.com\/manufacturer\/removable-non-residual-electrostatic-film-label\/"},"modified":"2024-06-25T14:49:18","modified_gmt":"2024-06-25T14:49:18","slug":"removable-non-residual-electrostatic-film-label","status":"publish","type":"product","link":"https:\/\/membraneswitchmfg.com\/pl\/manufacturer\/removable-non-residual-electrostatic-film-label\/","title":{"rendered":"Usuwalna elektrostatyczna etykieta foliowa bez pozosta\u0142o\u015bci"},"content":{"rendered":"<h2 class=\"\" data-sourcepos=\"3:1-3:94\">Zdejmowane, niepozostawiaj\u0105ce \u015blad\u00f3w elektrostatyczne etykiety foliowe: Wszechstronne i wielokrotnego u\u017cytku rozwi\u0105zania etykietuj\u0105ce<\/h2>\n<p data-sourcepos=\"5:1-5:318\">Skorzystaj z wygody etykietowania wielokrotnego u\u017cytku dzi\u0119ki naszym zdejmowanym, niepozostawiaj\u0105cym \u015blad\u00f3w elektrostatycznym etykietom foliowym. Te wszechstronne etykiety oferuj\u0105 bezproblemowe rozwi\u0105zanie do tymczasowych oznacze\u0144, identyfikacji produkt\u00f3w i komunikat\u00f3w promocyjnych, bezpiecznie przylegaj\u0105c do szerokiej gamy powierzchni, nie pozostawiaj\u0105c po sobie lepkich pozosta\u0142o\u015bci.<\/p>\n<p data-sourcepos=\"7:1-7:52\"><strong>Niezr\u00f3wnana wszechstronno\u015b\u0107 do zastosowa\u0144 tymczasowych<\/strong><\/p>\n<p data-sourcepos=\"9:1-9:162\">Nasze zdejmowane, niepozostawiaj\u0105ce \u015blad\u00f3w elektrostatyczne etykiety foliowe idealnie nadaj\u0105 si\u0119 do zastosowa\u0144, w kt\u00f3rych etykiety musz\u0105 by\u0107 cz\u0119sto usuwane i zmieniane. Idealnie nadaj\u0105 si\u0119 do:<\/p>\n<ul data-sourcepos=\"11:1-16:0\">\n<li data-sourcepos=\"11:1-11:36\"><strong>Oznakowania detalicznego i promocyjnego<\/strong><\/li>\n<li data-sourcepos=\"12:1-12:38\"><strong>Etykietowania magazynowego i inwentaryzacyjnego<\/strong><\/li>\n<li data-sourcepos=\"13:1-13:40\"><strong>Tymczasowych oznacze\u0144 biurowych i imprezowych<\/strong><\/li>\n<li data-sourcepos=\"14:1-14:41\"><strong>Etykietowania i identyfikacji produkt\u00f3w<\/strong><\/li>\n<li data-sourcepos=\"15:1-16:0\"><strong>Oznakowania edukacyjnego i instrukta\u017cowego<\/strong><\/li>\n<\/ul>\n<p data-sourcepos=\"17:1-17:29\"><strong>Wielokrotnego u\u017cytku i bez pozosta\u0142o\u015bci<\/strong><\/p>\n<p data-sourcepos=\"19:1-19:284\">Wykonane z wysokiej jako\u015bci folii elektrostatycznej, etykiety te bezpiecznie przylegaj\u0105 do g\u0142adkich powierzchni bez potrzeby stosowania klej\u00f3w. Mo\u017cna je \u0142atwo usun\u0105\u0107 i zmieni\u0107 ich po\u0142o\u017cenie, nie pozostawiaj\u0105c po sobie lepkich pozosta\u0142o\u015bci, co czyni je zr\u00f3wnowa\u017conym i przyjaznym dla \u015brodowiska wyborem etykietowania.<\/p>\n<p data-sourcepos=\"21:1-21:2\"><strong>Kompatybilne z szerok\u0105 gam\u0105 drukarek<\/strong><\/p>\n<p data-sourcepos=\"23:1-23:243\">Nasze zdejmowane, niepozostawiaj\u0105ce \u015blad\u00f3w elektrostatyczne etykiety foliowe s\u0105 kompatybilne z szerok\u0105 gam\u0105 drukarek atramentowych i laserowych, co pozwala na tworzenie niestandardowych etykiet we w\u0142asnym zakresie. S\u0105 one dost\u0119pne w r\u00f3\u017cnych rozmiarach i kszta\u0142tach, aby dopasowa\u0107 si\u0119 do Twoich specyficznych potrzeb.<\/p>\n<p data-sourcepos=\"25:1-25:89\"><strong>Wsp\u00f3\u0142praca z dostawcami chi\u0144skich drukarek kod\u00f3w kreskowych zapewnia najwy\u017csz\u0105 jako\u015b\u0107 i fachow\u0105 wiedz\u0119<\/strong><\/p>\n<p data-sourcepos=\"27:1-27:360\">W China Label Barcode Printer Suppliers dok\u0142adamy wszelkich stara\u0144, aby zapewni\u0107 naszym klientom najwy\u017cszej jako\u015bci zdejmowane, niepozostawiaj\u0105ce \u015blad\u00f3w elektrostatyczne etykiety foliowe oraz wiedz\u0119 specjalistyczn\u0105, aby sprosta\u0107 ich specyficznym potrzebom aplikacyjnym. Nasz zesp\u00f3\u0142 do\u015bwiadczonych specjalist\u00f3w pomo\u017ce Ci wybra\u0107 odpowiedni materia\u0142 etykiety, rozmiar i opcje drukowania dla Twoich unikalnych wymaga\u0144.<\/p>\n<p data-sourcepos=\"29:1-29:170\"><strong>Skontaktuj si\u0119 z nami ju\u017c dzi\u015b<\/strong> aby dowiedzie\u0107 si\u0119 wi\u0119cej o naszych zdejmowanych, niepozostawiaj\u0105cych \u015blad\u00f3w elektrostatycznych etykietach foliowych i o tym, jak mo\u017cemy pom\u00f3c w usprawnieniu proces\u00f3w etykietowania i ograniczeniu odpad\u00f3w.<\/p>","protected":false},"excerpt":{"rendered":"<p>Etykiety z od\u0142\u0105czaln\u0105, niepozostawiaj\u0105c\u0105 \u015blad\u00f3w foli\u0105 elektrostatyczn\u0105 to rodzaj etykiet, kt\u00f3re przylegaj\u0105 do powierzchni dzi\u0119ki elektryczno\u015bci statycznej, a nie kleju. Ta unikalna cecha pozwala na ich \u0142atwe nak\u0142adanie i usuwanie bez pozostawiania lepkich pozosta\u0142o\u015bci lub uszkodze\u0144.<\/p>","protected":false},"featured_media":1658,"template":"","meta":[],"product_brand":[],"product_cat":[15],"product_tag":[],"class_list":{"0":"post-1693","1":"product","2":"type-product","3":"status-publish","4":"has-post-thumbnail","6":"product_cat-print-label","8":"first","9":"instock","10":"shipping-taxable","11":"product-type-simple"},"_links":{"self":[{"href":"https:\/\/membraneswitchmfg.com\/pl\/wp-json\/wp\/v2\/product\/1693","targetHints":{"allow":["GET"]}}],"collection":[{"href":"https:\/\/membraneswitchmfg.com\/pl\/wp-json\/wp\/v2\/product"}],"about":[{"href":"https:\/\/membraneswitchmfg.com\/pl\/wp-json\/wp\/v2\/types\/product"}],"wp:featuredmedia":[{"embeddable":true,"href":"https:\/\/membraneswitchmfg.com\/pl\/wp-json\/wp\/v2\/media\/1658"}],"wp:attachment":[{"href":"https:\/\/membraneswitchmfg.com\/pl\/wp-json\/wp\/v2\/media?parent=1693"}],"wp:term":[{"taxonomy":"product_brand","embeddable":true,"href":"https:\/\/membraneswitchmfg.com\/pl\/wp-json\/wp\/v2\/product_brand?post=1693"},{"taxonomy":"product_cat","embeddable":true,"href":"https:\/\/membraneswitchmfg.com\/pl\/wp-json\/wp\/v2\/product_cat?post=1693"},{"taxonomy":"product_tag","embeddable":true,"href":"https:\/\/membraneswitchmfg.com\/pl\/wp-json\/wp\/v2\/product_tag?post=1693"}],"curies":[{"name":"wp","href":"https:\/\/api.w.org\/{rel}","templated":true}]}}