{"id":1694,"date":"2024-06-22T14:56:04","date_gmt":"2024-06-22T14:56:04","guid":{"rendered":"https:\/\/membraneswitchmfg.com\/manufacturer\/listing-card-product-manual\/"},"modified":"2024-06-25T14:40:27","modified_gmt":"2024-06-25T14:40:27","slug":"listing-card-product-manual","status":"publish","type":"product","link":"https:\/\/membraneswitchmfg.com\/pl\/manufacturer\/listing-card-product-manual\/","title":{"rendered":"Karta katalogowa i instrukcja obs\u0142ugi produktu"},"content":{"rendered":"<h2 class=\"\" data-sourcepos=\"1:1-1:87\">Karty katalogowe i instrukcje obs\u0142ugi: Poprawa prezentacji produktu i to\u017csamo\u015bci marki<\/h2>\n<p data-sourcepos=\"3:1-3:108\">Podnie\u015b poziom prezentacji produktu i to\u017csamo\u015bci marki dzi\u0119ki naszym wysokiej jako\u015bci kartom katalogowym i instrukcjom obs\u0142ugi. Te niezb\u0119dne narz\u0119dzia dostarczaj\u0105 klientom cennych informacji, poprawiaj\u0105c ich wra\u017cenia z zakup\u00f3w i wzmacniaj\u0105c lojalno\u015b\u0107 wobec marki.<\/p>\n<p data-sourcepos=\"5:1-5:56\"><strong>Karty katalogowe: Jasne i zwi\u0119z\u0142e informacje o produkcie<\/strong><\/p>\n<p data-sourcepos=\"7:1-7:21\">Karty katalogowe oferuj\u0105 zwi\u0119z\u0142y i informacyjny przegl\u0105d Twoich produkt\u00f3w, dostarczaj\u0105c najwa\u017cniejsze szczeg\u00f3\u0142y na pierwszy rzut oka. S\u0105 idealne do:<\/p>\n<ul data-sourcepos=\"9:1-12:0\">\n<li data-sourcepos=\"9:1-9:64\"><strong>Wy\u015bwietlania nazw produkt\u00f3w, opis\u00f3w i specyfikacji<\/strong><\/li>\n<li data-sourcepos=\"10:1-10:44\"><strong>Podkre\u015blania kluczowych cech i zalet<\/strong><\/li>\n<li data-sourcepos=\"11:1-12:0\"><strong>Prezentowania zdj\u0119\u0107 produkt\u00f3w i brandingu<\/strong><\/li>\n<\/ul>\n<p data-sourcepos=\"13:1-13:48\"><strong>Instrukcje obs\u0142ugi: Kompleksowe wskaz\u00f3wki dla u\u017cytkownika<\/strong><\/p>\n<p data-sourcepos=\"15:1-15:23\">Instrukcje obs\u0142ugi zawieraj\u0105 obszerne instrukcje i wskaz\u00f3wki dotycz\u0105ce Twoich produkt\u00f3w, zapewniaj\u0105c satysfakcj\u0119 klienta i obni\u017caj\u0105c koszty wsparcia. Obejmuj\u0105 one:<\/p>\n<ul data-sourcepos=\"17:1-21:0\">\n<li data-sourcepos=\"17:1-17:50\"><strong>Szczeg\u00f3\u0142owe instrukcje instalacji i konfiguracji<\/strong><\/li>\n<li data-sourcepos=\"18:1-18:39\"><strong>Procedury operacyjne krok po kroku<\/strong><\/li>\n<li data-sourcepos=\"19:1-19:35\"><strong>Wskaz\u00f3wki dotycz\u0105ce rozwi\u0105zywania problem\u00f3w i cz\u0119sto zadawane pytania<\/strong><\/li>\n<li data-sourcepos=\"20:1-21:0\"><strong>Ostrze\u017cenia i \u015brodki ostro\u017cno\u015bci dotycz\u0105ce bezpiecze\u0144stwa<\/strong><\/li>\n<\/ul>\n<p data-sourcepos=\"22:1-22:89\"><strong>Wsp\u00f3\u0142praca z dostawcami chi\u0144skich drukarek kod\u00f3w kreskowych zapewnia najwy\u017csz\u0105 jako\u015b\u0107 i fachow\u0105 wiedz\u0119<\/strong><\/p>\n<p data-sourcepos=\"24:1-24:316\">W China Label Barcode Printer Suppliers dok\u0142adamy wszelkich stara\u0144, aby zapewni\u0107 naszym klientom najwy\u017cszej jako\u015bci karty katalogowe i instrukcje obs\u0142ugi. Nasz zesp\u00f3\u0142 do\u015bwiadczonych profesjonalist\u00f3w mo\u017ce pom\u00f3c Ci zaprojektowa\u0107 i stworzy\u0107 niestandardowe materia\u0142y, kt\u00f3re s\u0105 zgodne z to\u017csamo\u015bci\u0105 Twojej marki i skutecznie komunikuj\u0105 informacje o produkcie.<\/p>\n<p data-sourcepos=\"26:1-26:62\"><strong>Skontaktuj si\u0119 z nami ju\u017c dzi\u015b<\/strong> aby dowiedzie\u0107 si\u0119 wi\u0119cej o naszych kartach katalogowych i instrukcjach obs\u0142ugi oraz o tym, jak mo\u017cemy pom\u00f3c Ci poprawi\u0107 prezentacj\u0119 produktu, poprawi\u0107 wra\u017cenia klient\u00f3w i wzmocni\u0107 Twoj\u0105 mark\u0119.<\/p>\n<p data-sourcepos=\"28:1-28:150\"><strong>Dodatkowe s\u0142owa kluczowe:<\/strong> etykiety do drukarek kart SD, drukarka etykiet do kart identyfikacyjnych, drukarka kart etykiet, drukuj etykiety na kartki \u015bwi\u0105teczne, drukowane etykiety kartonowe<\/p>","protected":false},"excerpt":{"rendered":"<p>Karta katalogowa lub instrukcja obs\u0142ugi produktu to dokument zawieraj\u0105cy szczeg\u00f3\u0142owe informacje o produkcie lub us\u0142udze. Jest on zazwyczaj u\u017cywany przez firmy do informowania klient\u00f3w o cechach, zaletach i specyfikacjach ich produkt\u00f3w.<\/p>","protected":false},"featured_media":1657,"template":"","meta":[],"product_brand":[],"product_cat":[15],"product_tag":[],"class_list":{"0":"post-1694","1":"product","2":"type-product","3":"status-publish","4":"has-post-thumbnail","6":"product_cat-print-label","8":"first","9":"instock","10":"shipping-taxable","11":"product-type-simple"},"_links":{"self":[{"href":"https:\/\/membraneswitchmfg.com\/pl\/wp-json\/wp\/v2\/product\/1694","targetHints":{"allow":["GET"]}}],"collection":[{"href":"https:\/\/membraneswitchmfg.com\/pl\/wp-json\/wp\/v2\/product"}],"about":[{"href":"https:\/\/membraneswitchmfg.com\/pl\/wp-json\/wp\/v2\/types\/product"}],"wp:featuredmedia":[{"embeddable":true,"href":"https:\/\/membraneswitchmfg.com\/pl\/wp-json\/wp\/v2\/media\/1657"}],"wp:attachment":[{"href":"https:\/\/membraneswitchmfg.com\/pl\/wp-json\/wp\/v2\/media?parent=1694"}],"wp:term":[{"taxonomy":"product_brand","embeddable":true,"href":"https:\/\/membraneswitchmfg.com\/pl\/wp-json\/wp\/v2\/product_brand?post=1694"},{"taxonomy":"product_cat","embeddable":true,"href":"https:\/\/membraneswitchmfg.com\/pl\/wp-json\/wp\/v2\/product_cat?post=1694"},{"taxonomy":"product_tag","embeddable":true,"href":"https:\/\/membraneswitchmfg.com\/pl\/wp-json\/wp\/v2\/product_tag?post=1694"}],"curies":[{"name":"wp","href":"https:\/\/api.w.org\/{rel}","templated":true}]}}