{"id":1772,"date":"2024-06-24T05:57:57","date_gmt":"2024-06-24T05:57:57","guid":{"rendered":"https:\/\/membraneswitchmfg.com\/manufacturer\/high-life-membrane-switches-with-5-million-times\/"},"modified":"2024-06-25T13:24:08","modified_gmt":"2024-06-25T13:24:08","slug":"high-life-membrane-switches-with-5-million-times","status":"publish","type":"product","link":"https:\/\/membraneswitchmfg.com\/pl\/manufacturer\/high-life-membrane-switches-with-5-million-times\/","title":{"rendered":"Prze\u0142\u0105czniki membranowe o wysokiej \u017cywotno\u015bci z 5 milionami czas\u00f3w"},"content":{"rendered":"<h2><strong><b>Prze\u0142\u0105czniki membranowe o wysokiej \u017cywotno\u015bci i \u017cywotno\u015bci 5 milion\u00f3w razy<\/b><\/strong><\/h2>\n<p><strong>Niezr\u00f3wnana trwa\u0142o\u015b\u0107 i niezawodno\u015b\u0107<\/strong><\/p>\n<p>Nasze prze\u0142\u0105czniki membranowe o wysokiej \u017cywotno\u015bci s\u0105 zbudowane tak, aby przetrwa\u0107:<\/p>\n<ul>\n<li><strong>Solidna konstrukcja z materia\u0142\u00f3w najwy\u017cszej jako\u015bci<\/strong><\/li>\n<li><strong>Precyzyjnie zaprojektowane komponenty zapewniaj\u0105ce sta\u0142\u0105 wydajno\u015b\u0107<\/strong><\/li>\n<li><strong>Rygorystyczne testy zapewniaj\u0105ce d\u0142ugotrwa\u0142\u0105 niezawodno\u015b\u0107<\/strong><\/li>\n<\/ul>\n<p><strong>Poznaj r\u00f3\u017cnic\u0119<\/strong><\/p>\n<p>Dzi\u0119ki naszym prze\u0142\u0105cznikom membranowym o wysokiej \u017cywotno\u015bci mo\u017cna oczekiwa\u0107<\/p>\n<ul>\n<li><strong>Ni\u017csze koszty konserwacji i kr\u00f3tsze przestoje<\/strong><\/li>\n<li><strong>Zwi\u0119kszona satysfakcja u\u017cytkownik\u00f3w i reputacja produktu<\/strong><\/li>\n<li><strong>Spok\u00f3j ducha dzi\u0119ki \u015bwiadomo\u015bci, \u017ce produkt b\u0119dzie dzia\u0142a\u0142 przez wiele lat.<\/strong><\/li>\n<\/ul>\n<p><strong>Zastosowania<\/strong><\/p>\n<p>Nasze prze\u0142\u0105czniki membranowe o wysokiej \u017cywotno\u015bci nadaj\u0105 si\u0119 do szerokiej gamy zastosowa\u0144, w tym:<\/p>\n<ul>\n<li><strong>Przemys\u0142owe panele sterowania<\/strong><\/li>\n<li><strong>Urz\u0105dzenia medyczne<\/strong><\/li>\n<li><strong>Elektronika u\u017cytkowa<\/strong><\/li>\n<li><strong>Sprz\u0119t transportowy<\/strong><\/li>\n<li><strong>I wiele wi\u0119cej<\/strong><\/li>\n<\/ul>\n<p><strong>Konfigurowalne rozwi\u0105zania<\/strong><\/p>\n<p>Oferujemy szeroki zakres opcji dostosowywania do konkretnych potrzeb, w tym:<\/p>\n<ul>\n<li><strong>R\u00f3\u017cne rozmiary i konfiguracje prze\u0142\u0105cznik\u00f3w<\/strong><\/li>\n<li><strong>Niestandardowa grafika i pod\u015bwietlenie<\/strong><\/li>\n<li><strong>Opcje dotykowego sprz\u0119\u017cenia zwrotnego<\/strong><\/li>\n<li><strong>Uszczelnienie i ochrona \u015brodowiska<\/strong><\/li>\n<\/ul>\n<p><strong>Wsp\u00f3\u0142praca z do\u015bwiadczonym producentem prze\u0142\u0105cznik\u00f3w membranowych<\/strong><\/p>\n<p>Dzi\u0119ki wieloletniemu do\u015bwiadczeniu i zaanga\u017cowaniu w jako\u015b\u0107 jeste\u015bmy zaufanym \u017ar\u00f3d\u0142em prze\u0142\u0105cznik\u00f3w membranowych o wysokiej \u017cywotno\u015bci. Nasz zesp\u00f3\u0142 ekspert\u00f3w mo\u017ce pom\u00f3c w zaprojektowaniu i wyprodukowaniu idealnych prze\u0142\u0105cznik\u00f3w do danego zastosowania.<\/p>\n<p><strong>Skontaktuj si\u0119 z nami ju\u017c dzi\u015b<\/strong>\u00a0aby dowiedzie\u0107 si\u0119 wi\u0119cej o naszych prze\u0142\u0105cznikach membranowych o wysokiej \u017cywotno\u015bci i o tym, jak mo\u017cemy pom\u00f3c w zwi\u0119kszeniu wydajno\u015bci i niezawodno\u015bci produktu.<\/p>","protected":false},"excerpt":{"rendered":"<p>Podnie\u015b wydajno\u015b\u0107 swojego produktu i komfort u\u017cytkowania dzi\u0119ki naszym prze\u0142\u0105cznikom membranowym o wysokiej \u017cywotno\u015bci, zaprojektowanym tak, aby wytrzyma\u0107 do 5 milion\u00f3w uruchomie\u0144. Te wytrzyma\u0142e prze\u0142\u0105czniki oferuj\u0105 wyj\u0105tkow\u0105 niezawodno\u015b\u0107 i d\u0142ugotrwa\u0142\u0105 wydajno\u015b\u0107, dzi\u0119ki czemu idealnie nadaj\u0105 si\u0119 do wymagaj\u0105cych zastosowa\u0144.<\/p>","protected":false},"featured_media":1761,"template":"","meta":[],"product_brand":[],"product_cat":[40],"product_tag":[],"class_list":{"0":"post-1772","1":"product","2":"type-product","3":"status-publish","4":"has-post-thumbnail","6":"product_cat-membrane-switch","8":"first","9":"instock","10":"shipping-taxable","11":"product-type-simple"},"_links":{"self":[{"href":"https:\/\/membraneswitchmfg.com\/pl\/wp-json\/wp\/v2\/product\/1772","targetHints":{"allow":["GET"]}}],"collection":[{"href":"https:\/\/membraneswitchmfg.com\/pl\/wp-json\/wp\/v2\/product"}],"about":[{"href":"https:\/\/membraneswitchmfg.com\/pl\/wp-json\/wp\/v2\/types\/product"}],"wp:featuredmedia":[{"embeddable":true,"href":"https:\/\/membraneswitchmfg.com\/pl\/wp-json\/wp\/v2\/media\/1761"}],"wp:attachment":[{"href":"https:\/\/membraneswitchmfg.com\/pl\/wp-json\/wp\/v2\/media?parent=1772"}],"wp:term":[{"taxonomy":"product_brand","embeddable":true,"href":"https:\/\/membraneswitchmfg.com\/pl\/wp-json\/wp\/v2\/product_brand?post=1772"},{"taxonomy":"product_cat","embeddable":true,"href":"https:\/\/membraneswitchmfg.com\/pl\/wp-json\/wp\/v2\/product_cat?post=1772"},{"taxonomy":"product_tag","embeddable":true,"href":"https:\/\/membraneswitchmfg.com\/pl\/wp-json\/wp\/v2\/product_tag?post=1772"}],"curies":[{"name":"wp","href":"https:\/\/api.w.org\/{rel}","templated":true}]}}