{"id":1774,"date":"2024-06-24T05:57:57","date_gmt":"2024-06-24T05:57:57","guid":{"rendered":"https:\/\/membraneswitchmfg.com\/manufacturer\/copper-flex-membrane-switch\/"},"modified":"2024-06-25T13:28:19","modified_gmt":"2024-06-25T13:28:19","slug":"copper-flex-membrane-switch","status":"publish","type":"product","link":"https:\/\/membraneswitchmfg.com\/pl\/manufacturer\/copper-flex-membrane-switch\/","title":{"rendered":"Prze\u0142\u0105cznik membranowy Copper Flex"},"content":{"rendered":"<h2><strong><b>Membranowe prze\u0142\u0105czniki Copper Flex: Doskona\u0142a wydajno\u015b\u0107 w wymagaj\u0105cych zastosowaniach<\/b><\/strong><\/h2>\n<p><strong>Niezr\u00f3wnana trwa\u0142o\u015b\u0107 i precyzja<\/strong><\/p>\n<p>Membranowe prze\u0142\u0105czniki Copper Flex zosta\u0142y zaprojektowane z my\u015bl\u0105 o doskona\u0142o\u015bci i charakteryzuj\u0105 si\u0119:<\/p>\n<ul>\n<li><strong>\u015acie\u017cki miedziane o wysokiej przewodno\u015bci dla lepszej transmisji sygna\u0142u<\/strong><\/li>\n<li><strong>Precyzyjne wzory obwod\u00f3w zapewniaj\u0105ce niezawodne dzia\u0142anie<\/strong><\/li>\n<li><strong>Solidna konstrukcja zapewniaj\u0105ca odporno\u015b\u0107 na trudne warunki \u015brodowiskowe<\/strong><\/li>\n<\/ul>\n<p><strong>Experience the Benefits<\/strong><\/p>\n<p>Dzi\u0119ki membranowym prze\u0142\u0105cznikom Copper Flex mo\u017cesz oczekiwa\u0107:<\/p>\n<ul>\n<li><strong>Reduced downtime and maintenance costs<\/strong><\/li>\n<li><strong>Improved product performance and reliability<\/strong><\/li>\n<li><strong>Wi\u0119ksza satysfakcja u\u017cytkownik\u00f3w i reputacja marki<\/strong><\/li>\n<\/ul>\n<p><strong>Zastosowania<\/strong><\/p>\n<p>Membranowe prze\u0142\u0105czniki Copper Flex doskonale nadaj\u0105 si\u0119 do szerokiego zakresu zastosowa\u0144, w tym:<\/p>\n<ul>\n<li><strong>Przemys\u0142owe systemy sterowania<\/strong><\/li>\n<li><strong>Urz\u0105dzenia medyczne<\/strong><\/li>\n<li><strong>Sprz\u0119t wojskowy i lotniczy<\/strong><\/li>\n<li><strong>Zastosowania w trudnych warunkach \u015brodowiskowych<\/strong><\/li>\n<li><strong>I wiele wi\u0119cej<\/strong><\/li>\n<\/ul>\n<p><strong>Konfigurowalne rozwi\u0105zania<\/strong><\/p>\n<p>Oferujemy szeroki zakres opcji dostosowywania do konkretnych potrzeb, w tym:<\/p>\n<ul>\n<li><strong>R\u00f3\u017cne rozmiary i konfiguracje prze\u0142\u0105cznik\u00f3w<\/strong><\/li>\n<li><strong>Niestandardowa grafika i pod\u015bwietlenie<\/strong><\/li>\n<li><strong>Opcje dotykowego sprz\u0119\u017cenia zwrotnego<\/strong><\/li>\n<li><strong>Uszczelnienie i ochrona \u015brodowiska<\/strong><\/li>\n<\/ul>\n<p><strong>Wsp\u00f3\u0142pracuj z do\u015bwiadczonym dostawc\u0105 wodoodpornych elastycznych prze\u0142\u0105cznik\u00f3w membranowych<\/strong><\/p>\n<p>Dzi\u0119ki wieloletniemu do\u015bwiadczeniu i zaanga\u017cowaniu w jako\u015b\u0107 jeste\u015bmy Twoim zaufanym \u017ar\u00f3d\u0142em membranowych prze\u0142\u0105cznik\u00f3w Copper Flex. Nasz zesp\u00f3\u0142 ekspert\u00f3w pomo\u017ce Ci zaprojektowa\u0107 i wyprodukowa\u0107 idealne prze\u0142\u0105czniki do Twojego zastosowania.<\/p>\n<p><strong>Skontaktuj si\u0119 z nami ju\u017c dzi\u015b<\/strong>\u00a0aby dowiedzie\u0107 si\u0119 wi\u0119cej o naszych membranowych prze\u0142\u0105cznikach Copper Flex i o tym, jak mo\u017cemy pom\u00f3c Ci osi\u0105gn\u0105\u0107 doskona\u0142\u0105 wydajno\u015b\u0107 i niezawodno\u015b\u0107 w wymagaj\u0105cych zastosowaniach.<\/p>","protected":false},"excerpt":{"rendered":"<p>Podnie\u015b wydajno\u015b\u0107 swojego produktu dzi\u0119ki naszym najnowocze\u015bniejszym membranowym prze\u0142\u0105cznikom Copper Flex, zaprojektowanym tak, aby wytrzyma\u0107 rygory wymagaj\u0105cych \u015brodowisk. Te wyj\u0105tkowe prze\u0142\u0105czniki oferuj\u0105 doskona\u0142\u0105 trwa\u0142o\u015b\u0107, precyzj\u0119 i d\u0142ugotrwa\u0142\u0105 niezawodno\u015b\u0107, co czyni je idealnym wyborem do zastosowa\u0144 o znaczeniu krytycznym.<\/p>","protected":false},"featured_media":1747,"template":"","meta":[],"product_brand":[],"product_cat":[40],"product_tag":[],"class_list":{"0":"post-1774","1":"product","2":"type-product","3":"status-publish","4":"has-post-thumbnail","6":"product_cat-membrane-switch","8":"first","9":"instock","10":"shipping-taxable","11":"product-type-simple"},"_links":{"self":[{"href":"https:\/\/membraneswitchmfg.com\/pl\/wp-json\/wp\/v2\/product\/1774","targetHints":{"allow":["GET"]}}],"collection":[{"href":"https:\/\/membraneswitchmfg.com\/pl\/wp-json\/wp\/v2\/product"}],"about":[{"href":"https:\/\/membraneswitchmfg.com\/pl\/wp-json\/wp\/v2\/types\/product"}],"wp:featuredmedia":[{"embeddable":true,"href":"https:\/\/membraneswitchmfg.com\/pl\/wp-json\/wp\/v2\/media\/1747"}],"wp:attachment":[{"href":"https:\/\/membraneswitchmfg.com\/pl\/wp-json\/wp\/v2\/media?parent=1774"}],"wp:term":[{"taxonomy":"product_brand","embeddable":true,"href":"https:\/\/membraneswitchmfg.com\/pl\/wp-json\/wp\/v2\/product_brand?post=1774"},{"taxonomy":"product_cat","embeddable":true,"href":"https:\/\/membraneswitchmfg.com\/pl\/wp-json\/wp\/v2\/product_cat?post=1774"},{"taxonomy":"product_tag","embeddable":true,"href":"https:\/\/membraneswitchmfg.com\/pl\/wp-json\/wp\/v2\/product_tag?post=1774"}],"curies":[{"name":"wp","href":"https:\/\/api.w.org\/{rel}","templated":true}]}}