{"id":1779,"date":"2024-06-24T05:57:57","date_gmt":"2024-06-24T05:57:57","guid":{"rendered":"https:\/\/membraneswitchmfg.com\/manufacturer\/label\/"},"modified":"2024-07-25T09:16:57","modified_gmt":"2024-07-25T09:16:57","slug":"label","status":"publish","type":"product","link":"https:\/\/membraneswitchmfg.com\/pl\/manufacturer\/label\/","title":{"rendered":"Etykieta"},"content":{"rendered":"<h2><strong><b>Etykiety: Wzmacnianie identyfikacji i komunikacji produktu<\/b><\/strong><\/h2>\n<p><strong>Skuteczna identyfikacja produktu<\/strong><\/p>\n<p>Etykiety odgrywaj\u0105 kluczow\u0105 rol\u0119 w identyfikacji produktu poprzez:<\/p>\n<ul>\n<li><strong>Wy\u015bwietlanie nazw produkt\u00f3w, logo i znak\u00f3w towarowych<\/strong><\/li>\n<li><strong>Dostarczanie unikalnych numer\u00f3w seryjnych lub kod\u00f3w kreskowych<\/strong><\/li>\n<li><strong>Komunikowanie specyfikacji i cech produktu<\/strong><\/li>\n<\/ul>\n<p><strong>Zapewnienie zgodno\u015bci z przepisami<\/strong><\/p>\n<p>Etykiety s\u0105 niezb\u0119dne do zapewnienia zgodno\u015bci z r\u00f3\u017cnymi przepisami i normami, w tym:<\/p>\n<ul>\n<li><strong>Safety warnings and instructions<\/strong><\/li>\n<li><strong>Informacje o zawarto\u015bci materia\u0142u<\/strong><\/li>\n<li><strong>Instrukcje dotycz\u0105ce utylizacji i recyklingu<\/strong><\/li>\n<\/ul>\n<p><strong>Wzmacnianie komunikacji i budowanie marki<\/strong><\/p>\n<p>Etykiety mog\u0105 by\u0107 r\u00f3wnie\u017c u\u017cywane do wzmacniania komunikacji i budowania marki poprzez:<\/p>\n<ul>\n<li><strong>Wy\u015bwietlanie logo firmy i element\u00f3w brandingowych<\/strong><\/li>\n<li><strong>Wzmacnianie przekazu i warto\u015bci marki<\/strong><\/li>\n<li><strong>Tworzenie sp\u00f3jnego i profesjonalnego wizerunku marki<\/strong><\/li>\n<\/ul>\n<p><strong>Zastosowania<\/strong><\/p>\n<p>Etykiety s\u0105 szeroko stosowane w r\u00f3\u017cnorodnych zastosowaniach, w tym:<\/p>\n<ul>\n<li><strong>Elektronika u\u017cytkowa<\/strong><\/li>\n<li><strong>Urz\u0105dzenia medyczne<\/strong><\/li>\n<li><strong>Opakowania \u017cywno\u015bci i napoj\u00f3w<\/strong><\/li>\n<li><strong>Produkty przemys\u0142owe<\/strong><\/li>\n<li><strong>Spedycja i logistyka<\/strong><\/li>\n<\/ul>\n<p><strong>Konfigurowalne rozwi\u0105zania<\/strong><\/p>\n<p>Oferujemy szeroki zakres opcji dostosowywania do konkretnych potrzeb, w tym:<\/p>\n<ul>\n<li><strong>R\u00f3\u017cnorodno\u015b\u0107 materia\u0142\u00f3w i wyko\u0144cze\u0144<\/strong><\/li>\n<li><strong>Niestandardowy druk i grafika<\/strong><\/li>\n<li><strong>Wykrawanie i kszta\u0142ty<\/strong><\/li>\n<li><strong>Opcje klejenia<\/strong><\/li>\n<\/ul>\n<p><strong>Wsp\u00f3\u0142pracuj z do\u015bwiadczonym producentem etykiet<\/strong><\/p>\n<p>Dzi\u0119ki wieloletniemu do\u015bwiadczeniu i zaanga\u017cowaniu w jako\u015b\u0107, jeste\u015bmy Twoim zaufanym \u017ar\u00f3d\u0142em niestandardowych etykiet. Nasz zesp\u00f3\u0142 ekspert\u00f3w pomo\u017ce Ci zaprojektowa\u0107 i wyprodukowa\u0107 idealne etykiety, kt\u00f3re wzmocni\u0105 identyfikacj\u0119, komunikacj\u0119 i branding Twojego produktu.<\/p>\n<p><strong>Skontaktuj si\u0119 z nami ju\u017c dzi\u015b<\/strong>\u00a0aby dowiedzie\u0107 si\u0119 wi\u0119cej o naszych rozwi\u0105zaniach w zakresie etykiet i o tym, jak mo\u017cemy pom\u00f3c w podniesieniu jako\u015bci Twoich produkt\u00f3w.<\/p>","protected":false},"excerpt":{"rendered":"<p>Etykiety s\u0105 kluczowymi elementami, kt\u00f3re dostarczaj\u0105 jasnych i zwi\u0119z\u0142ych informacji o produktach, zapewniaj\u0105c ich w\u0142a\u015bciwe u\u017cytkowanie, identyfikacj\u0119 i zgodno\u015b\u0107 z przepisami. Te wszechstronne etykiety mo\u017cna przymocowa\u0107 do szerokiej gamy powierzchni, w tym opakowa\u0144, komponent\u00f3w i wyrob\u00f3w gotowych.<\/p>","protected":false},"featured_media":1750,"template":"","meta":[],"product_brand":[],"product_cat":[15],"product_tag":[],"class_list":{"0":"post-1779","1":"product","2":"type-product","3":"status-publish","4":"has-post-thumbnail","6":"product_cat-print-label","8":"first","9":"instock","10":"shipping-taxable","11":"product-type-simple"},"_links":{"self":[{"href":"https:\/\/membraneswitchmfg.com\/pl\/wp-json\/wp\/v2\/product\/1779","targetHints":{"allow":["GET"]}}],"collection":[{"href":"https:\/\/membraneswitchmfg.com\/pl\/wp-json\/wp\/v2\/product"}],"about":[{"href":"https:\/\/membraneswitchmfg.com\/pl\/wp-json\/wp\/v2\/types\/product"}],"wp:featuredmedia":[{"embeddable":true,"href":"https:\/\/membraneswitchmfg.com\/pl\/wp-json\/wp\/v2\/media\/1750"}],"wp:attachment":[{"href":"https:\/\/membraneswitchmfg.com\/pl\/wp-json\/wp\/v2\/media?parent=1779"}],"wp:term":[{"taxonomy":"product_brand","embeddable":true,"href":"https:\/\/membraneswitchmfg.com\/pl\/wp-json\/wp\/v2\/product_brand?post=1779"},{"taxonomy":"product_cat","embeddable":true,"href":"https:\/\/membraneswitchmfg.com\/pl\/wp-json\/wp\/v2\/product_cat?post=1779"},{"taxonomy":"product_tag","embeddable":true,"href":"https:\/\/membraneswitchmfg.com\/pl\/wp-json\/wp\/v2\/product_tag?post=1779"}],"curies":[{"name":"wp","href":"https:\/\/api.w.org\/{rel}","templated":true}]}}