{"id":1781,"date":"2024-06-24T05:57:57","date_gmt":"2024-06-24T05:57:57","guid":{"rendered":"https:\/\/membraneswitchmfg.com\/manufacturer\/membrane-switch-back-support\/"},"modified":"2024-07-25T08:37:56","modified_gmt":"2024-07-25T08:37:56","slug":"membrane-switch-back-support","status":"publish","type":"product","link":"https:\/\/membraneswitchmfg.com\/pl\/manufacturer\/membrane-switch-back-support\/","title":{"rendered":"Prze\u0142\u0105cznik membranowy + wsparcie plec\u00f3w"},"content":{"rendered":"<h2><strong><b>Prze\u0142\u0105cznik membranowy + wsparcie plec\u00f3w: Zwi\u0119kszona trwa\u0142o\u015b\u0107 i funkcjonalno\u015b\u0107<\/b><\/strong><\/h2>\n<p><strong>Zwi\u0119kszona trwa\u0142o\u015b\u0107 i stabilno\u015b\u0107<\/strong><\/p>\n<p>Tylne podparcie zapewnia sztywn\u0105 podstaw\u0119 dla prze\u0142\u0105cznika membranowego, znacznie poprawiaj\u0105c jego trwa\u0142o\u015b\u0107 i \u017cywotno\u015b\u0107. Jest to szczeg\u00f3lnie korzystne w \u015brodowiskach, w kt\u00f3rych prze\u0142\u0105cznik jest nara\u017cony na cz\u0119ste u\u017cytkowanie lub trudne warunki.<\/p>\n<ul>\n<li><strong>Odporno\u015b\u0107 na odkszta\u0142cenia i zu\u017cycie<\/strong><\/li>\n<li><strong>Chroni prze\u0142\u0105cznik przed uderzeniami i wibracjami<\/strong><\/li>\n<li><strong>Wyd\u0142u\u017ca \u017cywotno\u015b\u0107 prze\u0142\u0105cznika<\/strong><\/li>\n<\/ul>\n<p><strong>Ulepszona funkcjonalno\u015b\u0107 i opcje monta\u017cu<\/strong><\/p>\n<p>Wspornik tylny u\u0142atwia bezpieczny i precyzyjny monta\u017c prze\u0142\u0105cznika membranowego, zapewniaj\u0105c prawid\u0142owe wyr\u00f3wnanie i dzia\u0142anie. Umo\u017cliwia r\u00f3wnie\u017c integracj\u0119 dodatkowych komponent\u00f3w, takich jak diody LED i z\u0142\u0105cza.<\/p>\n<ul>\n<li><strong>Umo\u017cliwia monta\u017c podtynkowy lub podniesiony<\/strong><\/li>\n<li><strong>Zapewnia otwory monta\u017cowe i ko\u0142ki<\/strong><\/li>\n<li><strong>Umo\u017cliwia integracj\u0119 elektroniki<\/strong><\/li>\n<\/ul>\n<p><strong>Zwi\u0119kszona estetyka i profesjonalny wygl\u0105d<\/strong><\/p>\n<p>Wspornik tylny poprawia og\u00f3ln\u0105 estetyk\u0119 prze\u0142\u0105cznika membranowego, tworz\u0105c bardziej profesjonalny i atrakcyjny wizualnie wygl\u0105d. Mo\u017cna go dostosowa\u0107 za pomoc\u0105 kolor\u00f3w, tekstur i wyko\u0144cze\u0144, aby pasowa\u0142 do projektu urz\u0105dzenia.<\/p>\n<ul>\n<li><strong>Elegancki i nowoczesny design<\/strong><\/li>\n<li><strong>R\u00f3\u017cnorodno\u015b\u0107 kolor\u00f3w i wyko\u0144cze\u0144<\/strong><\/li>\n<li><strong>Konfigurowalna grafika i logo<\/strong><\/li>\n<\/ul>\n<p><strong>Zastosowania<\/strong><\/p>\n<p>Prze\u0142\u0105czniki membranowe z podparciem tylnym s\u0105 szeroko stosowane w r\u00f3\u017cnych aplikacjach, w tym:<\/p>\n<ul>\n<li><strong>Przemys\u0142owe panele sterowania<\/strong><\/li>\n<li><strong>Urz\u0105dzenia medyczne<\/strong><\/li>\n<li><strong>Elektronika u\u017cytkowa<\/strong><\/li>\n<li><strong>Sprz\u0119t telekomunikacyjny<\/strong><\/li>\n<li><strong>Konsole transportowe<\/strong><\/li>\n<\/ul>\n<p><strong>Konfigurowalne rozwi\u0105zania<\/strong><\/p>\n<p>Oferujemy szeroki zakres opcji dostosowywania do konkretnych potrzeb, w tym:<\/p>\n<ul>\n<li><strong>R\u00f3\u017cnorodne materia\u0142y podparcia plec\u00f3w (aluminium, plastik itp.)<\/strong><\/li>\n<li><strong>Niestandardowe wymiary i kszta\u0142ty<\/strong><\/li>\n<li><strong>Wyci\u0119cia i otwory na komponenty<\/strong><\/li>\n<li><strong>Obr\u00f3bka powierzchni i wyko\u0144czenia<\/strong><\/li>\n<\/ul>\n<p><strong>Wsp\u00f3\u0142praca z do\u015bwiadczonym producentem prze\u0142\u0105cznik\u00f3w membranowych<\/strong><\/p>\n<p>Dzi\u0119ki wieloletniemu do\u015bwiadczeniu i zaanga\u017cowaniu w jako\u015b\u0107, jeste\u015bmy zaufanym \u017ar\u00f3d\u0142em niestandardowych prze\u0142\u0105cznik\u00f3w membranowych z tylnym wsparciem. Nasz zesp\u00f3\u0142 ekspert\u00f3w mo\u017ce pom\u00f3c w zaprojektowaniu i wyprodukowaniu idealnych prze\u0142\u0105cznik\u00f3w, kt\u00f3re zwi\u0119ksz\u0105 trwa\u0142o\u015b\u0107, funkcjonalno\u015b\u0107 i estetyk\u0119 produktu.<\/p>\n<p><strong>Skontaktuj si\u0119 z nami ju\u017c dzi\u015b<\/strong>\u00a0aby dowiedzie\u0107 si\u0119 wi\u0119cej o naszych rozwi\u0105zaniach prze\u0142\u0105cznik\u00f3w membranowych z obs\u0142ug\u0105 tyln\u0105 i o tym, jak mo\u017cemy pom\u00f3c Ci ulepszy\u0107 Twoje produkty.<\/p>\n<p><strong>Dodatkowe s\u0142owa kluczowe:<\/strong>\u00a0elastyczny prze\u0142\u0105cznik membranowy, w\u0142\u0105cznik\/wy\u0142\u0105cznik membranowy<\/p>","protected":false},"excerpt":{"rendered":"<p>Prze\u0142\u0105czniki membranowe w po\u0142\u0105czeniu ze wspornikiem tylnym oferuj\u0105 solidne i wszechstronne rozwi\u0105zanie dla interfejs\u00f3w u\u017cytkownika, \u0142\u0105cz\u0105c dotykowe sprz\u0119\u017cenie zwrotne prze\u0142\u0105cznik\u00f3w membranowych z integralno\u015bci\u0105 strukturaln\u0105 panelu tylnego. Taka integracja zwi\u0119ksza trwa\u0142o\u015b\u0107, funkcjonalno\u015b\u0107 i estetyk\u0119 prze\u0142\u0105cznika, czyni\u0105c go idealnym do szerokiego zakresu zastosowa\u0144.<\/p>","protected":false},"featured_media":1754,"template":"","meta":[],"product_brand":[],"product_cat":[40],"product_tag":[],"class_list":{"0":"post-1781","1":"product","2":"type-product","3":"status-publish","4":"has-post-thumbnail","6":"product_cat-membrane-switch","8":"first","9":"instock","10":"shipping-taxable","11":"product-type-simple"},"_links":{"self":[{"href":"https:\/\/membraneswitchmfg.com\/pl\/wp-json\/wp\/v2\/product\/1781","targetHints":{"allow":["GET"]}}],"collection":[{"href":"https:\/\/membraneswitchmfg.com\/pl\/wp-json\/wp\/v2\/product"}],"about":[{"href":"https:\/\/membraneswitchmfg.com\/pl\/wp-json\/wp\/v2\/types\/product"}],"wp:featuredmedia":[{"embeddable":true,"href":"https:\/\/membraneswitchmfg.com\/pl\/wp-json\/wp\/v2\/media\/1754"}],"wp:attachment":[{"href":"https:\/\/membraneswitchmfg.com\/pl\/wp-json\/wp\/v2\/media?parent=1781"}],"wp:term":[{"taxonomy":"product_brand","embeddable":true,"href":"https:\/\/membraneswitchmfg.com\/pl\/wp-json\/wp\/v2\/product_brand?post=1781"},{"taxonomy":"product_cat","embeddable":true,"href":"https:\/\/membraneswitchmfg.com\/pl\/wp-json\/wp\/v2\/product_cat?post=1781"},{"taxonomy":"product_tag","embeddable":true,"href":"https:\/\/membraneswitchmfg.com\/pl\/wp-json\/wp\/v2\/product_tag?post=1781"}],"curies":[{"name":"wp","href":"https:\/\/api.w.org\/{rel}","templated":true}]}}