{"id":1783,"date":"2024-06-24T05:57:57","date_gmt":"2024-06-24T05:57:57","guid":{"rendered":"https:\/\/membraneswitchmfg.com\/manufacturer\/oca-membrane-switch-keypad\/"},"modified":"2024-06-25T14:00:06","modified_gmt":"2024-06-25T14:00:06","slug":"oca-membrane-switch-keypad","status":"publish","type":"product","link":"https:\/\/membraneswitchmfg.com\/pl\/manufacturer\/oca-membrane-switch-keypad\/","title":{"rendered":"Klawiatura prze\u0142\u0105cznika membranowego OCA"},"content":{"rendered":"<h2><strong><b>Klawiatura z prze\u0142\u0105cznikiem membranowym OCA: Zwi\u0119kszona wytrzyma\u0142o\u015b\u0107 i reakcja na dotyk<\/b><\/strong><\/h2>\n<p><strong>Zwi\u0119kszona wytrzyma\u0142o\u015b\u0107 i wodoodporno\u015b\u0107<\/strong><\/p>\n<p>Klawiatury z prze\u0142\u0105cznikami membranowymi OCA s\u0105 wyj\u0105tkowo wytrzyma\u0142e, odporne na trudne warunki i cz\u0119ste u\u017cytkowanie. Warstwa OCA zapewnia barier\u0119 ochronn\u0105 przed wilgoci\u0105, kurzem i zanieczyszczeniami, wyd\u0142u\u017caj\u0105c \u017cywotno\u015b\u0107 klawiatury.<\/p>\n<ul>\n<li><strong>Odporno\u015b\u0107 na wod\u0119, chemikalia i promienie UV<\/strong><\/li>\n<li><strong>Odporno\u015b\u0107 na ekstremalne temperatury i wibracje<\/strong><\/li>\n<li><strong>Nadaje si\u0119 do \u015brodowisk zewn\u0119trznych i przemys\u0142owych<\/strong><\/li>\n<\/ul>\n<p><strong>Doskona\u0142a reakcja na dotyk i wyra\u017ane sprz\u0119\u017cenie zwrotne<\/strong><\/p>\n<p>Klawiatury z prze\u0142\u0105cznikami membranowymi OCA zapewniaj\u0105 precyzyjn\u0105 i sp\u00f3jn\u0105 reakcj\u0119 dotykow\u0105, zapewniaj\u0105c dok\u0142adne i niezawodne wprowadzanie danych przez u\u017cytkownika. Warstwa OCA zwi\u0119ksza skok klawisza i zapewnia wyra\u017ane sprz\u0119\u017cenie zwrotne dla pozytywnego potwierdzenia u\u017cytkownika.<\/p>\n<ul>\n<li><strong>Precyzyjne i sp\u00f3jne uruchamianie przycisk\u00f3w<\/strong><\/li>\n<li><strong>Wyra\u017ane klikni\u0119cie dla dotykowego potwierdzenia<\/strong><\/li>\n<li><strong>Minimalizuje b\u0142\u0119dy i poprawia komfort u\u017cytkowania<\/strong><\/li>\n<\/ul>\n<p><strong>Zwi\u0119kszona przejrzysto\u015b\u0107 obrazu i opcje pod\u015bwietlenia<\/strong><\/p>\n<p>Klawiatury z prze\u0142\u0105cznikami membranowymi OCA oferuj\u0105 wyj\u0105tkow\u0105 przejrzysto\u015b\u0107 wizualn\u0105, z wyra\u017anymi legendami i symbolami, kt\u00f3re s\u0105 \u0142atwe do odczytania nawet przy s\u0142abym o\u015bwietleniu. Warstwa OCA pozwala na jednolite pod\u015bwietlenie, zapewniaj\u0105c wyra\u017an\u0105 widoczno\u015b\u0107 w warunkach s\u0142abego o\u015bwietlenia.<\/p>\n<ul>\n<li><strong>Wyra\u017ane i czytelne legendy i symbole<\/strong><\/li>\n<li><strong>Opcje jednolitego pod\u015bwietlenia dla lepszej widoczno\u015bci<\/strong><\/li>\n<li><strong>Konfigurowalna grafika i elementy brandingowe<\/strong><\/li>\n<\/ul>\n<p><strong>Zastosowania<\/strong><\/p>\n<p>Klawiatury membranowe OCA s\u0105 szeroko stosowane w r\u00f3\u017cnorodnych aplikacjach, w tym:<\/p>\n<ul>\n<li><strong>Przemys\u0142owe panele sterowania<\/strong><\/li>\n<li><strong>Urz\u0105dzenia medyczne<\/strong><\/li>\n<li><strong>Elektronika u\u017cytkowa<\/strong><\/li>\n<li><strong>Sprz\u0119t telekomunikacyjny<\/strong><\/li>\n<li><strong>Konsole transportowe<\/strong><\/li>\n<\/ul>\n<p><strong>Konfigurowalne rozwi\u0105zania<\/strong><\/p>\n<p>Oferujemy szeroki zakres opcji dostosowywania do konkretnych potrzeb, w tym:<\/p>\n<ul>\n<li><strong>R\u00f3\u017cne rozmiary, uk\u0142ady i konfiguracje klawiszy<\/strong><\/li>\n<li><strong>Niestandardowa grafika, legendy i elementy brandingowe<\/strong><\/li>\n<li><strong>Opcje i kolory pod\u015bwietlenia<\/strong><\/li>\n<li><strong>Integracja z dodatkowymi komponentami<\/strong><\/li>\n<\/ul>\n<p><strong>Wsp\u00f3\u0142praca z do\u015bwiadczonym producentem klawiatur prze\u0142\u0105cznik\u00f3w membranowych OCA<\/strong><\/p>\n<p>Dzi\u0119ki wieloletniemu do\u015bwiadczeniu i zaanga\u017cowaniu w jako\u015b\u0107, jeste\u015bmy zaufanym \u017ar\u00f3d\u0142em niestandardowych klawiatur membranowych OCA. Nasz zesp\u00f3\u0142 ekspert\u00f3w mo\u017ce pom\u00f3c w zaprojektowaniu i wyprodukowaniu idealnych klawiatur w celu zwi\u0119kszenia trwa\u0142o\u015bci produktu, reakcji na dotyk, przejrzysto\u015bci wizualnej i og\u00f3lnej wydajno\u015bci.<\/p>\n<p><strong>Skontaktuj si\u0119 z nami ju\u017c dzi\u015b<\/strong>\u00a0aby dowiedzie\u0107 si\u0119 wi\u0119cej o naszych klawiaturach z prze\u0142\u0105cznikami membranowymi OCA i o tym, jak mo\u017cemy pom\u00f3c Ci ulepszy\u0107 Twoje produkty.<\/p>","protected":false},"excerpt":{"rendered":"<p>Klawiatury membranowe OCA (Optically Clear Adhesive) stanowi\u0105 doskona\u0142\u0105 alternatyw\u0119 dla tradycyjnych klawiatur membranowych, zapewniaj\u0105c zwi\u0119kszon\u0105 trwa\u0142o\u015b\u0107, reakcj\u0119 dotykow\u0105 i przejrzysto\u015b\u0107 wizualn\u0105. Te innowacyjne klawiatury s\u0105 idealne do zastosowa\u0144 wymagaj\u0105cych wysokiej wydajno\u015bci i niezawodno\u015bci w trudnych warunkach.<\/p>","protected":false},"featured_media":1756,"template":"","meta":[],"product_brand":[],"product_cat":[40],"product_tag":[],"class_list":{"0":"post-1783","1":"product","2":"type-product","3":"status-publish","4":"has-post-thumbnail","6":"product_cat-membrane-switch","8":"first","9":"instock","10":"shipping-taxable","11":"product-type-simple"},"_links":{"self":[{"href":"https:\/\/membraneswitchmfg.com\/pl\/wp-json\/wp\/v2\/product\/1783","targetHints":{"allow":["GET"]}}],"collection":[{"href":"https:\/\/membraneswitchmfg.com\/pl\/wp-json\/wp\/v2\/product"}],"about":[{"href":"https:\/\/membraneswitchmfg.com\/pl\/wp-json\/wp\/v2\/types\/product"}],"wp:featuredmedia":[{"embeddable":true,"href":"https:\/\/membraneswitchmfg.com\/pl\/wp-json\/wp\/v2\/media\/1756"}],"wp:attachment":[{"href":"https:\/\/membraneswitchmfg.com\/pl\/wp-json\/wp\/v2\/media?parent=1783"}],"wp:term":[{"taxonomy":"product_brand","embeddable":true,"href":"https:\/\/membraneswitchmfg.com\/pl\/wp-json\/wp\/v2\/product_brand?post=1783"},{"taxonomy":"product_cat","embeddable":true,"href":"https:\/\/membraneswitchmfg.com\/pl\/wp-json\/wp\/v2\/product_cat?post=1783"},{"taxonomy":"product_tag","embeddable":true,"href":"https:\/\/membraneswitchmfg.com\/pl\/wp-json\/wp\/v2\/product_tag?post=1783"}],"curies":[{"name":"wp","href":"https:\/\/api.w.org\/{rel}","templated":true}]}}