{"id":1785,"date":"2024-06-24T05:57:57","date_gmt":"2024-06-24T05:57:57","guid":{"rendered":"https:\/\/membraneswitchmfg.com\/manufacturer\/thru-hole-silver-flex-circuit\/"},"modified":"2024-06-25T13:49:55","modified_gmt":"2024-06-25T13:49:55","slug":"thru-hole-silver-flex-circuit","status":"publish","type":"product","link":"https:\/\/membraneswitchmfg.com\/pl\/manufacturer\/thru-hole-silver-flex-circuit\/","title":{"rendered":"Obw\u00f3d THRU-HOLE Silver Flex"},"content":{"rendered":"<h2><strong><b>Obwody THRU-HOLE Silver Flex: Elastyczne i niezawodne po\u0142\u0105czenia dla r\u00f3\u017cnorodnych zastosowa\u0144<\/b><\/strong><\/h2>\n<p><strong>Zwi\u0119kszona elastyczno\u015b\u0107 i zdolno\u015b\u0107 adaptacji<\/strong><\/p>\n<p>Obwody THRU-HOLE Silver Flex Circuits s\u0105 bardzo elastyczne, dopasowuj\u0105c si\u0119 do z\u0142o\u017conych kszta\u0142t\u00f3w i geometrii. Dzi\u0119ki temu idealnie nadaj\u0105 si\u0119 do zastosowa\u0144, w kt\u00f3rych przestrze\u0144 jest ograniczona lub gdzie wymagany jest ruch.<\/p>\n<ul>\n<li><strong>Dostosowanie do zakrzywionych powierzchni i ciasnych przestrzeni<\/strong><\/li>\n<li><strong>Wytrzyma\u0142o\u015b\u0107 na zginanie, wyginanie i skr\u0119canie<\/strong><\/li>\n<li><strong>Nadaje si\u0119 do aplikacji dynamicznych i mobilnych<\/strong><\/li>\n<\/ul>\n<p><strong>Niezawodna przewodno\u015b\u0107 elektryczna<\/strong><\/p>\n<p>Przewodniki ze srebrnym atramentem zapewniaj\u0105 nisk\u0105 rezystancj\u0119 i wysok\u0105 wydajno\u015b\u0107 pr\u0105dow\u0105, umo\u017cliwiaj\u0105c niezawodn\u0105 transmisj\u0119 sygna\u0142u i dystrybucj\u0119 mocy.<\/p>\n<ul>\n<li><strong>Doskona\u0142a przewodno\u015b\u0107 zapewniaj\u0105ca wydajny transfer sygna\u0142u<\/strong><\/li>\n<li><strong>Niska rezystancja dla minimalnych strat mocy<\/strong><\/li>\n<li><strong>Odpowiedni do wymagaj\u0105cych zastosowa\u0144 elektrycznych<\/strong><\/li>\n<\/ul>\n<p><strong>Solidne platerowane otwory przelotowe<\/strong><\/p>\n<p>Platerowane otwory przelotowe zapewniaj\u0105 mocne i niezawodne po\u0142\u0105czenia mi\u0119dzy r\u00f3\u017cnymi warstwami obwodu elastycznego, zapewniaj\u0105c integralno\u015b\u0107 sygna\u0142u i stabilno\u015b\u0107 obwodu.<\/p>\n<ul>\n<li><strong>Bezpieczne po\u0142\u0105czenia zapewniaj\u0105ce niezawodn\u0105 transmisj\u0119 sygna\u0142u<\/strong><\/li>\n<li><strong>Odporno\u015b\u0107 na zu\u017cycie zapewnia d\u0142ugotrwa\u0142\u0105 wydajno\u015b\u0107<\/strong><\/li>\n<li><strong>Nadaje si\u0119 do trudnych i wymagaj\u0105cych \u015brodowisk<\/strong><\/li>\n<\/ul>\n<p><strong>Zastosowania<\/strong><\/p>\n<p>Obwody THRU-HOLE Silver Flex Circuits s\u0105 szeroko stosowane w r\u00f3\u017cnych aplikacjach, w tym:<\/p>\n<ul>\n<li><strong>Membranowe prze\u0142\u0105czniki przyciskowe<\/strong><\/li>\n<li><strong>Urz\u0105dzenia medyczne<\/strong><\/li>\n<li><strong>Elektronika u\u017cytkowa<\/strong><\/li>\n<li><strong>Przemys\u0142owe panele sterowania<\/strong><\/li>\n<li><strong>Sprz\u0119t motoryzacyjny i lotniczy<\/strong><\/li>\n<\/ul>\n<p><strong>Konfigurowalne rozwi\u0105zania<\/strong><\/p>\n<p>Oferujemy szeroki zakres opcji dostosowywania do konkretnych potrzeb, w tym:<\/p>\n<ul>\n<li><strong>R\u00f3\u017cnorodno\u015b\u0107 uk\u0142ad\u00f3w i konfiguracji obwod\u00f3w<\/strong><\/li>\n<li><strong>Niestandardowe wzory i rozmiary przewod\u00f3w<\/strong><\/li>\n<li><strong>R\u00f3\u017cne materia\u0142y i grubo\u015bci<\/strong><\/li>\n<li><strong>Wyko\u0144czenia powierzchni i pow\u0142oki ochronne<\/strong><\/li>\n<\/ul>\n<p><strong>Wsp\u00f3\u0142praca z do\u015bwiadczonym producentem obwod\u00f3w THRU-HOLE Silver Flex Circuit<\/strong><\/p>\n<p>Dzi\u0119ki wieloletniemu do\u015bwiadczeniu i zaanga\u017cowaniu w jako\u015b\u0107, jeste\u015bmy zaufanym \u017ar\u00f3d\u0142em niestandardowych obwod\u00f3w THRU-HOLE Silver Flex. Nasz zesp\u00f3\u0142 ekspert\u00f3w mo\u017ce pom\u00f3c w zaprojektowaniu i wyprodukowaniu idealnych obwod\u00f3w spe\u0142niaj\u0105cych okre\u015blone wymagania aplikacji.<\/p>\n<p><strong>Skontaktuj si\u0119 z nami ju\u017c dzi\u015b<\/strong>\u00a0aby dowiedzie\u0107 si\u0119 wi\u0119cej o naszych rozwi\u0105zaniach THRU-HOLE Silver Flex Circuit i o tym, jak mo\u017cemy pom\u00f3c Ci ulepszy\u0107 Twoje produkty.<\/p>","protected":false},"excerpt":{"rendered":"<p>Obwody THRU-HOLE Silver Flex Circuits oferuj\u0105 wszechstronne i niezawodne rozwi\u0105zanie dla po\u0142\u0105cze\u0144 mi\u0119dzysystemowych w szerokim zakresie zastosowa\u0144. Te elastyczne obwody charakteryzuj\u0105 si\u0119 srebrnymi przewodnikami i platerowanymi otworami przelotowymi, zapewniaj\u0105c doskona\u0142\u0105 przewodno\u015b\u0107, elastyczno\u015b\u0107 i trwa\u0142o\u015b\u0107.<\/p>","protected":false},"featured_media":1760,"template":"","meta":[],"product_brand":[],"product_cat":[40],"product_tag":[],"class_list":{"0":"post-1785","1":"product","2":"type-product","3":"status-publish","4":"has-post-thumbnail","6":"product_cat-membrane-switch","8":"first","9":"instock","10":"shipping-taxable","11":"product-type-simple"},"_links":{"self":[{"href":"https:\/\/membraneswitchmfg.com\/pl\/wp-json\/wp\/v2\/product\/1785","targetHints":{"allow":["GET"]}}],"collection":[{"href":"https:\/\/membraneswitchmfg.com\/pl\/wp-json\/wp\/v2\/product"}],"about":[{"href":"https:\/\/membraneswitchmfg.com\/pl\/wp-json\/wp\/v2\/types\/product"}],"wp:featuredmedia":[{"embeddable":true,"href":"https:\/\/membraneswitchmfg.com\/pl\/wp-json\/wp\/v2\/media\/1760"}],"wp:attachment":[{"href":"https:\/\/membraneswitchmfg.com\/pl\/wp-json\/wp\/v2\/media?parent=1785"}],"wp:term":[{"taxonomy":"product_brand","embeddable":true,"href":"https:\/\/membraneswitchmfg.com\/pl\/wp-json\/wp\/v2\/product_brand?post=1785"},{"taxonomy":"product_cat","embeddable":true,"href":"https:\/\/membraneswitchmfg.com\/pl\/wp-json\/wp\/v2\/product_cat?post=1785"},{"taxonomy":"product_tag","embeddable":true,"href":"https:\/\/membraneswitchmfg.com\/pl\/wp-json\/wp\/v2\/product_tag?post=1785"}],"curies":[{"name":"wp","href":"https:\/\/api.w.org\/{rel}","templated":true}]}}