{"id":1786,"date":"2024-06-24T05:57:57","date_gmt":"2024-06-24T05:57:57","guid":{"rendered":"https:\/\/membraneswitchmfg.com\/manufacturer\/medical-membrane-switches\/"},"modified":"2024-06-25T13:43:30","modified_gmt":"2024-06-25T13:43:30","slug":"medical-membrane-switches","status":"publish","type":"product","link":"https:\/\/membraneswitchmfg.com\/pl\/manufacturer\/medical-membrane-switches\/","title":{"rendered":"Medyczny prze\u0142\u0105cznik membranowy"},"content":{"rendered":"<h2><strong><b>Medyczny prze\u0142\u0105cznik membranowy: Precyzja, niezawodno\u015b\u0107 i bezpiecze\u0144stwo w zastosowaniach medycznych<\/b><\/strong><\/h2>\n<p><strong>Precyzja i reakcja dotykowa<\/strong><\/p>\n<p>Medyczne prze\u0142\u0105czniki membranowe oferuj\u0105 precyzyjne uruchamianie i sp\u00f3jn\u0105 reakcj\u0119 dotykow\u0105, zapewniaj\u0105c dok\u0142adne wprowadzanie danych przez u\u017cytkownika nawet w wymagaj\u0105cych sytuacjach. Jest to szczeg\u00f3lnie wa\u017cne w przypadku urz\u0105dze\u0144 stosowanych w delikatnych procedurach lub tam, gdzie bezpiecze\u0144stwo pacjenta jest najwa\u017cniejsze.<\/p>\n<ul>\n<li><strong>Precyzyjne i sp\u00f3jne naci\u015bni\u0119cia klawiszy zapewniaj\u0105ce bezb\u0142\u0119dn\u0105 prac\u0119<\/strong><\/li>\n<li><strong>Wyra\u017ane sprz\u0119\u017cenie dotykowe zapewniaj\u0105ce pozytywne potwierdzenie u\u017cytkownika<\/strong><\/li>\n<li><strong>Odpowiedni do zastosowa\u0144 wymagaj\u0105cych wysokiej precyzji i kontroli<\/strong><\/li>\n<\/ul>\n<p><strong>Niezawodno\u015b\u0107 i trwa\u0142o\u015b\u0107<\/strong><\/p>\n<p>Medyczne prze\u0142\u0105czniki membranowe s\u0105 zbudowane tak, aby wytrzyma\u0107 rygory ci\u0105g\u0142ego u\u017cytkowania i agresywnych \u015brodk\u00f3w czyszcz\u0105cych, zapewniaj\u0105c d\u0142ugotrwa\u0142\u0105 wydajno\u015b\u0107 w wymagaj\u0105cych \u015brodowiskach opieki zdrowotnej.<\/p>\n<ul>\n<li><strong>Trwa\u0142a konstrukcja zapewniaj\u0105ca d\u0142ug\u0105 \u017cywotno\u015b\u0107<\/strong><\/li>\n<li><strong>Odporny na ciecze, chemikalia i \u015brodki dezynfekuj\u0105ce<\/strong><\/li>\n<li><strong>Odpowiedni do obszar\u00f3w o du\u017cym nat\u0119\u017ceniu ruchu i cz\u0119stym czyszczeniu<\/strong><\/li>\n<\/ul>\n<p><strong>Bezpiecze\u0144stwo i kontrola infekcji<\/strong><\/p>\n<p>Medyczne prze\u0142\u0105czniki membranowe zosta\u0142y zaprojektowane z my\u015bl\u0105 o bezpiecze\u0144stwie, posiadaj\u0105 powierzchnie antybakteryjne oraz g\u0142adkie, nieporowate powierzchnie, kt\u00f3re minimalizuj\u0105 ryzyko zanieczyszczenia krzy\u017cowego.<\/p>\n<ul>\n<li><strong>Powierzchnie antybakteryjne hamuj\u0105 wzrost bakterii i wirus\u00f3w<\/strong><\/li>\n<li><strong>G\u0142adkie, nieporowate powierzchnie s\u0105 \u0142atwe do czyszczenia i dezynfekcji<\/strong><\/li>\n<li><strong>Zgodno\u015b\u0107 z odpowiednimi normami i przepisami medycznymi<\/strong><\/li>\n<\/ul>\n<p><strong>Zastosowania<\/strong><\/p>\n<p>Medyczne prze\u0142\u0105czniki membranowe s\u0105 szeroko stosowane w r\u00f3\u017cnych zastosowaniach medycznych, w tym:<\/p>\n<ul>\n<li><strong>Panele sterowania sprz\u0119tem medycznym<\/strong><\/li>\n<li><strong>Systemy monitorowania pacjent\u00f3w<\/strong><\/li>\n<li><strong>Instrumenty chirurgiczne<\/strong><\/li>\n<li><strong>Sprz\u0119t diagnostyczny<\/strong><\/li>\n<li><strong>Sprz\u0119t laboratoryjny<\/strong><\/li>\n<\/ul>\n<p><strong>Konfigurowalne rozwi\u0105zania<\/strong><\/p>\n<p>Oferujemy szeroki zakres opcji dostosowywania do konkretnych potrzeb, w tym:<\/p>\n<ul>\n<li><strong>R\u00f3\u017cnorodno\u015b\u0107 rozmiar\u00f3w, kszta\u0142t\u00f3w i konfiguracji prze\u0142\u0105cznik\u00f3w<\/strong><\/li>\n<li><strong>Niestandardowa grafika, legendy i elementy brandingowe<\/strong><\/li>\n<li><strong>Opcje pod\u015bwietlenia i o\u015bwietlenia<\/strong><\/li>\n<li><strong>Integracja z dodatkowymi komponentami<\/strong><\/li>\n<\/ul>\n<p><strong>Wsp\u00f3\u0142pracuj z do\u015bwiadczonym producentem medycznych prze\u0142\u0105cznik\u00f3w membranowych<\/strong><\/p>\n<p>Dzi\u0119ki wieloletniemu do\u015bwiadczeniu i zaanga\u017cowaniu w jako\u015b\u0107 jeste\u015bmy Twoim zaufanym \u017ar\u00f3d\u0142em niestandardowych medycznych prze\u0142\u0105cznik\u00f3w membranowych. Nasz zesp\u00f3\u0142 ekspert\u00f3w mo\u017ce pom\u00f3c Ci zaprojektowa\u0107 i wyprodukowa\u0107 idealne prze\u0142\u0105czniki, kt\u00f3re spe\u0142ni\u0105 Twoje specyficzne wymagania aplikacyjne i zapewni\u0105 bezpiecze\u0144stwo i dobre samopoczucie pacjent\u00f3w.<\/p>\n<p><strong>Skontaktuj si\u0119 z nami ju\u017c dzi\u015b<\/strong>\u00a0aby dowiedzie\u0107 si\u0119 wi\u0119cej o naszych rozwi\u0105zaniach w zakresie medycznych prze\u0142\u0105cznik\u00f3w membranowych i o tym, jak mo\u017cemy pom\u00f3c Ci ulepszy\u0107 Twoje urz\u0105dzenia medyczne.<\/p>\n<p><strong>Dodatkowe s\u0142owa kluczowe:<\/strong>\u00a0prze\u0142\u0105cznik panelu membranowego, przemys\u0142owy prze\u0142\u0105cznik membranowy<\/p>","protected":false},"excerpt":{"rendered":"<p>Membranowe prze\u0142\u0105czniki medyczne s\u0105 projektowane, aby spe\u0142nia\u0107 rygorystyczne wymagania \u015brodowisk opieki zdrowotnej, zapewniaj\u0105c precyzyjne, niezawodne i bezpieczne interfejsy u\u017cytkownika dla szerokiej gamy urz\u0105dze\u0144 medycznych. Prze\u0142\u0105czniki te s\u0105 produkowane z wysokiej jako\u015bci materia\u0142\u00f3w i rygorystycznie testowane, aby zapewni\u0107 optymaln\u0105 wydajno\u015b\u0107 w warunkach intensywnej terapii.<\/p>","protected":false},"featured_media":1753,"template":"","meta":[],"product_brand":[],"product_cat":[40],"product_tag":[],"class_list":{"0":"post-1786","1":"product","2":"type-product","3":"status-publish","4":"has-post-thumbnail","6":"product_cat-membrane-switch","8":"first","9":"instock","10":"shipping-taxable","11":"product-type-simple"},"_links":{"self":[{"href":"https:\/\/membraneswitchmfg.com\/pl\/wp-json\/wp\/v2\/product\/1786","targetHints":{"allow":["GET"]}}],"collection":[{"href":"https:\/\/membraneswitchmfg.com\/pl\/wp-json\/wp\/v2\/product"}],"about":[{"href":"https:\/\/membraneswitchmfg.com\/pl\/wp-json\/wp\/v2\/types\/product"}],"wp:featuredmedia":[{"embeddable":true,"href":"https:\/\/membraneswitchmfg.com\/pl\/wp-json\/wp\/v2\/media\/1753"}],"wp:attachment":[{"href":"https:\/\/membraneswitchmfg.com\/pl\/wp-json\/wp\/v2\/media?parent=1786"}],"wp:term":[{"taxonomy":"product_brand","embeddable":true,"href":"https:\/\/membraneswitchmfg.com\/pl\/wp-json\/wp\/v2\/product_brand?post=1786"},{"taxonomy":"product_cat","embeddable":true,"href":"https:\/\/membraneswitchmfg.com\/pl\/wp-json\/wp\/v2\/product_cat?post=1786"},{"taxonomy":"product_tag","embeddable":true,"href":"https:\/\/membraneswitchmfg.com\/pl\/wp-json\/wp\/v2\/product_tag?post=1786"}],"curies":[{"name":"wp","href":"https:\/\/api.w.org\/{rel}","templated":true}]}}