{"id":1788,"date":"2024-06-24T05:57:57","date_gmt":"2024-06-24T05:57:57","guid":{"rendered":"https:\/\/membraneswitchmfg.com\/manufacturer\/digitally-printed-graphics\/"},"modified":"2024-06-25T13:43:13","modified_gmt":"2024-06-25T13:43:13","slug":"digitally-printed-graphics","status":"publish","type":"product","link":"https:\/\/membraneswitchmfg.com\/pl\/manufacturer\/digitally-printed-graphics\/","title":{"rendered":"Grafika drukowana cyfrowo"},"content":{"rendered":"<h2><strong><b>Grafika drukowana cyfrowo: Ulepszanie prze\u0142\u0105cznik\u00f3w membranowych \u017cywymi wzorami i trwa\u0142o\u015bci\u0105<\/b><\/strong><\/h2>\n<p><strong>Uwolnij kreatywno\u015b\u0107 projektowania<\/strong><\/p>\n<p>Druk cyfrowy pozwala na tworzenie skomplikowanych wzor\u00f3w, z\u0142o\u017conych deseni i fotorealistycznych obraz\u00f3w, ograniczonych jedynie Twoj\u0105 wyobra\u017ani\u0105. Otwiera to \u015bwiat mo\u017cliwo\u015bci dostosowywania prze\u0142\u0105cznik\u00f3w membranowych do identyfikacji wizualnej marki lub estetyki produktu.<\/p>\n<ul>\n<li><strong>Wprowad\u017a logo firmy, elementy brandingowe i grafik\u0119 produktu<\/strong><\/li>\n<li><strong>Tw\u00f3rz atrakcyjne wizualnie i przyjazne dla u\u017cytkownika interfejsy<\/strong><\/li>\n<li><strong>Zwi\u0119ksz odr\u00f3\u017cnienie produktu i rozpoznawalno\u015b\u0107 marki<\/strong><\/li>\n<\/ul>\n<p><strong>\u017bywe kolory i trwa\u0142e wra\u017cenia<\/strong><\/p>\n<p>Druk cyfrowy wykorzystuje wysokiej jako\u015bci atramenty, kt\u00f3re wytwarzaj\u0105 bogate, \u017cywe kolory, odporne na blakni\u0119cie i zu\u017cycie, nawet w trudnych warunkach. Zapewnia to, \u017ce prze\u0142\u0105czniki membranowe zachowuj\u0105 sw\u00f3j wygl\u0105d i wp\u0142yw przez lata.<\/p>\n<ul>\n<li><strong>Wyra\u017any i czytelny tekst i symbole<\/strong><\/li>\n<li><strong>Sp\u00f3jne odwzorowanie kolor\u00f3w w seriach produkcyjnych<\/strong><\/li>\n<li><strong>Resistant to scratches, chemicals, and UV rays<\/strong><\/li>\n<\/ul>\n<p><strong>Trwa\u0142e i ekonomiczne rozwi\u0105zania<\/strong><\/p>\n<p>Grafika drukowana cyfrowo jest nie tylko osza\u0142amiaj\u0105ca wizualnie, ale tak\u017ce bardzo trwa\u0142a, wytrzymuje cz\u0119ste u\u017cytkowanie i agresywne \u015brodki czyszcz\u0105ce. To sprawia, \u017ce \u200b\u200bs\u0105 one op\u0142acalnym rozwi\u0105zaniem dla trwa\u0142ych prze\u0142\u0105cznik\u00f3w membranowych, kt\u00f3re zachowuj\u0105 sw\u00f3j wygl\u0105d i funkcjonalno\u015b\u0107 przez d\u0142ugi czas.<\/p>\n<p><strong>Zastosowania<\/strong><\/p>\n<p>Grafika drukowana cyfrowo jest szeroko stosowana w r\u00f3\u017cnorodnych zastosowaniach, w tym:<\/p>\n<ul>\n<li><strong>Przemys\u0142owe panele sterowania<\/strong><\/li>\n<li><strong>Urz\u0105dzenia medyczne<\/strong><\/li>\n<li><strong>Elektronika u\u017cytkowa<\/strong><\/li>\n<li><strong>Urz\u0105dzenia<\/strong><\/li>\n<li><strong>Maszyny i urz\u0105dzenia<\/strong><\/li>\n<\/ul>\n<p><strong>Wsp\u00f3\u0142pracuj z do\u015bwiadczonym producentem druku cyfrowego i prze\u0142\u0105cznik\u00f3w membranowych<\/strong><\/p>\n<p>Dzi\u0119ki wieloletniemu do\u015bwiadczeniu w druku cyfrowym i technologii prze\u0142\u0105cznik\u00f3w membranowych jeste\u015bmy Twoim zaufanym \u017ar\u00f3d\u0142em wysokiej jako\u015bci, niestandardowych prze\u0142\u0105cznik\u00f3w membranowych z nadrukiem. Nasz zesp\u00f3\u0142 ekspert\u00f3w b\u0119dzie \u015bci\u015ble wsp\u00f3\u0142pracowa\u0142 z Tob\u0105, aby zrozumie\u0107 Twoje wymagania projektowe i dostarczy\u0107 idealne rozwi\u0105zanie, kt\u00f3re ulepszy Twoje produkty.<\/p>\n<p><strong>Skontaktuj si\u0119 z nami ju\u017c dzi\u015b<\/strong>\u00a0aby dowiedzie\u0107 si\u0119 wi\u0119cej o naszych mo\u017cliwo\u015bciach druku cyfrowego i o tym, jak mo\u017cemy pom\u00f3c Ci ulepszy\u0107 Twoje prze\u0142\u0105czniki membranowe dzi\u0119ki osza\u0142amiaj\u0105cej grafice i d\u0142ugotrwa\u0142ej trwa\u0142o\u015bci.<\/p>","protected":false},"excerpt":{"rendered":"<p>Grafika drukowana cyfrowo zrewolucjonizowa\u0142a \u015bwiat prze\u0142\u0105cznik\u00f3w membranowych, oferuj\u0105c niezr\u00f3wnan\u0105 elastyczno\u015b\u0107 projektowania, \u017cywe kolory i wyj\u0105tkow\u0105 trwa\u0142o\u015b\u0107. Ta innowacyjna technika druku umo\u017cliwia tworzenie grafiki, logo i legend w wysokiej rozdzielczo\u015bci, kt\u00f3re przekszta\u0142caj\u0105 zwyk\u0142e prze\u0142\u0105czniki membranowe w atrakcyjne wizualnie i informacyjne interfejsy u\u017cytkownika.<\/p>","protected":false},"featured_media":1764,"template":"","meta":[],"product_brand":[],"product_cat":[40],"product_tag":[],"class_list":{"0":"post-1788","1":"product","2":"type-product","3":"status-publish","4":"has-post-thumbnail","6":"product_cat-membrane-switch","8":"first","9":"instock","10":"shipping-taxable","11":"product-type-simple"},"_links":{"self":[{"href":"https:\/\/membraneswitchmfg.com\/pl\/wp-json\/wp\/v2\/product\/1788","targetHints":{"allow":["GET"]}}],"collection":[{"href":"https:\/\/membraneswitchmfg.com\/pl\/wp-json\/wp\/v2\/product"}],"about":[{"href":"https:\/\/membraneswitchmfg.com\/pl\/wp-json\/wp\/v2\/types\/product"}],"wp:featuredmedia":[{"embeddable":true,"href":"https:\/\/membraneswitchmfg.com\/pl\/wp-json\/wp\/v2\/media\/1764"}],"wp:attachment":[{"href":"https:\/\/membraneswitchmfg.com\/pl\/wp-json\/wp\/v2\/media?parent=1788"}],"wp:term":[{"taxonomy":"product_brand","embeddable":true,"href":"https:\/\/membraneswitchmfg.com\/pl\/wp-json\/wp\/v2\/product_brand?post=1788"},{"taxonomy":"product_cat","embeddable":true,"href":"https:\/\/membraneswitchmfg.com\/pl\/wp-json\/wp\/v2\/product_cat?post=1788"},{"taxonomy":"product_tag","embeddable":true,"href":"https:\/\/membraneswitchmfg.com\/pl\/wp-json\/wp\/v2\/product_tag?post=1788"}],"curies":[{"name":"wp","href":"https:\/\/api.w.org\/{rel}","templated":true}]}}