{"id":1789,"date":"2024-06-24T05:57:57","date_gmt":"2024-06-24T05:57:57","guid":{"rendered":"https:\/\/membraneswitchmfg.com\/manufacturer\/screen-printed-graphics\/"},"modified":"2024-06-25T13:37:37","modified_gmt":"2024-06-25T13:37:37","slug":"screen-printed-graphics","status":"publish","type":"product","link":"https:\/\/membraneswitchmfg.com\/pl\/manufacturer\/screen-printed-graphics\/","title":{"rendered":"Grafika sitodrukowa"},"content":{"rendered":"<h2><strong><b>Grafika sitodrukowa: Trwa\u0142e i ekonomiczne rozwi\u0105zania dla nak\u0142adek na prze\u0142\u0105czniki membranowe<\/b><\/strong><\/h2>\n<p><strong>Trwa\u0142e i d\u0142ugotrwa\u0142e<\/strong><\/p>\n<p>Grafika sitodrukowa s\u0142ynie z wyj\u0105tkowej trwa\u0142o\u015bci, odporno\u015bci na trudne warunki, cz\u0119ste u\u017cytkowanie i agresywne \u015brodki czyszcz\u0105ce. Atrament mocno przylega do materia\u0142u nak\u0142adki, jest odporny na blakni\u0119cie, zarysowania i chemikalia.<\/p>\n<ul>\n<li><strong>Trwa\u0142e kolory i oznaczenia<\/strong><\/li>\n<li><strong>Odpowiednie do zastosowa\u0144 zewn\u0119trznych i przemys\u0142owych<\/strong><\/li>\n<li><strong>Odporne na zu\u017cycie<\/strong><\/li>\n<\/ul>\n<p><strong>Ekonomiczne dla produkcji wielkoseryjnej<\/strong><\/p>\n<p>Sitodruk jest szczeg\u00f3lnie op\u0142acalny w przypadku produkcji wielkoseryjnej, poniewa\u017c koszty konfiguracji rozk\u0142adaj\u0105 si\u0119 na du\u017c\u0105 liczb\u0119 jednostek. To sprawia, \u017ce jest to idealny wyb\u00f3r do zastosowa\u0144 wymagaj\u0105cych sp\u00f3jnego brandingu i wysokiego poziomu trwa\u0142o\u015bci.<\/p>\n<ul>\n<li><strong>Ni\u017csze koszty jednostkowe przy du\u017cych zam\u00f3wieniach<\/strong><\/li>\n<li><strong>Sp\u00f3jna jako\u015b\u0107 i wygl\u0105d<\/strong><\/li>\n<li><strong>Odpowiednie do produkcji masowej<\/strong><\/li>\n<\/ul>\n<p><strong>Wszechstronno\u015b\u0107 i opcje projektowania<\/strong><\/p>\n<p>Sitodruk mo\u017ce by\u0107 stosowany z szerok\u0105 gam\u0105 materia\u0142\u00f3w, w tym z tworzyw sztucznych, metali i tkanin. Oferuje r\u00f3wnie\u017c r\u00f3\u017cnorodne opcje projektowania, w tym:<\/p>\n<ul>\n<li><strong>Wyra\u017any i czytelny tekst i symbole<\/strong><\/li>\n<li><strong>\u017bywe i sp\u00f3jne kolory<\/strong><\/li>\n<li><strong>Z\u0142o\u017cone wzory i tekstury<\/strong><\/li>\n<\/ul>\n<p><strong>Zastosowania<\/strong><\/p>\n<p>Grafika sitodrukowa jest szeroko stosowana w r\u00f3\u017cnorodnych zastosowaniach, w tym:<\/p>\n<ul>\n<li><strong>Nak\u0142adki na prze\u0142\u0105czniki membranowe<\/strong><\/li>\n<li><strong>Panele sterowania<\/strong><\/li>\n<li><strong>Urz\u0105dzenia medyczne<\/strong><\/li>\n<li><strong>Elektronika u\u017cytkowa<\/strong><\/li>\n<li><strong>Urz\u0105dzenia<\/strong><\/li>\n<\/ul>\n<p><strong>Wsp\u00f3\u0142pracuj z do\u015bwiadczonym producentem sitodruku i prze\u0142\u0105cznik\u00f3w membranowych<\/strong><\/p>\n<p>Dzi\u0119ki wieloletniemu do\u015bwiadczeniu w sitodruku i technologii prze\u0142\u0105cznik\u00f3w membranowych jeste\u015bmy Twoim zaufanym \u017ar\u00f3d\u0142em wysokiej jako\u015bci, drukowanych na zam\u00f3wienie nak\u0142adek na prze\u0142\u0105czniki membranowe. Nasz zesp\u00f3\u0142 ekspert\u00f3w b\u0119dzie \u015bci\u015ble z Tob\u0105 wsp\u00f3\u0142pracowa\u0142, aby zapewni\u0107 dok\u0142adne odwzorowanie Twoich projekt\u00f3w oraz spe\u0142nienie przez prze\u0142\u0105czniki membranowe Twoich specyficznych wymaga\u0144 dotycz\u0105cych wydajno\u015bci i trwa\u0142o\u015bci.<\/p>\n<p><strong>Skontaktuj si\u0119 z nami ju\u017c dzi\u015b<\/strong>\u00a0aby dowiedzie\u0107 si\u0119 wi\u0119cej o naszych mo\u017cliwo\u015bciach sitodruku i o tym, jak mo\u017cemy pom\u00f3c w tworzeniu trwa\u0142ych i ekonomicznych nak\u0142adek na prze\u0142\u0105czniki membranowe.<\/p>","protected":false},"excerpt":{"rendered":"<p>Grafika sitodrukowa oferuje sprawdzon\u0105 i ekonomiczn\u0105 metod\u0119 tworzenia trwa\u0142ych i atrakcyjnych wizualnie nak\u0142adek na prze\u0142\u0105czniki membranowe. Ta wszechstronna technika druku wykorzystuje szablony i farby do przenoszenia wzor\u00f3w na r\u00f3\u017cne materia\u0142y, zapewniaj\u0105c precyzyjne i sp\u00f3jne rezultaty.<\/p>","protected":false},"featured_media":1765,"template":"","meta":[],"product_brand":[],"product_cat":[40],"product_tag":[],"class_list":{"0":"post-1789","1":"product","2":"type-product","3":"status-publish","4":"has-post-thumbnail","6":"product_cat-membrane-switch","8":"first","9":"instock","10":"shipping-taxable","11":"product-type-simple"},"_links":{"self":[{"href":"https:\/\/membraneswitchmfg.com\/pl\/wp-json\/wp\/v2\/product\/1789","targetHints":{"allow":["GET"]}}],"collection":[{"href":"https:\/\/membraneswitchmfg.com\/pl\/wp-json\/wp\/v2\/product"}],"about":[{"href":"https:\/\/membraneswitchmfg.com\/pl\/wp-json\/wp\/v2\/types\/product"}],"wp:featuredmedia":[{"embeddable":true,"href":"https:\/\/membraneswitchmfg.com\/pl\/wp-json\/wp\/v2\/media\/1765"}],"wp:attachment":[{"href":"https:\/\/membraneswitchmfg.com\/pl\/wp-json\/wp\/v2\/media?parent=1789"}],"wp:term":[{"taxonomy":"product_brand","embeddable":true,"href":"https:\/\/membraneswitchmfg.com\/pl\/wp-json\/wp\/v2\/product_brand?post=1789"},{"taxonomy":"product_cat","embeddable":true,"href":"https:\/\/membraneswitchmfg.com\/pl\/wp-json\/wp\/v2\/product_cat?post=1789"},{"taxonomy":"product_tag","embeddable":true,"href":"https:\/\/membraneswitchmfg.com\/pl\/wp-json\/wp\/v2\/product_tag?post=1789"}],"curies":[{"name":"wp","href":"https:\/\/api.w.org\/{rel}","templated":true}]}}