{"id":1790,"date":"2024-06-24T05:57:57","date_gmt":"2024-06-24T05:57:57","guid":{"rendered":"https:\/\/membraneswitchmfg.com\/manufacturer\/antimicrobial-membrane-switch\/"},"modified":"2024-06-25T13:35:10","modified_gmt":"2024-06-25T13:35:10","slug":"antimicrobial-membrane-switch","status":"publish","type":"product","link":"https:\/\/membraneswitchmfg.com\/pl\/manufacturer\/antimicrobial-membrane-switch\/","title":{"rendered":"Antybakteryjny prze\u0142\u0105cznik membranowy"},"content":{"rendered":"<h2><strong><b>Antybakteryjne prze\u0142\u0105czniki membranowe: Zwalczanie zarazk\u00f3w i zwi\u0119kszanie bezpiecze\u0144stwa u\u017cytkownik\u00f3w<\/b><\/strong><\/h2>\n<p><strong>Ochrona przed szkodliwymi mikroorganizmami<\/strong><\/p>\n<p>Antybakteryjne prze\u0142\u0105czniki membranowe s\u0105 nasycone \u015brodkami przeciwdrobnoustrojowymi, takimi jak jony srebra lub dodatki miedzi, kt\u00f3re aktywnie hamuj\u0105 wzrost bakterii, grzyb\u00f3w i wirus\u00f3w. Ta aktywna ochrona pomaga zapobiega\u0107 zanieczyszczeniom krzy\u017cowym i rozprzestrzenianiu si\u0119 infekcji, szczeg\u00f3lnie w warunkach intensywnej opieki.<\/p>\n<ul>\n<li><strong>Zmniejszenie ryzyka zaka\u017ce\u0144 zwi\u0105zanych z opiek\u0105 zdrowotn\u0105 (HAI)<\/strong><\/li>\n<li><strong>Ochrona przed rozprzestrzenianiem si\u0119 patogen\u00f3w w miejscach publicznych<\/strong><\/li>\n<li><strong>Utrzymanie higienicznego \u015brodowiska w warunkach przemys\u0142owych<\/strong><\/li>\n<\/ul>\n<p><strong>Zwi\u0119kszone bezpiecze\u0144stwo i dobre samopoczucie u\u017cytkownik\u00f3w<\/strong><\/p>\n<p>Dzi\u0119ki w\u0142\u0105czeniu ochrony przeciwdrobnoustrojowej prze\u0142\u0105czniki membranowe przyczyniaj\u0105 si\u0119 do bezpieczniejszego i zdrowszego \u015brodowiska dla u\u017cytkownik\u00f3w. Jest to szczeg\u00f3lnie wa\u017cne w miejscach, w kt\u00f3rych cz\u0119sty kontakt z powierzchniami jest powszechny, takich jak szpitale, laboratoria i obszary przygotowywania \u017cywno\u015bci.<\/p>\n<ul>\n<li><strong>Promowanie higieny r\u0105k i zapobieganie infekcjom<\/strong><\/li>\n<li><strong>Ochrona wra\u017cliwych populacji przed infekcjami<\/strong><\/li>\n<li><strong>Stworzenie poczucia bezpiecze\u0144stwa i zaufania dla u\u017cytkownik\u00f3w<\/strong><\/li>\n<\/ul>\n<p><strong>Trwa\u0142a i funkcjonalna konstrukcja<\/strong><\/p>\n<p>Antybakteryjne prze\u0142\u0105czniki membranowe s\u0105 nie tylko skuteczne przeciwko zarazkom, ale tak\u017ce zachowuj\u0105 trwa\u0142o\u015b\u0107 i funkcjonalno\u015b\u0107 oczekiwan\u0105 od standardowych prze\u0142\u0105cznik\u00f3w membranowych. S\u0105 one zaprojektowane tak, aby wytrzyma\u0107 cz\u0119ste u\u017cytkowanie, agresywne \u015brodki czyszcz\u0105ce i wymagaj\u0105ce \u015brodowiska.<\/p>\n<ul>\n<li><strong>Wyra\u017ane i responsywne sprz\u0119\u017cenie zwrotne<\/strong><\/li>\n<li><strong>Resistant to scratches, chemicals, and UV rays<\/strong><\/li>\n<li><strong>D\u0142ugotrwa\u0142a wydajno\u015b\u0107 w miejscach o du\u017cym nat\u0119\u017ceniu ruchu<\/strong><\/li>\n<\/ul>\n<p><strong>Zastosowania<\/strong><\/p>\n<p>Antybakteryjne prze\u0142\u0105czniki membranowe s\u0105 szeroko stosowane w r\u00f3\u017cnorodnych zastosowaniach, w kt\u00f3rych higiena i kontrola infekcji s\u0105 krytyczne, w tym:<\/p>\n<ul>\n<li><strong>Plac\u00f3wki opieki zdrowotnej:<\/strong>Szpitale, kliniki, laboratoria<\/li>\n<li><strong>Przestrzenie publiczne:<\/strong>Lotniska, w\u0119z\u0142y komunikacyjne, szko\u0142y<\/li>\n<li><strong>\u015arodowiska przemys\u0142owe:<\/strong>Przetw\u00f3rstwo \u017cywno\u015bci, produkcja, pomieszczenia czyste<\/li>\n<li><strong>Obiekty komercyjne:<\/strong>Sklepy detaliczne, restauracje, hotele<\/li>\n<\/ul>\n<p><strong>Wsp\u00f3\u0142praca z do\u015bwiadczonym producentem antybakteryjnych prze\u0142\u0105cznik\u00f3w membranowych<\/strong><\/p>\n<p>Dzi\u0119ki wieloletniemu do\u015bwiadczeniu w technologii przeciwdrobnoustrojowej i produkcji prze\u0142\u0105cznik\u00f3w membranowych jeste\u015bmy Twoim zaufanym \u017ar\u00f3d\u0142em wysokiej jako\u015bci antybakteryjnych prze\u0142\u0105cznik\u00f3w membranowych. Nasz zesp\u00f3\u0142 ekspert\u00f3w b\u0119dzie \u015bci\u015ble wsp\u00f3\u0142pracowa\u0142 z Tob\u0105, aby zrozumie\u0107 Twoje specyficzne potrzeby i dostarczy\u0107 niestandardowe rozwi\u0105zania, kt\u00f3re zwi\u0119ksz\u0105 bezpiecze\u0144stwo i dobre samopoczucie u\u017cytkownik\u00f3w.<\/p>\n<p><strong>Skontaktuj si\u0119 z nami ju\u017c dzi\u015b<\/strong>\u00a0aby dowiedzie\u0107 si\u0119 wi\u0119cej o naszych rozwi\u0105zaniach w zakresie antybakteryjnych prze\u0142\u0105cznik\u00f3w membranowych i o tym, jak mo\u017cemy pom\u00f3c Ci stworzy\u0107 czystsze, bezpieczniejsze i zdrowsze \u015brodowisko dla Twoich u\u017cytkownik\u00f3w.<\/p>","protected":false},"excerpt":{"rendered":"<p>W plac\u00f3wkach opieki zdrowotnej, przestrzeniach publicznych i \u015brodowiskach przemys\u0142owych utrzymanie czystego i higienicznego otoczenia jest najwa\u017cniejsze. Antybakteryjne prze\u0142\u0105czniki membranowe odgrywaj\u0105 kluczow\u0105 rol\u0119 w tym przedsi\u0119wzi\u0119ciu, w\u0142\u0105czaj\u0105c w\u0142a\u015bciwo\u015bci antybakteryjne do swojej konstrukcji, skutecznie zwalczaj\u0105c rozw\u00f3j szkodliwych mikroorganizm\u00f3w.<\/p>","protected":false},"featured_media":1766,"template":"","meta":[],"product_brand":[],"product_cat":[40],"product_tag":[],"class_list":{"0":"post-1790","1":"product","2":"type-product","3":"status-publish","4":"has-post-thumbnail","6":"product_cat-membrane-switch","8":"first","9":"instock","10":"shipping-taxable","11":"product-type-simple"},"_links":{"self":[{"href":"https:\/\/membraneswitchmfg.com\/pl\/wp-json\/wp\/v2\/product\/1790","targetHints":{"allow":["GET"]}}],"collection":[{"href":"https:\/\/membraneswitchmfg.com\/pl\/wp-json\/wp\/v2\/product"}],"about":[{"href":"https:\/\/membraneswitchmfg.com\/pl\/wp-json\/wp\/v2\/types\/product"}],"wp:featuredmedia":[{"embeddable":true,"href":"https:\/\/membraneswitchmfg.com\/pl\/wp-json\/wp\/v2\/media\/1766"}],"wp:attachment":[{"href":"https:\/\/membraneswitchmfg.com\/pl\/wp-json\/wp\/v2\/media?parent=1790"}],"wp:term":[{"taxonomy":"product_brand","embeddable":true,"href":"https:\/\/membraneswitchmfg.com\/pl\/wp-json\/wp\/v2\/product_brand?post=1790"},{"taxonomy":"product_cat","embeddable":true,"href":"https:\/\/membraneswitchmfg.com\/pl\/wp-json\/wp\/v2\/product_cat?post=1790"},{"taxonomy":"product_tag","embeddable":true,"href":"https:\/\/membraneswitchmfg.com\/pl\/wp-json\/wp\/v2\/product_tag?post=1790"}],"curies":[{"name":"wp","href":"https:\/\/api.w.org\/{rel}","templated":true}]}}