{"id":1792,"date":"2024-06-24T05:57:58","date_gmt":"2024-06-24T05:57:58","guid":{"rendered":"https:\/\/membraneswitchmfg.com\/manufacturer\/anti-ultraviolet-membrane-switch\/"},"modified":"2024-06-25T13:20:26","modified_gmt":"2024-06-25T13:20:26","slug":"anti-ultraviolet-membrane-switch","status":"publish","type":"product","link":"https:\/\/membraneswitchmfg.com\/pl\/manufacturer\/anti-ultraviolet-membrane-switch\/","title":{"rendered":"Membranowy prze\u0142\u0105cznik anty-ultrafioletowy"},"content":{"rendered":"<h2><strong><b>Prze\u0142\u0105czniki membranowe anty-ultrafioletowe: Trwa\u0142a wydajno\u015b\u0107 w trudnych warunkach<\/b><\/strong><\/h2>\n<p><strong>Ochrona przed promieniowaniem UV<\/strong><\/p>\n<p>Prze\u0142\u0105czniki membranowe anty-ultrafioletowe zawieraj\u0105 materia\u0142y i pow\u0142oki odporne na promieniowanie UV, kt\u00f3re skutecznie absorbuj\u0105 i blokuj\u0105 promienie UV, zapobiegaj\u0105c uszkodzeniom element\u00f3w i grafiki prze\u0142\u0105cznika. Ta ochrona zapewnia, \u017ce prze\u0142\u0105czniki zachowuj\u0105 swoj\u0105 funkcjonalno\u015b\u0107, wygl\u0105d i \u017cywotno\u015b\u0107.<\/p>\n<ul>\n<li><strong>Zapobiegaj blakni\u0119ciu i odbarwianiu legend i grafiki<\/strong><\/li>\n<li><strong>Utrzymuj funkcjonalno\u015b\u0107 prze\u0142\u0105cznika i reakcj\u0119 dotykow\u0105<\/strong><\/li>\n<li><strong>Wyd\u0142u\u017c \u017cywotno\u015b\u0107 prze\u0142\u0105cznik\u00f3w membranowych w zastosowaniach zewn\u0119trznych<\/strong><\/li>\n<\/ul>\n<p><strong>Trwa\u0142e i odpowiednie do u\u017cytku na zewn\u0105trz<\/strong><\/p>\n<p>Prze\u0142\u0105czniki membranowe anty-ultrafioletowe s\u0105 nie tylko odporne na promieniowanie UV, ale tak\u017ce zaprojektowane tak, aby wytrzyma\u0107 trudne warunki pogodowe, w tym ekstremalne temperatury, wilgo\u0107 i kurz. Nadaj\u0105 si\u0119 do zastosowa\u0144 zewn\u0119trznych, gdzie trwa\u0142o\u015b\u0107 i niezawodno\u015b\u0107 s\u0105 najwa\u017cniejsze.<\/p>\n<ul>\n<li><strong>Resistant to scratches, chemicals, and UV rays<\/strong><\/li>\n<li><strong>Zakres temperatur pracy od -40\u00b0C do 85\u00b0C<\/strong><\/li>\n<li><strong>Odpowiednie do kiosk\u00f3w zewn\u0119trznych, przemys\u0142owych paneli sterowania i oznakowania<\/strong><\/li>\n<\/ul>\n<p><strong>Zastosowania<\/strong><\/p>\n<p>Prze\u0142\u0105czniki membranowe anty-ultrafioletowe s\u0105 szeroko stosowane w r\u00f3\u017cnorodnych zastosowaniach zewn\u0119trznych, w tym:<\/p>\n<ul>\n<li><strong>Kioski zewn\u0119trzne:<\/strong>Bankomaty, kioski informacyjne, oznakowanie cyfrowe<\/li>\n<li><strong>Przemys\u0142owe panele sterowania:<\/strong>Sygnalizacja \u015bwietlna, systemy nawadniania, panele s\u0142oneczne<\/li>\n<li><strong>Oznakowanie transportowe:<\/strong>Znaki drogowe, sygnalizacja kolejowa, oznakowanie lotniskowe<\/li>\n<li><strong>Zastosowania morskie:<\/strong>Sterowanie \u0142odzi\u0105, panele nawigacyjne, systemy komunikacji<\/li>\n<li><strong>Sprz\u0119t rolniczy:<\/strong>Ci\u0105gniki, kombajny, systemy nawadniania<\/li>\n<\/ul>\n<p><strong>Wsp\u00f3\u0142pracuj z do\u015bwiadczonym producentem prze\u0142\u0105cznik\u00f3w membranowych anty-ultrafioletowych<\/strong><\/p>\n<p>Dzi\u0119ki wieloletniemu do\u015bwiadczeniu w materia\u0142ach odpornych na promieniowanie UV i produkcji prze\u0142\u0105cznik\u00f3w membranowych, jeste\u015bmy Twoim zaufanym \u017ar\u00f3d\u0142em wysokiej jako\u015bci prze\u0142\u0105cznik\u00f3w membranowych anty-ultrafioletowych. Nasz zesp\u00f3\u0142 ekspert\u00f3w b\u0119dzie \u015bci\u015ble z Tob\u0105 wsp\u00f3\u0142pracowa\u0142, aby zrozumie\u0107 Twoje specyficzne potrzeby i dostarczy\u0107 niestandardowe rozwi\u0105zania, kt\u00f3re zapewni\u0105 d\u0142ugotrwa\u0142\u0105 wydajno\u015b\u0107 w trudnych warunkach zewn\u0119trznych.<\/p>\n<p><strong>Skontaktuj si\u0119 z nami ju\u017c dzi\u015b<\/strong>\u00a0aby dowiedzie\u0107 si\u0119 wi\u0119cej o naszych rozwi\u0105zaniach w zakresie prze\u0142\u0105cznik\u00f3w membranowych anty-ultrafioletowych i o tym, jak mo\u017cemy pom\u00f3c Ci tworzy\u0107 trwa\u0142e, niezawodne i atrakcyjne wizualnie interfejsy dla Twoich zastosowa\u0144 zewn\u0119trznych.<\/p>","protected":false},"excerpt":{"rendered":"<p>W \u015brodowiskach zewn\u0119trznych i zastosowaniach nara\u017conych na bezpo\u015brednie dzia\u0142anie promieni s\u0142onecznych, prze\u0142\u0105czniki membranowe mog\u0105 ulega\u0107 degradacji i odbarwieniom z powodu promieniowania ultrafioletowego (UV). Prze\u0142\u0105czniki membranowe anty-ultrafioletowe s\u0105 zaprojektowane tak, aby wytrzyma\u0107 silne dzia\u0142anie promieni UV, zapewniaj\u0105c d\u0142ugotrwa\u0142\u0105 wydajno\u015b\u0107 i zachowuj\u0105c ich wizualn\u0105 integralno\u015b\u0107 nawet w ekstremalnych warunkach.<\/p>","protected":false},"featured_media":1768,"template":"","meta":[],"product_brand":[],"product_cat":[40],"product_tag":[],"class_list":{"0":"post-1792","1":"product","2":"type-product","3":"status-publish","4":"has-post-thumbnail","6":"product_cat-membrane-switch","8":"first","9":"instock","10":"shipping-taxable","11":"product-type-simple"},"_links":{"self":[{"href":"https:\/\/membraneswitchmfg.com\/pl\/wp-json\/wp\/v2\/product\/1792","targetHints":{"allow":["GET"]}}],"collection":[{"href":"https:\/\/membraneswitchmfg.com\/pl\/wp-json\/wp\/v2\/product"}],"about":[{"href":"https:\/\/membraneswitchmfg.com\/pl\/wp-json\/wp\/v2\/types\/product"}],"wp:featuredmedia":[{"embeddable":true,"href":"https:\/\/membraneswitchmfg.com\/pl\/wp-json\/wp\/v2\/media\/1768"}],"wp:attachment":[{"href":"https:\/\/membraneswitchmfg.com\/pl\/wp-json\/wp\/v2\/media?parent=1792"}],"wp:term":[{"taxonomy":"product_brand","embeddable":true,"href":"https:\/\/membraneswitchmfg.com\/pl\/wp-json\/wp\/v2\/product_brand?post=1792"},{"taxonomy":"product_cat","embeddable":true,"href":"https:\/\/membraneswitchmfg.com\/pl\/wp-json\/wp\/v2\/product_cat?post=1792"},{"taxonomy":"product_tag","embeddable":true,"href":"https:\/\/membraneswitchmfg.com\/pl\/wp-json\/wp\/v2\/product_tag?post=1792"}],"curies":[{"name":"wp","href":"https:\/\/api.w.org\/{rel}","templated":true}]}}