{"id":1794,"date":"2024-06-24T05:57:58","date_gmt":"2024-06-24T05:57:58","guid":{"rendered":"https:\/\/membraneswitchmfg.com\/manufacturer\/ip65-waterproof-membrane-switch\/"},"modified":"2024-06-25T13:14:18","modified_gmt":"2024-06-25T13:14:18","slug":"ip65-waterproof-membrane-switch","status":"publish","type":"product","link":"https:\/\/membraneswitchmfg.com\/pl\/manufacturer\/ip65-waterproof-membrane-switch\/","title":{"rendered":"Wodoodporny prze\u0142\u0105cznik membranowy IP65"},"content":{"rendered":"<h2><strong><b>Membranowe prze\u0142\u0105czniki wodoodporne IP65: Przyst\u0119pna ochrona do codziennych zastosowa\u0144<\/b><\/strong><\/h2>\n<p><strong>Skuteczna ochrona w przyst\u0119pnej cenie<\/strong><\/p>\n<p>Membranowe prze\u0142\u0105czniki wodoodporne IP65 zapewniaj\u0105 r\u00f3wnowag\u0119 mi\u0119dzy ochron\u0105 a przyst\u0119pn\u0105 cen\u0105, co czyni je idealnym wyborem do zastosowa\u0144, w kt\u00f3rych sporadyczne nara\u017cenie na wod\u0119 lub kurz jest problemem. Ich skuteczno\u015b\u0107 przeciwko codziennym zachlapaniom i kurzowi sprawia, \u017ce \u200b\u200bnadaj\u0105 si\u0119 do:<\/p>\n<ul>\n<li><strong>Przemys\u0142owe panele sterowania<\/strong><\/li>\n<li><strong>Urz\u0105dzenia medyczne<\/strong><\/li>\n<li><strong>Elektronika u\u017cytkowa<\/strong><\/li>\n<li><strong>Urz\u0105dzenia<\/strong><\/li>\n<li><strong>Maszyny i urz\u0105dzenia<\/strong><\/li>\n<\/ul>\n<p><strong>Trwa\u0142e i niezawodne<\/strong><\/p>\n<p>Pomimo ich ekonomicznego charakteru, membranowe prze\u0142\u0105czniki wodoodporne IP65 zachowuj\u0105 trwa\u0142o\u015b\u0107 i niezawodno\u015b\u0107 oczekiwan\u0105 od standardowych prze\u0142\u0105cznik\u00f3w membranowych. S\u0105 odporne na zarysowania, chemikalia i promieniowanie UV, zapewniaj\u0105c d\u0142ugotrwa\u0142\u0105 wydajno\u015b\u0107.<\/p>\n<ul>\n<li><strong>Wyra\u017ane i responsywne sprz\u0119\u017cenie zwrotne<\/strong><\/li>\n<li><strong>Resistant to scratches, chemicals, and UV rays<\/strong><\/li>\n<li><strong>Odpowiednie do zastosowa\u0144 wewn\u0119trznych i zewn\u0119trznych<\/strong><\/li>\n<\/ul>\n<p><strong>Opcje konfigurowalne<\/strong><\/p>\n<p>Oferujemy r\u00f3\u017cnorodne opcje dostosowywania dla membranowych prze\u0142\u0105cznik\u00f3w wodoodpornych IP65, w tym:<\/p>\n<ul>\n<li><strong>Variety of switch sizes and styles<\/strong><\/li>\n<li><strong>Niestandardowa grafika i legendy<\/strong><\/li>\n<li><strong>Opcje pod\u015bwietlenia i o\u015bwietlenia<\/strong><\/li>\n<li><strong>Integracja dodatkowych komponent\u00f3w<\/strong><\/li>\n<\/ul>\n<p><strong>Wsp\u00f3\u0142pracuj z do\u015bwiadczonym producentem membranowych prze\u0142\u0105cznik\u00f3w wodoodpornych IP65<\/strong><\/p>\n<p>Dzi\u0119ki wieloletniemu do\u015bwiadczeniu w technologii wodoodpornych prze\u0142\u0105cznik\u00f3w membranowych oraz zaanga\u017cowaniu w jako\u015b\u0107 i przyst\u0119pno\u015b\u0107 cenow\u0105, jeste\u015bmy Twoim zaufanym \u017ar\u00f3d\u0142em niestandardowych membranowych prze\u0142\u0105cznik\u00f3w wodoodpornych IP65. Nasz zesp\u00f3\u0142 ekspert\u00f3w b\u0119dzie \u015bci\u015ble wsp\u00f3\u0142pracowa\u0142 z Tob\u0105, aby zrozumie\u0107 Twoje specyficzne potrzeby i dostarczy\u0107 rozwi\u0105zania, kt\u00f3re zapewniaj\u0105 skuteczn\u0105 ochron\u0119 i d\u0142ugotrwa\u0142\u0105 wydajno\u015b\u0107 w konkurencyjnej cenie.<\/p>\n<p><strong>Skontaktuj si\u0119 z nami ju\u017c dzi\u015b<\/strong>\u00a0aby dowiedzie\u0107 si\u0119 wi\u0119cej o naszych rozwi\u0105zaniach w zakresie membranowych prze\u0142\u0105cznik\u00f3w wodoodpornych IP65 i o tym, jak mo\u017cemy pom\u00f3c Ci chroni\u0107 Twoj\u0105 elektronik\u0119 i zapewni\u0107 bezproblemowe dzia\u0142anie w codziennych \u015brodowiskach.<\/p>","protected":false},"excerpt":{"rendered":"<p>Wodoodporne prze\u0142\u0105czniki membranowe IP65 oferuj\u0105 ekonomiczne rozwi\u0105zanie do ochrony wra\u017cliwej elektroniki przed wnikaniem wody i py\u0142u. Te wszechstronne prze\u0142\u0105czniki spe\u0142niaj\u0105 norm\u0119 ochrony IP65, zabezpieczaj\u0105c przed strumieniami wody pod niskim ci\u015bnieniem i wnikaniem py\u0142u, dzi\u0119ki czemu nadaj\u0105 si\u0119 do szerokiego zakresu zastosowa\u0144.<\/p>","protected":false},"featured_media":1770,"template":"","meta":[],"product_brand":[],"product_cat":[40],"product_tag":[],"class_list":{"0":"post-1794","1":"product","2":"type-product","3":"status-publish","4":"has-post-thumbnail","6":"product_cat-membrane-switch","8":"first","9":"instock","10":"shipping-taxable","11":"product-type-simple"},"_links":{"self":[{"href":"https:\/\/membraneswitchmfg.com\/pl\/wp-json\/wp\/v2\/product\/1794","targetHints":{"allow":["GET"]}}],"collection":[{"href":"https:\/\/membraneswitchmfg.com\/pl\/wp-json\/wp\/v2\/product"}],"about":[{"href":"https:\/\/membraneswitchmfg.com\/pl\/wp-json\/wp\/v2\/types\/product"}],"wp:featuredmedia":[{"embeddable":true,"href":"https:\/\/membraneswitchmfg.com\/pl\/wp-json\/wp\/v2\/media\/1770"}],"wp:attachment":[{"href":"https:\/\/membraneswitchmfg.com\/pl\/wp-json\/wp\/v2\/media?parent=1794"}],"wp:term":[{"taxonomy":"product_brand","embeddable":true,"href":"https:\/\/membraneswitchmfg.com\/pl\/wp-json\/wp\/v2\/product_brand?post=1794"},{"taxonomy":"product_cat","embeddable":true,"href":"https:\/\/membraneswitchmfg.com\/pl\/wp-json\/wp\/v2\/product_cat?post=1794"},{"taxonomy":"product_tag","embeddable":true,"href":"https:\/\/membraneswitchmfg.com\/pl\/wp-json\/wp\/v2\/product_tag?post=1794"}],"curies":[{"name":"wp","href":"https:\/\/api.w.org\/{rel}","templated":true}]}}