{"id":1795,"date":"2024-06-24T05:57:58","date_gmt":"2024-06-24T05:57:58","guid":{"rendered":"https:\/\/membraneswitchmfg.com\/manufacturer\/membrane-keypads-and-keyboards\/"},"modified":"2024-06-25T12:34:01","modified_gmt":"2024-06-25T12:34:01","slug":"membrane-keypads-and-keyboards","status":"publish","type":"product","link":"https:\/\/membraneswitchmfg.com\/pl\/manufacturer\/membrane-keypads-and-keyboards\/","title":{"rendered":"Klawiatury i klawiatury membranowe"},"content":{"rendered":"<h2><strong><b>Klawiatury i klawiatury membranowe: Niezawodne i ekonomiczne rozwi\u0105zania do wprowadzania danych<\/b><\/strong><\/h2>\n<p><strong>Trwa\u0142o\u015b\u0107 i op\u0142acalno\u015b\u0107<\/strong><\/p>\n<p>Klawiatury i klawiatury membranowe s\u0105 znane ze swojej trwa\u0142o\u015bci i przyst\u0119pnej ceny. Prosta konstrukcja i brak ruchomych cz\u0119\u015bci sprawiaj\u0105, \u017ce s\u0105 one mniej podatne na zu\u017cycie, co wyd\u0142u\u017ca ich \u017cywotno\u015b\u0107. Dodatkowo, proces produkcji jest stosunkowo niedrogi, co skutkuje ni\u017cszymi kosztami w por\u00f3wnaniu do innych urz\u0105dze\u0144 wej\u015bciowych.<\/p>\n<ul>\n<li><strong>D\u0142uga \u017cywotno\u015b\u0107 przy minimalnej konserwacji<\/strong><\/li>\n<li><strong>Efektywne kosztowo rozwi\u0105zanie do zastosowa\u0144 wysokonak\u0142adowych<\/strong><\/li>\n<li><strong>Nadaje si\u0119 do trudnych warunk\u00f3w i cz\u0119stego u\u017cytkowania<\/strong><\/li>\n<\/ul>\n<p><strong>Wszechstronne zastosowania<\/strong><\/p>\n<p>Klawiatury i klawiatury membranowe s\u0105 wszechstronnymi urz\u0105dzeniami wej\u015bciowymi, odpowiednimi do r\u00f3\u017cnorodnych zastosowa\u0144, w tym:<\/p>\n<ul>\n<li><strong>Przemys\u0142owe panele sterowania<\/strong><\/li>\n<li><strong>Urz\u0105dzenia medyczne<\/strong><\/li>\n<li><strong>Elektronika u\u017cytkowa<\/strong><\/li>\n<li><strong>Urz\u0105dzenia<\/strong><\/li>\n<li><strong>Automaty sprzedaj\u0105ce<\/strong><\/li>\n<li><strong>Bankomaty (ATM)<\/strong><\/li>\n<\/ul>\n<p><strong>Opcje konfigurowalne<\/strong><\/p>\n<p>Klawiatury i klawiatury membranowe mo\u017cna dostosowa\u0107 do konkretnych wymaga\u0144, w tym:<\/p>\n<ul>\n<li><strong>R\u00f3\u017cnorodno\u015b\u0107 uk\u0142ad\u00f3w i rozmiar\u00f3w klawiszy<\/strong><\/li>\n<li><strong>Niestandardowa grafika i legendy<\/strong><\/li>\n<li><strong>Opcje pod\u015bwietlenia i o\u015bwietlenia<\/strong><\/li>\n<li><strong>Integracja dodatkowych komponent\u00f3w<\/strong><\/li>\n<\/ul>\n<p><strong>Wsp\u00f3\u0142praca z do\u015bwiadczonym producentem klawiatur i klawiatur membranowych<\/strong><\/p>\n<p>Dzi\u0119ki wieloletniemu do\u015bwiadczeniu w dziedzinie klawiatur membranowych i technologii klawiatur, jeste\u015bmy zaufanym \u017ar\u00f3d\u0142em wysokiej jako\u015bci, niestandardowych rozwi\u0105za\u0144 wej\u015bciowych. Nasz zesp\u00f3\u0142 ekspert\u00f3w b\u0119dzie \u015bci\u015ble wsp\u00f3\u0142pracowa\u0107 z Tob\u0105, aby zrozumie\u0107 Twoje konkretne potrzeby i dostarczy\u0107 rozwi\u0105zania, kt\u00f3re zapewniaj\u0105 niezawodn\u0105 wydajno\u015b\u0107, op\u0142acalno\u015b\u0107 i wszechstronno\u015b\u0107.<\/p>\n<p><strong><a href=\"https:\/\/membraneswitchmfg.com\/pl\/contact\/\">Skontaktuj si\u0119 z nami <\/a>dzisiaj<\/strong>\u00a0aby dowiedzie\u0107 si\u0119 wi\u0119cej o naszych klawiaturach membranowych i rozwi\u0105zaniach klawiaturowych oraz o tym, jak mo\u017cemy pom\u00f3c w tworzeniu przyjaznych dla u\u017cytkownika i trwa\u0142ych urz\u0105dze\u0144 wej\u015bciowych dla Twoich aplikacji.<\/p>","protected":false},"excerpt":{"rendered":"<p>Klawiatury i klawiatury membranowe oferuj\u0105 niezawodne i ekonomiczne rozwi\u0105zanie dla szerokiej gamy aplikacji wej\u015bciowych. Te urz\u0105dzenia wej\u015bciowe wykorzystuj\u0105 unikaln\u0105 konstrukcj\u0119, kt\u00f3ra wykorzystuje wra\u017cliwe na nacisk membrany i \u015bcie\u017cki przewodz\u0105ce do rejestrowania naci\u015bni\u0119\u0107 klawiszy, zapewniaj\u0105c wyczuwaln\u0105 reakcj\u0119 i d\u0142ugotrwa\u0142\u0105 wydajno\u015b\u0107.<\/p>","protected":false},"featured_media":1751,"template":"","meta":[],"product_brand":[],"product_cat":[40],"product_tag":[],"class_list":{"0":"post-1795","1":"product","2":"type-product","3":"status-publish","4":"has-post-thumbnail","6":"product_cat-membrane-switch","8":"first","9":"instock","10":"shipping-taxable","11":"product-type-simple"},"_links":{"self":[{"href":"https:\/\/membraneswitchmfg.com\/pl\/wp-json\/wp\/v2\/product\/1795","targetHints":{"allow":["GET"]}}],"collection":[{"href":"https:\/\/membraneswitchmfg.com\/pl\/wp-json\/wp\/v2\/product"}],"about":[{"href":"https:\/\/membraneswitchmfg.com\/pl\/wp-json\/wp\/v2\/types\/product"}],"wp:featuredmedia":[{"embeddable":true,"href":"https:\/\/membraneswitchmfg.com\/pl\/wp-json\/wp\/v2\/media\/1751"}],"wp:attachment":[{"href":"https:\/\/membraneswitchmfg.com\/pl\/wp-json\/wp\/v2\/media?parent=1795"}],"wp:term":[{"taxonomy":"product_brand","embeddable":true,"href":"https:\/\/membraneswitchmfg.com\/pl\/wp-json\/wp\/v2\/product_brand?post=1795"},{"taxonomy":"product_cat","embeddable":true,"href":"https:\/\/membraneswitchmfg.com\/pl\/wp-json\/wp\/v2\/product_cat?post=1795"},{"taxonomy":"product_tag","embeddable":true,"href":"https:\/\/membraneswitchmfg.com\/pl\/wp-json\/wp\/v2\/product_tag?post=1795"}],"curies":[{"name":"wp","href":"https:\/\/api.w.org\/{rel}","templated":true}]}}