{"id":1977,"date":"2024-06-30T14:21:59","date_gmt":"2024-06-30T14:21:59","guid":{"rendered":"https:\/\/membraneswitchmfg.com\/?post_type=product&#038;p=1977"},"modified":"2024-06-30T14:23:24","modified_gmt":"2024-06-30T14:23:24","slug":"pmma-print-label","status":"publish","type":"product","link":"https:\/\/membraneswitchmfg.com\/pl\/manufacturer\/pmma-print-label\/","title":{"rendered":"Etykieta z nadrukiem PMMA"},"content":{"rendered":"<p data-sourcepos=\"3:1-3:62\"><strong>Etykieta z nadrukiem PMMA: Trwa\u0142e i wszechstronne rozwi\u0105zania do etykietowania<\/strong><\/p>\n<p data-sourcepos=\"5:1-5:170\">Etykiety z nadrukiem PMMA, znane r\u00f3wnie\u017c jako etykiety z nadrukiem akrylowym, s\u0105 popularnym wyborem do szerokiej gamy zastosowa\u0144 etykietowania ze wzgl\u0119du na ich wyj\u0105tkow\u0105 trwa\u0142o\u015b\u0107, wszechstronno\u015b\u0107 i estetyk\u0119. Etykiety te s\u0105 produkowane z polimetakrylanu metylu (PMMA), wysokoudarowego tworzywa sztucznego znanego ze swojej wytrzyma\u0142o\u015bci, odporno\u015bci na zarysowania oraz odporno\u015bci na chemikalia i promienie UV.<\/p>\n<p data-sourcepos=\"7:1-7:19\"><strong>G\u0142\u00f3wne zalety:<\/strong><\/p>\n<ul data-sourcepos=\"9:1-9:131\">\n<li data-sourcepos=\"9:1-9:131\">\n<p class=\"\" data-sourcepos=\"9:3-9:226\"><strong class=\"\">Trwa\u0142o\u015b\u0107:<\/strong> Etykiety PMMA s\u0105 odporne na trudne warunki, dzi\u0119ki czemu idealnie nadaj\u0105 si\u0119 do zastosowa\u0144 zewn\u0119trznych i przemys\u0142owych. S\u0105 odporne na ekstremalne temperatury, wilgo\u0107 i chemikalia, zapewniaj\u0105c d\u0142ugotrwa\u0142\u0105 wydajno\u015b\u0107.<\/p>\n<\/li>\n<li data-sourcepos=\"11:1-12:0\">\n<p data-sourcepos=\"11:3-11:244\"><strong>Wszechstronno\u015b\u0107:<\/strong> Etykiety PMMA mo\u017cna drukowa\u0107 na r\u00f3\u017cnych powierzchniach, w tym na plastiku, metalu, szkle i drewnie. Nadaj\u0105 si\u0119 do szerokiego zakresu zastosowa\u0144, od etykietowania produkt\u00f3w i \u015bledzenia zasob\u00f3w po oznakowanie i wy\u015bwietlacze promocyjne.<\/p>\n<\/li>\n<li data-sourcepos=\"13:1-14:0\">\n<p data-sourcepos=\"13:3-13:249\"><strong>Estetyka:<\/strong> Etykiety PMMA oferuj\u0105 wyko\u0144czenie na wysoki po\u0142ysk, kt\u00f3re emanuje elegancj\u0105 i wyrafinowaniem. S\u0105 one dost\u0119pne w r\u00f3\u017cnych kolorach i mog\u0105 by\u0107 zadrukowane skomplikowanymi wzorami i logo, zwi\u0119kszaj\u0105c atrakcyjno\u015b\u0107 wizualn\u0105 produkt\u00f3w lub marki.<\/p>\n<\/li>\n<\/ul>\n<p data-sourcepos=\"15:1-15:54\"><strong>Etykiety drukowane z PMMA: Preferowany wyb\u00f3r dla wymagaj\u0105cych potrzeb etykietowania<\/strong><\/p>\n<p data-sourcepos=\"17:1-17:278\">Etykiety PMMA s\u0105 preferowanym wyborem do zastosowa\u0144 wymagaj\u0105cych trwa\u0142o\u015bci, wszechstronno\u015bci i odrobiny elegancji. Niezale\u017cnie od tego, czy potrzebujesz etykiet na sprz\u0119t przemys\u0142owy, oznakowanie zewn\u0119trzne czy produkty wysokiej klasy, etykiety PMMA zapewni\u0105 wyj\u0105tkow\u0105 wydajno\u015b\u0107 i atrakcyjno\u015b\u0107 wizualn\u0105.<\/p>\n<p data-sourcepos=\"19:1-19:30\"><strong>Dodatkowe uwagi:<\/strong><\/p>\n<ul data-sourcepos=\"21:1-24:0\">\n<li data-sourcepos=\"21:1-22:0\">\n<p data-sourcepos=\"21:3-21:227\"><strong>Metody drukowania:<\/strong> Etykiety PMMA mog\u0105 by\u0107 drukowane przy u\u017cyciu r\u00f3\u017cnych metod, w tym druku cyfrowego, sitodruku i druku laserowego. Wyb\u00f3r metody druku zale\u017cy od po\u017c\u0105danego projektu etykiety, ilo\u015bci i bud\u017cetu.<\/p>\n<\/li>\n<li data-sourcepos=\"23:1-24:0\">\n<p data-sourcepos=\"23:3-23:226\"><strong>Opcje kleju:<\/strong> Etykiety PMMA s\u0105 dost\u0119pne z r\u00f3\u017cnymi opcjami kleju, w tym klejami trwa\u0142ymi, usuwalnymi i repozycjonowalnymi. Wybierz klej, kt\u00f3ry najlepiej pasuje do Twojego zastosowania i wymaga\u0144 dotycz\u0105cych powierzchni.<\/p>\n<\/li>\n<\/ul>","protected":false},"excerpt":{"rendered":"<p>Dzi\u0119ki doskona\u0142ej trwa\u0142o\u015bci, wszechstronno\u015bci i estetycznemu wygl\u0105dowi, etykiety PMMA s\u0105 zaufanym wyborem dla firm i os\u00f3b prywatnych poszukuj\u0105cych wysokiej jako\u015bci rozwi\u0105za\u0144 do etykietowania. Wybierz etykiety PMMA do nast\u0119pnego projektu etykietowania i przekonaj si\u0119 o r\u00f3\u017cnicy w wydajno\u015bci i efekcie wizualnym.<\/p>","protected":false},"featured_media":1978,"template":"","meta":[],"product_brand":[],"product_cat":[15],"product_tag":[],"class_list":{"0":"post-1977","1":"product","2":"type-product","3":"status-publish","4":"has-post-thumbnail","6":"product_cat-print-label","8":"first","9":"instock","10":"shipping-taxable","11":"product-type-simple"},"_links":{"self":[{"href":"https:\/\/membraneswitchmfg.com\/pl\/wp-json\/wp\/v2\/product\/1977","targetHints":{"allow":["GET"]}}],"collection":[{"href":"https:\/\/membraneswitchmfg.com\/pl\/wp-json\/wp\/v2\/product"}],"about":[{"href":"https:\/\/membraneswitchmfg.com\/pl\/wp-json\/wp\/v2\/types\/product"}],"wp:featuredmedia":[{"embeddable":true,"href":"https:\/\/membraneswitchmfg.com\/pl\/wp-json\/wp\/v2\/media\/1978"}],"wp:attachment":[{"href":"https:\/\/membraneswitchmfg.com\/pl\/wp-json\/wp\/v2\/media?parent=1977"}],"wp:term":[{"taxonomy":"product_brand","embeddable":true,"href":"https:\/\/membraneswitchmfg.com\/pl\/wp-json\/wp\/v2\/product_brand?post=1977"},{"taxonomy":"product_cat","embeddable":true,"href":"https:\/\/membraneswitchmfg.com\/pl\/wp-json\/wp\/v2\/product_cat?post=1977"},{"taxonomy":"product_tag","embeddable":true,"href":"https:\/\/membraneswitchmfg.com\/pl\/wp-json\/wp\/v2\/product_tag?post=1977"}],"curies":[{"name":"wp","href":"https:\/\/api.w.org\/{rel}","templated":true}]}}