{"id":2225,"date":"2024-07-22T14:19:03","date_gmt":"2024-07-22T14:19:03","guid":{"rendered":"https:\/\/membraneswitchmfg.com\/manufacturer\/silicone-keypad\/"},"modified":"2024-07-25T05:39:12","modified_gmt":"2024-07-25T05:39:12","slug":"silicone-keypad","status":"publish","type":"product","link":"https:\/\/membraneswitchmfg.com\/pl\/manufacturer\/silicone-keypad\/","title":{"rendered":"Silikonowa klawiatura"},"content":{"rendered":"<h3><strong>Silikonowa klawiatura \u2013 najwa\u017cniejsze cechy:<\/strong><\/h3>\n<p>1. Trwa\u0142o\u015b\u0107: Wykonane z wysokiej jako\u015bci gumy silikonowej, nasze klawiatury s\u0105 odporne na ekstremalne temperatury, wilgo\u0107 i zu\u017cycie, zapewniaj\u0105c trwa\u0142e i solidne rozwi\u0105zanie do ka\u017cdego \u015brodowiska.<\/p>\n<p>\u017bywotno\u015b\u0107 naszych silikonowych klawiatur mo\u017ce si\u0119ga\u0107:<\/p>\n<ul>\n<li>1000 tys. razy<\/li>\n<li>2000 tys. razy<\/li>\n<li>5000 tys. razy <strong>(najd\u0142u\u017csza \u017cywotno\u015b\u0107 w bran\u017cy)<\/strong><\/li>\n<\/ul>\n<p>2. Wyczuwalno\u015b\u0107 dotykowa: Zaprojektowane z my\u015bl\u0105 o precyzji, klawiatury te zapewniaj\u0105 doskona\u0142\u0105 wyczuwalno\u015b\u0107 dotykow\u0105, poprawiaj\u0105c komfort u\u017cytkowania dzi\u0119ki responsywnemu i satysfakcjonuj\u0105cemu dotykowi przy ka\u017cdym naci\u015bni\u0119ciu.<\/p>\n<p>3. Mo\u017cliwo\u015b\u0107 dostosowania: Dost\u0119pne w r\u00f3\u017cnych kszta\u0142tach, rozmiarach i kolorach, nasze silikonowe klawiatury mo\u017cna dostosowa\u0107 do konkretnych potrzeb Twojego projektu. Dost\u0119pne s\u0105 r\u00f3wnie\u017c niestandardowe legendy, opcje pod\u015bwietlenia i r\u00f3\u017cne poziomy twardo\u015bci. Og\u00f3lne wymiary obejmuj\u0105 standardy bran\u017cowe M1, M2 i M3.<\/p>\n<p>4. Wszechstronno\u015b\u0107: Idealne do zastosowa\u0144 w elektronice u\u017cytkowej, urz\u0105dzeniach medycznych, sterowaniu przemys\u0142owym, systemach samochodowych i innych. Materia\u0142 silikonowy oferuje doskona\u0142\u0105 elastyczno\u015b\u0107, dzi\u0119ki czemu nadaje si\u0119 do z\u0142o\u017conych projekt\u00f3w i uk\u0142ad\u00f3w.<\/p>\n<p>5. \u0141atwa integracja: Zaprojektowane z my\u015bl\u0105 o bezproblemowej integracji, nasze klawiatury s\u0105 kompatybilne z r\u00f3\u017cnymi typami interfejs\u00f3w, w tym z rozwi\u0105zaniami montowanymi na p\u0142ytkach drukowanych i zespo\u0142ami prze\u0142\u0105cznik\u00f3w membranowych.<\/p>\n<p>6. Kontrola czarnych plam bez defekt\u00f3w: Dzi\u0119ki zastosowaniu zaawansowanych proces\u00f3w produkcyjnych i rygorystycznych system\u00f3w kontroli jako\u015bci, nasze silikonowe klawiatury osi\u0105gaj\u0105 zero defekt\u00f3w wygl\u0105du, zapewniaj\u0105c, \u017ce ka\u017cdy produkt osi\u0105ga najwy\u017csze standardy jako\u015bci wygl\u0105du.<\/p>\n<p>&nbsp;<\/p>\n<h3><strong>Zastosowania klawiatur silikonowych:<\/strong><\/h3>\n<p>1. Elektronika u\u017cytkowa: Idealne do pilot\u00f3w zdalnego sterowania, urz\u0105dze\u0144 do gier i gad\u017cet\u00f3w przeno\u015bnych.<\/p>\n<p>2. Urz\u0105dzenia medyczne: Idealne do monitor\u00f3w pacjenta, sprz\u0119tu diagnostycznego i urz\u0105dze\u0144 do monitorowania stanu zdrowia.<\/p>\n<p>3. Sterowanie przemys\u0142owe: Wystarczaj\u0105co wytrzyma\u0142e do sterowania maszynami, paneli oprzyrz\u0105dowania i urz\u0105dze\u0144 zewn\u0119trznych.<\/p>\n<p>4. Systemy samochodowe: Niezawodne w sterowaniu desk\u0105 rozdzielcz\u0105, systemach informacyjno-rozrywkowych i systemach bezkluczykowych.<\/p>","protected":false},"excerpt":{"rendered":"<p>Do\u015bwiadcz szczytu satysfakcji dotykowej i funkcjonalno\u015bci dzi\u0119ki naszym klawiaturom silikonowym. Zaprojektowane do szerokiego zakresu zastosowa\u0144, od elektroniki u\u017cytkowej po maszyny przemys\u0142owe, te klawiatury oferuj\u0105 niezr\u00f3wnan\u0105 wydajno\u015b\u0107, niezawodno\u015b\u0107 i mo\u017cliwo\u015b\u0107 dostosowania. Niezale\u017cnie od tego, czy s\u0105 u\u017cywane w elektronice u\u017cytkowej, sprz\u0119cie medycznym, czy sterowaniu przemys\u0142owym, mo\u017cesz polega\u0107 na naszych klawiaturach silikonowych, kt\u00f3re zapewniaj\u0105 nienaganny wygl\u0105d i doskona\u0142e wra\u017cenia u\u017cytkownika.<\/p>","protected":false},"featured_media":1735,"template":"","meta":[],"product_brand":[],"product_cat":[39],"product_tag":[],"class_list":{"0":"post-2225","1":"product","2":"type-product","3":"status-publish","4":"has-post-thumbnail","6":"product_cat-silicone-rubber","8":"first","9":"instock","10":"shipping-taxable","11":"product-type-simple"},"_links":{"self":[{"href":"https:\/\/membraneswitchmfg.com\/pl\/wp-json\/wp\/v2\/product\/2225","targetHints":{"allow":["GET"]}}],"collection":[{"href":"https:\/\/membraneswitchmfg.com\/pl\/wp-json\/wp\/v2\/product"}],"about":[{"href":"https:\/\/membraneswitchmfg.com\/pl\/wp-json\/wp\/v2\/types\/product"}],"wp:featuredmedia":[{"embeddable":true,"href":"https:\/\/membraneswitchmfg.com\/pl\/wp-json\/wp\/v2\/media\/1735"}],"wp:attachment":[{"href":"https:\/\/membraneswitchmfg.com\/pl\/wp-json\/wp\/v2\/media?parent=2225"}],"wp:term":[{"taxonomy":"product_brand","embeddable":true,"href":"https:\/\/membraneswitchmfg.com\/pl\/wp-json\/wp\/v2\/product_brand?post=2225"},{"taxonomy":"product_cat","embeddable":true,"href":"https:\/\/membraneswitchmfg.com\/pl\/wp-json\/wp\/v2\/product_cat?post=2225"},{"taxonomy":"product_tag","embeddable":true,"href":"https:\/\/membraneswitchmfg.com\/pl\/wp-json\/wp\/v2\/product_tag?post=2225"}],"curies":[{"name":"wp","href":"https:\/\/api.w.org\/{rel}","templated":true}]}}