{"id":2227,"date":"2024-07-22T14:19:04","date_gmt":"2024-07-22T14:19:04","guid":{"rendered":"https:\/\/membraneswitchmfg.com\/manufacturer\/silicone-gasket\/"},"modified":"2024-07-25T06:04:54","modified_gmt":"2024-07-25T06:04:54","slug":"silicone-gasket","status":"publish","type":"product","link":"https:\/\/membraneswitchmfg.com\/pl\/manufacturer\/silicone-gasket\/","title":{"rendered":"Uszczelka silikonowa"},"content":{"rendered":"<h2><strong>Kluczowe cechy:<\/strong><\/h2>\n<p>1. odporno\u015b\u0107 na wysokie temperatury: Nasze uszczelki silikonowe mog\u0105 wytrzyma\u0107 ekstremalne temperatury w zakresie od -60\u00b0C do 230\u00b0C, dzi\u0119ki czemu nadaj\u0105 si\u0119 zar\u00f3wno do \u015brodowisk o wysokiej temperaturze, jak i do zamra\u017cania.<\/p>\n<p>2. doskona\u0142a elastyczno\u015b\u0107 i spr\u0119\u017cysto\u015b\u0107: Nieod\u0142\u0105czna elastyczno\u015b\u0107 silikonu pozwala naszym uszczelkom dopasowa\u0107 si\u0119 do nieregularnych powierzchni, zapewniaj\u0105c szczelne i niezawodne uszczelnienie nawet pod wysokim ci\u015bnieniem.<\/p>\n<p>3. doskona\u0142a odporno\u015b\u0107 chemiczna: Odporne na szeroki zakres chemikali\u00f3w, olej\u00f3w i rozpuszczalnik\u00f3w, nasze uszczelki silikonowe zachowuj\u0105 swoj\u0105 integralno\u015b\u0107 i wydajno\u015b\u0107 w najbardziej wymagaj\u0105cych \u015brodowiskach.<\/p>\n<p>4. d\u0142ugotrwa\u0142a wytrzyma\u0142o\u015b\u0107: Zaprojektowane z my\u015bl\u0105 o d\u0142ugiej \u017cywotno\u015bci, uszczelki te s\u0105 odporne na starzenie, warunki atmosferyczne i promieniowanie UV, zapewniaj\u0105c przed\u0142u\u017con\u0105 \u017cywotno\u015b\u0107 przy minimalnej konserwacji.<\/p>\n<p>5. opcje FDA i klasy medycznej: Nasze uszczelki silikonowe, dost\u0119pne w wersjach przeznaczonych do kontaktu z \u017cywno\u015bci\u0105 i do zastosowa\u0144 medycznych, s\u0105 bezpieczne do stosowania w przemy\u015ble spo\u017cywczym, farmaceutycznym i w s\u0142u\u017cbie zdrowia.<\/p>\n<h2><strong>Zastosowania uszczelek silikonowych:<\/strong><\/h2>\n<p>1.Automotive: Idealny do silnik\u00f3w, skrzy\u0144 bieg\u00f3w i uk\u0142ad\u00f3w wydechowych, zapewniaj\u0105c niezawodne uszczelnienie w ekstremalnych warunkach.<\/p>\n<p>2. urz\u0105dzenia przemys\u0142owe: Nadaje si\u0119 do pomp, spr\u0119\u017carek i maszyn, zapobiegaj\u0105c wyciekom i zapewniaj\u0105c wydajn\u0105 prac\u0119.<\/p>\n<p>3. \u017cywno\u015b\u0107 i napoje: Idealny do uszczelniania urz\u0105dze\u0144 do przetwarzania \u017cywno\u015bci, zapewniaj\u0105c standardy higieny i bezpiecze\u0144stwa.<\/p>\n<p>4. urz\u0105dzenia medyczne: Bezpieczny do stosowania w urz\u0105dzeniach i sprz\u0119cie medycznym, zapewniaj\u0105c niezawodne uszczelnienie w krytycznych zastosowaniach.<\/p>\n<p>5.Electronics: Skuteczny do uszczelniania w obudowach elektronicznych, chroni\u0105c wra\u017cliwe komponenty przed wilgoci\u0105 i kurzem.<\/p>","protected":false},"excerpt":{"rendered":"<p>Odkryj najlepsze rozwi\u0105zanie uszczelniaj\u0105ce dzi\u0119ki naszym wysokiej jako\u015bci uszczelkom silikonowym. Zaprojektowane z my\u015bl\u0105 o zapewnieniu wyj\u0105tkowej wydajno\u015bci, uszczelki te zosta\u0142y zaprojektowane tak, aby sprosta\u0107 rygorystycznym wymaganiom r\u00f3\u017cnych bran\u017c, zapewniaj\u0105c doskona\u0142e uszczelnienie za ka\u017cdym razem. Niezale\u017cnie od tego, czy chcesz zwi\u0119kszy\u0107 trwa\u0142o\u015b\u0107 swojego sprz\u0119tu, czy zapewni\u0107 szczelne \u015brodowisko, nasze uszczelki silikonowe s\u0105 idealnym wyborem. Nasze zaanga\u017cowanie w jako\u015b\u0107 i innowacje gwarantuje, \u017ce nasze uszczelki silikonowe spe\u0142niaj\u0105 najwy\u017csze standardy bran\u017cowe. Oferujemy szerok\u0105 gam\u0119 rozmiar\u00f3w, kszta\u0142t\u00f3w i niestandardowych opcji dopasowanych do konkretnych potrzeb. Dzi\u0119ki naszemu zespo\u0142owi ekspert\u00f3w i zaawansowanym procesom produkcyjnym dostarczamy uszczelki, kt\u00f3re zapewniaj\u0105 sta\u0142\u0105 wydajno\u015b\u0107 i niezawodno\u015b\u0107.<\/p>","protected":false},"featured_media":2216,"template":"","meta":[],"product_brand":[],"product_cat":[39],"product_tag":[],"class_list":{"0":"post-2227","1":"product","2":"type-product","3":"status-publish","4":"has-post-thumbnail","6":"product_cat-silicone-rubber","8":"first","9":"instock","10":"shipping-taxable","11":"product-type-simple"},"_links":{"self":[{"href":"https:\/\/membraneswitchmfg.com\/pl\/wp-json\/wp\/v2\/product\/2227","targetHints":{"allow":["GET"]}}],"collection":[{"href":"https:\/\/membraneswitchmfg.com\/pl\/wp-json\/wp\/v2\/product"}],"about":[{"href":"https:\/\/membraneswitchmfg.com\/pl\/wp-json\/wp\/v2\/types\/product"}],"wp:featuredmedia":[{"embeddable":true,"href":"https:\/\/membraneswitchmfg.com\/pl\/wp-json\/wp\/v2\/media\/2216"}],"wp:attachment":[{"href":"https:\/\/membraneswitchmfg.com\/pl\/wp-json\/wp\/v2\/media?parent=2227"}],"wp:term":[{"taxonomy":"product_brand","embeddable":true,"href":"https:\/\/membraneswitchmfg.com\/pl\/wp-json\/wp\/v2\/product_brand?post=2227"},{"taxonomy":"product_cat","embeddable":true,"href":"https:\/\/membraneswitchmfg.com\/pl\/wp-json\/wp\/v2\/product_cat?post=2227"},{"taxonomy":"product_tag","embeddable":true,"href":"https:\/\/membraneswitchmfg.com\/pl\/wp-json\/wp\/v2\/product_tag?post=2227"}],"curies":[{"name":"wp","href":"https:\/\/api.w.org\/{rel}","templated":true}]}}