{"id":2438,"date":"2024-09-20T06:37:42","date_gmt":"2024-09-20T06:37:42","guid":{"rendered":"https:\/\/membraneswitchmfg.com\/?post_type=product&#038;p=2438"},"modified":"2024-09-20T06:40:01","modified_gmt":"2024-09-20T06:40:01","slug":"in-mold-electronics-ime","status":"publish","type":"product","link":"https:\/\/membraneswitchmfg.com\/pl\/manufacturer\/in-mold-electronics-ime\/","title":{"rendered":"Elektronika w formie (IME)"},"content":{"rendered":"<h2>Elektronika w formie (IME): Rewolucyjna technologia<\/h2>\n<h3 data-sourcepos=\"5:1-5:24\">Kluczowe korzy\u015bci z elektroniki w formie<strong>:<\/strong><\/h3>\n<ul>\n<li><span class=\"citation-2 recitation\">Zmniejszone koszty monta\u017cu:<\/span><span class=\"citation-2 recitation citation-end-2\"> Dzi\u0119ki integracji komponent\u00f3w elektronicznych bezpo\u015brednio w cz\u0119\u015bci plastikowej, IME eliminuje potrzeb\u0119 oddzielnych etap\u00f3w monta\u017cu, co znacznie obni\u017ca koszty produkcji.<\/span><\/li>\n<li>Poprawiona trwa\u0142o\u015b\u0107: <span class=\"citation-3 recitation citation-end-3\">IME tworzy silne po\u0142\u0105czenie mi\u0119dzy komponentami elektronicznymi a cz\u0119\u015bci\u0105 plastikow\u0105, zwi\u0119kszaj\u0105c trwa\u0142o\u015b\u0107 i odporno\u015b\u0107 na czynniki \u015brodowiskowe.<\/span><\/li>\n<li>Mniejszy rozmiar: <span class=\"citation-4 recitation citation-end-4\">IME pozwala na tworzenie cie\u0144szych i bardziej kompaktowych urz\u0105dze\u0144 elektronicznych, dzi\u0119ki czemu s\u0105 one bardziej przeno\u015bne i estetyczne.<\/span><\/li>\n<li>Ulepszona estetyka: IME mo\u017ce by\u0107 u\u017cywany do tworzenia bezszwowych i atrakcyjnych wizualnie projekt\u00f3w, integruj\u0105c komponenty elektroniczne bezproblemowo z og\u00f3lnym wygl\u0105dem produktu.<\/li>\n<li>Poprawiona niezawodno\u015b\u0107: <span class=\"citation-5 recitation citation-end-5\">Eliminuj\u0105c zewn\u0119trzne po\u0142\u0105czenia i etapy monta\u017cu, IME mo\u017ce zwi\u0119kszy\u0107 niezawodno\u015b\u0107 i trwa\u0142o\u015b\u0107 produkt\u00f3w elektronicznych.<\/span><\/li>\n<\/ul>\n<h3 data-sourcepos=\"13:1-13:24\">Zastosowania elektroniki w formie:<\/h3>\n<ul data-sourcepos=\"15:1-19:0\">\n<li data-sourcepos=\"15:1-15:100\">Elektronika u\u017cytkowa: Klawiatury, piloty zdalnego sterowania, deski rozdzielcze samochod\u00f3w i urz\u0105dzenia do noszenia.<\/li>\n<li data-sourcepos=\"16:1-16:110\">Urz\u0105dzenia medyczne: <span class=\"citation-6 recitation citation-end-6\">Sprz\u0119t diagnostyczny, systemy monitorowania pacjent\u00f3w i urz\u0105dzenia wszczepialne.<\/span><\/li>\n<li data-sourcepos=\"16:1-16:110\">Motoryzacja: <span class=\"citation-7 recitation citation-end-7\">Panele sterowania, zestawy wska\u017anik\u00f3w i panele drzwiowe.<\/span><\/li>\n<li data-sourcepos=\"16:1-16:110\">Automatyka przemys\u0142owa: Panele sterowania, czujniki i inne komponenty automatyki.<\/li>\n<\/ul>","protected":false},"excerpt":{"rendered":"<p><span class=\"citation-0 recitation\">Elektronika w formie (IME)<\/span><span class=\"citation-0 recitation citation-end-0\"> to proces produkcyjny, kt\u00f3ry integruje komponenty elektroniczne bezpo\u015brednio w cz\u0119\u015bciach plastikowych podczas procesu formowania.<\/span> <span class=\"citation-1 recitation citation-end-1\">Ta innowacyjna technika oferuje liczne zalety w por\u00f3wnaniu z tradycyjnymi metodami monta\u017cu, co czyni j\u0105 popularnym wyborem w r\u00f3\u017cnych bran\u017cach.<\/span><\/p>\n<p><span class=\"citation-8 recitation citation-end-8\">IME to najnowocze\u015bniejsza technologia, kt\u00f3ra oferuje znacz\u0105ce korzy\u015bci pod wzgl\u0119dem koszt\u00f3w, trwa\u0142o\u015bci, wzornictwa i niezawodno\u015bci.<\/span> W miar\u0119 jak technologia b\u0119dzie si\u0119 rozwija\u0107, mo\u017cemy spodziewa\u0107 si\u0119 jeszcze bardziej innowacyjnych zastosowa\u0144 w przysz\u0142o\u015bci.<\/p>","protected":false},"featured_media":2439,"template":"","meta":[],"product_brand":[],"product_cat":[40],"product_tag":[],"class_list":{"0":"post-2438","1":"product","2":"type-product","3":"status-publish","4":"has-post-thumbnail","6":"product_cat-membrane-switch","8":"first","9":"instock","10":"shipping-taxable","11":"product-type-simple"},"_links":{"self":[{"href":"https:\/\/membraneswitchmfg.com\/pl\/wp-json\/wp\/v2\/product\/2438","targetHints":{"allow":["GET"]}}],"collection":[{"href":"https:\/\/membraneswitchmfg.com\/pl\/wp-json\/wp\/v2\/product"}],"about":[{"href":"https:\/\/membraneswitchmfg.com\/pl\/wp-json\/wp\/v2\/types\/product"}],"wp:featuredmedia":[{"embeddable":true,"href":"https:\/\/membraneswitchmfg.com\/pl\/wp-json\/wp\/v2\/media\/2439"}],"wp:attachment":[{"href":"https:\/\/membraneswitchmfg.com\/pl\/wp-json\/wp\/v2\/media?parent=2438"}],"wp:term":[{"taxonomy":"product_brand","embeddable":true,"href":"https:\/\/membraneswitchmfg.com\/pl\/wp-json\/wp\/v2\/product_brand?post=2438"},{"taxonomy":"product_cat","embeddable":true,"href":"https:\/\/membraneswitchmfg.com\/pl\/wp-json\/wp\/v2\/product_cat?post=2438"},{"taxonomy":"product_tag","embeddable":true,"href":"https:\/\/membraneswitchmfg.com\/pl\/wp-json\/wp\/v2\/product_tag?post=2438"}],"curies":[{"name":"wp","href":"https:\/\/api.w.org\/{rel}","templated":true}]}}