{"id":1687,"date":"2024-06-22T14:56:03","date_gmt":"2024-06-22T14:56:03","guid":{"rendered":"https:\/\/membraneswitchmfg.com\/manufacturer\/csa-high-temperature-resistant-certification-label\/"},"modified":"2024-06-26T00:55:06","modified_gmt":"2024-06-26T00:55:06","slug":"csa-high-temperature-resistant-certification-label","status":"publish","type":"product","link":"https:\/\/membraneswitchmfg.com\/pt\/manufacturer\/csa-high-temperature-resistant-certification-label\/","title":{"rendered":"Etiqueta de certifica\u00e7\u00e3o CSA resistente a altas temperaturas"},"content":{"rendered":"<h2 class=\"\" data-sourcepos=\"1:1-1:108\">Etiquetas de certifica\u00e7\u00e3o CSA resistentes a altas temperaturas: Garantir a conformidade e a seguran\u00e7a em ambientes agressivos<\/h2>\n<p data-sourcepos=\"3:1-3:119\">Proteja os seus produtos e a sua marca com etiquetas resistentes a altas temperaturas, certificadas pela CSA, que resistem a condi\u00e7\u00f5es extremas.<\/p>\n<p data-sourcepos=\"5:1-5:51\"><strong>Durabilidade inigual\u00e1vel para ambientes exigentes<\/strong><\/p>\n<p data-sourcepos=\"7:1-7:152\">As nossas etiquetas CSA resistentes a altas temperaturas foram concebidas para suportar as condi\u00e7\u00f5es mais exigentes, garantindo que as informa\u00e7\u00f5es do seu produto permanecem claras, vis\u00edveis e em conformidade, mesmo perante calor intenso, produtos qu\u00edmicos agressivos e desgaste abrasivo. Fabricadas com materiais de primeira qualidade, estas etiquetas podem suportar a exposi\u00e7\u00e3o cont\u00ednua a temperaturas que variam entre -40\u00b0C e 500\u00b0C (-40\u00b0F e 932\u00b0F).<\/p>\n<p data-sourcepos=\"9:1-9:23\"><strong>Certifica\u00e7\u00e3o CSA para uma maior tranquilidade<\/strong><\/p>\n<p data-sourcepos=\"11:1-11:433\">As nossas etiquetas resistentes a altas temperaturas CSA s\u00e3o rigorosamente testadas e certificadas pela Canadian Standards Association (CSA), um l\u00edder mundialmente reconhecido em normas de seguran\u00e7a. Esta certifica\u00e7\u00e3o garante que as nossas etiquetas cumprem os mais elevados padr\u00f5es de durabilidade, desempenho e seguran\u00e7a, proporcionando-lhe a tranquilidade de saber que a identifica\u00e7\u00e3o do seu produto e as marca\u00e7\u00f5es de seguran\u00e7a permanecer\u00e3o intactas, mesmo nos ambientes mais exigentes.<\/p>\n<p data-sourcepos=\"13:1-13:42\"><strong>Ideal para uma vasta gama de aplica\u00e7\u00f5es<\/strong><\/p>\n<p data-sourcepos=\"15:1-15:91\">As nossas etiquetas CSA resistentes a altas temperaturas s\u00e3o ideais para utiliza\u00e7\u00e3o numa vasta gama de aplica\u00e7\u00f5es, incluindo<\/p>\n<ul data-sourcepos=\"17:1-22:0\">\n<li data-sourcepos=\"17:1-17:36\">M\u00e1quinas e equipamentos industriais<\/li>\n<li data-sourcepos=\"18:1-18:37\">Componentes para o sector autom\u00f3vel e aeroespacial<\/li>\n<li data-sourcepos=\"19:1-19:28\">Electrodom\u00e9sticos e eletr\u00f3nica<\/li>\n<li data-sourcepos=\"20:1-20:17\">Dispositivos m\u00e9dicos<\/li>\n<li data-sourcepos=\"21:1-22:0\">Sinal\u00e9tica e etiquetas para exteriores<\/li>\n<\/ul>\n<p data-sourcepos=\"23:1-23:89\"><strong>Parceria com fornecedores de impressoras de c\u00f3digo de barras de etiquetas da China para obter qualidade e experi\u00eancia superiores<\/strong><\/p>\n<p data-sourcepos=\"25:1-25:353\">Na China Label Barcode Printer Suppliers, estamos empenhados em fornecer aos nossos clientes a mais alta qualidade de etiquetas resistentes a altas temperaturas CSA e a experi\u00eancia para atender \u00e0s suas necessidades espec\u00edficas de aplica\u00e7\u00e3o. A nossa equipa de profissionais experientes pode ajud\u00e1-lo a selecionar o material de etiqueta, o adesivo e as op\u00e7\u00f5es de impress\u00e3o adequados \u00e0s suas necessidades espec\u00edficas.<\/p>\n<p data-sourcepos=\"27:1-27:181\"><strong>Contacte-nos hoje<\/strong> para saber mais sobre as nossas etiquetas CSA resistentes a altas temperaturas e como podemos ajud\u00e1-lo a proteger os seus produtos e a sua marca mesmo nos ambientes mais exigentes.<\/p>","protected":false},"excerpt":{"rendered":"<p>A etiqueta de certifica\u00e7\u00e3o de resist\u00eancia a altas temperaturas da CSA significa que o produto foi testado e certificado pela CSA (Canadian Standards Association) para suportar altas temperaturas de forma eficaz e segura.<\/p>","protected":false},"featured_media":1653,"template":"","meta":[],"product_brand":[],"product_cat":[15],"product_tag":[],"class_list":{"0":"post-1687","1":"product","2":"type-product","3":"status-publish","4":"has-post-thumbnail","6":"product_cat-print-label","8":"first","9":"instock","10":"shipping-taxable","11":"product-type-simple"},"_links":{"self":[{"href":"https:\/\/membraneswitchmfg.com\/pt\/wp-json\/wp\/v2\/product\/1687","targetHints":{"allow":["GET"]}}],"collection":[{"href":"https:\/\/membraneswitchmfg.com\/pt\/wp-json\/wp\/v2\/product"}],"about":[{"href":"https:\/\/membraneswitchmfg.com\/pt\/wp-json\/wp\/v2\/types\/product"}],"wp:featuredmedia":[{"embeddable":true,"href":"https:\/\/membraneswitchmfg.com\/pt\/wp-json\/wp\/v2\/media\/1653"}],"wp:attachment":[{"href":"https:\/\/membraneswitchmfg.com\/pt\/wp-json\/wp\/v2\/media?parent=1687"}],"wp:term":[{"taxonomy":"product_brand","embeddable":true,"href":"https:\/\/membraneswitchmfg.com\/pt\/wp-json\/wp\/v2\/product_brand?post=1687"},{"taxonomy":"product_cat","embeddable":true,"href":"https:\/\/membraneswitchmfg.com\/pt\/wp-json\/wp\/v2\/product_cat?post=1687"},{"taxonomy":"product_tag","embeddable":true,"href":"https:\/\/membraneswitchmfg.com\/pt\/wp-json\/wp\/v2\/product_tag?post=1687"}],"curies":[{"name":"wp","href":"https:\/\/api.w.org\/{rel}","templated":true}]}}