{"id":1688,"date":"2024-06-22T14:56:03","date_gmt":"2024-06-22T14:56:03","guid":{"rendered":"https:\/\/membraneswitchmfg.com\/manufacturer\/outdoor-sun-and-weather-resistant-certification-label\/"},"modified":"2024-06-26T00:54:35","modified_gmt":"2024-06-26T00:54:35","slug":"outdoor-sun-and-weather-resistant-certification-label","status":"publish","type":"product","link":"https:\/\/membraneswitchmfg.com\/pt\/manufacturer\/outdoor-sun-and-weather-resistant-certification-label\/","title":{"rendered":"Etiqueta de certifica\u00e7\u00e3o resistente ao sol e \u00e0s intemp\u00e9ries no exterior"},"content":{"rendered":"<h2 class=\"\" data-sourcepos=\"1:1-1:103\">Etiquetas de Certifica\u00e7\u00e3o Resistentes ao Sol e \u00e0s Condi\u00e7\u00f5es Clim\u00e1ticas Externas: Prote\u00e7\u00e3o Duradoura para Sua Sinaliza\u00e7\u00e3o Externa<\/h2>\n<p data-sourcepos=\"3:1-3:110\">Proteja sua sinaliza\u00e7\u00e3o e etiquetas externas dos elementos agressivos com nossas etiquetas de certifica\u00e7\u00e3o dur\u00e1veis e resistentes \u00e0s intemp\u00e9ries. Projetadas para resistir ao sol implac\u00e1vel, chuva, vento e temperaturas extremas, nossas etiquetas garantem que suas mensagens importantes permane\u00e7am claras, vis\u00edveis e em conformidade por muitos anos.<\/p>\n<p data-sourcepos=\"5:1-5:49\"><strong>Durabilidade Incompar\u00e1vel para Ambientes Externos<\/strong><\/p>\n<p data-sourcepos=\"7:1-7:266\">Fabricadas com materiais premium e utilizando t\u00e9cnicas de impress\u00e3o avan\u00e7adas, nossas etiquetas de certifica\u00e7\u00e3o resistentes ao sol e \u00e0s condi\u00e7\u00f5es clim\u00e1ticas externas s\u00e3o constru\u00eddas para durar. Elas s\u00e3o resistentes ao desbotamento, rasgos e degrada\u00e7\u00e3o qu\u00edmica, mesmo nos ambientes externos mais exigentes.<\/p>\n<p data-sourcepos=\"9:1-9:50\"><strong>Ideal para uma Ampla Gama de Aplica\u00e7\u00f5es Externas<\/strong><\/p>\n<p data-sourcepos=\"11:1-11:113\">Nossas etiquetas de certifica\u00e7\u00e3o resistentes ao sol e \u00e0s condi\u00e7\u00f5es clim\u00e1ticas externas s\u00e3o ideais para uma ampla gama de aplica\u00e7\u00f5es, incluindo:<\/p>\n<ul data-sourcepos=\"13:1-18:0\">\n<li data-sourcepos=\"13:1-13:35\"><strong>Etiquetas de identifica\u00e7\u00e3o de produtos<\/strong><\/li>\n<li data-sourcepos=\"14:1-14:38\"><strong>Avisos e instru\u00e7\u00f5es de seguran\u00e7a<\/strong><\/li>\n<li data-sourcepos=\"15:1-15:36\"><strong>Marca\u00e7\u00f5es de conformidade regulamentar<\/strong><\/li>\n<li data-sourcepos=\"16:1-16:27\"><strong>Etiquetas de rastreamento de ativos<\/strong><\/li>\n<li data-sourcepos=\"17:1-18:0\"><strong>Sinaliza\u00e7\u00e3o promocional e de marketing<\/strong><\/li>\n<\/ul>\n<p data-sourcepos=\"19:1-19:89\"><strong>Parceria com fornecedores de impressoras de c\u00f3digo de barras de etiquetas da China para obter qualidade e experi\u00eancia superiores<\/strong><\/p>\n<p data-sourcepos=\"21:1-21:183\">Na China Label Barcode Printer Suppliers, estamos comprometidos em fornecer aos nossos clientes etiquetas de certifica\u00e7\u00e3o resistentes ao sol e \u00e0s condi\u00e7\u00f5es clim\u00e1ticas externas da mais alta qualidade e a experi\u00eancia para atender \u00e0s suas necessidades espec\u00edficas de aplica\u00e7\u00e3o. Nossa equipe de profissionais experientes pode ajud\u00e1-lo a selecionar o material de etiqueta, adesivo e op\u00e7\u00f5es de impress\u00e3o certos para suas necessidades exclusivas.<\/p>\n<p data-sourcepos=\"23:1-23:182\"><strong>Contacte-nos hoje<\/strong> para saber mais sobre nossas etiquetas de certifica\u00e7\u00e3o resistentes ao sol e \u00e0s condi\u00e7\u00f5es clim\u00e1ticas externas e como podemos ajud\u00e1-lo a proteger sua sinaliza\u00e7\u00e3o e etiquetas externas dos elementos.<\/p>","protected":false},"excerpt":{"rendered":"<p>O r\u00f3tulo de certifica\u00e7\u00e3o resistente ao sol e \u00e0s intemp\u00e9ries para ambientes externos indica que o produto foi testado e certificado para resistir \u00e0 exposi\u00e7\u00e3o \u00e0 luz solar e a v\u00e1rias condi\u00e7\u00f5es clim\u00e1ticas, mantendo seu desempenho e durabilidade.<\/p>","protected":false},"featured_media":1655,"template":"","meta":[],"product_brand":[],"product_cat":[15],"product_tag":[],"class_list":{"0":"post-1688","1":"product","2":"type-product","3":"status-publish","4":"has-post-thumbnail","6":"product_cat-print-label","8":"first","9":"instock","10":"shipping-taxable","11":"product-type-simple"},"_links":{"self":[{"href":"https:\/\/membraneswitchmfg.com\/pt\/wp-json\/wp\/v2\/product\/1688","targetHints":{"allow":["GET"]}}],"collection":[{"href":"https:\/\/membraneswitchmfg.com\/pt\/wp-json\/wp\/v2\/product"}],"about":[{"href":"https:\/\/membraneswitchmfg.com\/pt\/wp-json\/wp\/v2\/types\/product"}],"wp:featuredmedia":[{"embeddable":true,"href":"https:\/\/membraneswitchmfg.com\/pt\/wp-json\/wp\/v2\/media\/1655"}],"wp:attachment":[{"href":"https:\/\/membraneswitchmfg.com\/pt\/wp-json\/wp\/v2\/media?parent=1688"}],"wp:term":[{"taxonomy":"product_brand","embeddable":true,"href":"https:\/\/membraneswitchmfg.com\/pt\/wp-json\/wp\/v2\/product_brand?post=1688"},{"taxonomy":"product_cat","embeddable":true,"href":"https:\/\/membraneswitchmfg.com\/pt\/wp-json\/wp\/v2\/product_cat?post=1688"},{"taxonomy":"product_tag","embeddable":true,"href":"https:\/\/membraneswitchmfg.com\/pt\/wp-json\/wp\/v2\/product_tag?post=1688"}],"curies":[{"name":"wp","href":"https:\/\/api.w.org\/{rel}","templated":true}]}}