{"id":1689,"date":"2024-06-22T14:56:03","date_gmt":"2024-06-22T14:56:03","guid":{"rendered":"https:\/\/membraneswitchmfg.com\/manufacturer\/outdoor-warning-signs\/"},"modified":"2024-06-26T00:53:33","modified_gmt":"2024-06-26T00:53:33","slug":"outdoor-warning-signs","status":"publish","type":"product","link":"https:\/\/membraneswitchmfg.com\/pt\/manufacturer\/outdoor-warning-signs\/","title":{"rendered":"Sinais de aviso exteriores"},"content":{"rendered":"<h2 class=\"\" data-sourcepos=\"1:1-1:84\">Outdoor Warning Signs: Enhancing Safety and Communication in Outdoor Environments<\/h2>\n<p data-sourcepos=\"3:1-3:144\">Effectively communicate potential hazards and important information in outdoor settings with our durable and customizable outdoor warning signs. Designed to withstand the rigors of outdoor environments, our signs ensure that your messages remain clear, visible, and attention-grabbing, even in harsh weather conditions.<\/p>\n<p data-sourcepos=\"5:1-5:49\"><strong>Durabilidade Incompar\u00e1vel para Ambientes Externos<\/strong><\/p>\n<p data-sourcepos=\"7:1-7:133\">Crafted from high-quality materials and utilizing advanced printing techniques, our outdoor warning signs are built to last. They are resistant to fading, tearing, and chemical degradation, ensuring that your messages remain visible and effective for years to come.<\/p>\n<p data-sourcepos=\"9:1-9:44\"><strong>Customizable to Meet Your Specific Needs<\/strong><\/p>\n<p data-sourcepos=\"11:1-11:86\">Oferecemos uma vasta gama de op\u00e7\u00f5es de personaliza\u00e7\u00e3o para satisfazer as suas necessidades espec\u00edficas, incluindo:<\/p>\n<ul data-sourcepos=\"13:1-17:0\">\n<li data-sourcepos=\"13:1-13:60\"><strong>Variety of sizes and shapes to accommodate any message<\/strong><\/li>\n<li data-sourcepos=\"14:1-14:49\"><strong>Full-color printing for high-impact visuals<\/strong><\/li>\n<li data-sourcepos=\"15:1-15:67\"><strong>Customizable text and graphics to convey your message clearly<\/strong><\/li>\n<li data-sourcepos=\"16:1-17:0\"><strong>Choice of materials to suit your environment<\/strong><\/li>\n<\/ul>\n<p data-sourcepos=\"18:1-18:50\"><strong>Ideal para uma Ampla Gama de Aplica\u00e7\u00f5es Externas<\/strong><\/p>\n<p data-sourcepos=\"20:1-20:80\">Our outdoor warning signs are ideal for a wide range of applications, including:<\/p>\n<ul data-sourcepos=\"22:1-22:10\">\n<li data-sourcepos=\"22:1-22:10\"><strong>Avisos e instru\u00e7\u00f5es de seguran\u00e7a<\/strong><\/li>\n<li data-sourcepos=\"23:1-23:36\"><strong>Marca\u00e7\u00f5es de conformidade regulamentar<\/strong><\/li>\n<li data-sourcepos=\"24:1-24:47\"><strong>Hazard identification and caution signage<\/strong><\/li>\n<li data-sourcepos=\"25:1-25:43\"><strong>Directional and informational signage<\/strong><\/li>\n<li data-sourcepos=\"26:1-27:0\"><strong>Construction site signage<\/strong><\/li>\n<\/ul>\n<p data-sourcepos=\"28:1-28:89\"><strong>Parceria com fornecedores de impressoras de c\u00f3digo de barras de etiquetas da China para obter qualidade e experi\u00eancia superiores<\/strong><\/p>\n<p data-sourcepos=\"30:1-30:309\">At China Label Barcode Printer Suppliers, we are committed to providing our customers with the highest quality outdoor warning signs and the expertise to meet their specific application needs. Our team of experienced professionals can help you design and create the perfect signs for your unique requirements.<\/p>\n<p data-sourcepos=\"32:1-32:148\"><strong>Contacte-nos hoje<\/strong> to learn more about our outdoor warning signs and how we can help you enhance safety and communication in outdoor environments.<\/p>","protected":false},"excerpt":{"rendered":"<p>Os sinais de aviso exteriores s\u00e3o sinais especialmente concebidos colocados em ambientes exteriores para comunicar perigos, fornecer instru\u00e7\u00f5es ou transmitir informa\u00e7\u00f5es importantes. Estes sinais s\u00e3o essenciais para manter a seguran\u00e7a e a ordem em \u00e1reas onde os factores ambientais e os perigos potenciais representam riscos para as pessoas ou para a propriedade.<\/p>","protected":false},"featured_media":1656,"template":"","meta":[],"product_brand":[],"product_cat":[15],"product_tag":[],"class_list":{"0":"post-1689","1":"product","2":"type-product","3":"status-publish","4":"has-post-thumbnail","6":"product_cat-print-label","8":"first","9":"instock","10":"shipping-taxable","11":"product-type-simple"},"_links":{"self":[{"href":"https:\/\/membraneswitchmfg.com\/pt\/wp-json\/wp\/v2\/product\/1689","targetHints":{"allow":["GET"]}}],"collection":[{"href":"https:\/\/membraneswitchmfg.com\/pt\/wp-json\/wp\/v2\/product"}],"about":[{"href":"https:\/\/membraneswitchmfg.com\/pt\/wp-json\/wp\/v2\/types\/product"}],"wp:featuredmedia":[{"embeddable":true,"href":"https:\/\/membraneswitchmfg.com\/pt\/wp-json\/wp\/v2\/media\/1656"}],"wp:attachment":[{"href":"https:\/\/membraneswitchmfg.com\/pt\/wp-json\/wp\/v2\/media?parent=1689"}],"wp:term":[{"taxonomy":"product_brand","embeddable":true,"href":"https:\/\/membraneswitchmfg.com\/pt\/wp-json\/wp\/v2\/product_brand?post=1689"},{"taxonomy":"product_cat","embeddable":true,"href":"https:\/\/membraneswitchmfg.com\/pt\/wp-json\/wp\/v2\/product_cat?post=1689"},{"taxonomy":"product_tag","embeddable":true,"href":"https:\/\/membraneswitchmfg.com\/pt\/wp-json\/wp\/v2\/product_tag?post=1689"}],"curies":[{"name":"wp","href":"https:\/\/api.w.org\/{rel}","templated":true}]}}