{"id":1690,"date":"2024-06-22T14:56:03","date_gmt":"2024-06-22T14:56:03","guid":{"rendered":"https:\/\/membraneswitchmfg.com\/manufacturer\/electrical-power-cord-certification-label\/"},"modified":"2024-06-26T00:54:03","modified_gmt":"2024-06-26T00:54:03","slug":"electrical-power-cord-certification-label","status":"publish","type":"product","link":"https:\/\/membraneswitchmfg.com\/pt\/manufacturer\/electrical-power-cord-certification-label\/","title":{"rendered":"Etiqueta de certifica\u00e7\u00e3o do cabo de alimenta\u00e7\u00e3o el\u00e9ctrica"},"content":{"rendered":"<h2 class=\"\" data-sourcepos=\"1:1-1:77\">Etiquetas de certifica\u00e7\u00e3o de cabos de alimenta\u00e7\u00e3o el\u00e9ctrica: Garantir a seguran\u00e7a e a conformidade<\/h2>\n<p data-sourcepos=\"3:1-3:140\">Garanta a seguran\u00e7a e a conformidade dos seus cabos de alimenta\u00e7\u00e3o el\u00e9ctrica com as nossas etiquetas de certifica\u00e7\u00e3o de cabos de alimenta\u00e7\u00e3o el\u00e9ctrica duradouras e de alta qualidade. Estas etiquetas fornecem informa\u00e7\u00f5es essenciais sobre os seus cabos, ajudando a evitar riscos el\u00e9ctricos e garantindo a conformidade regulamentar.<\/p>\n<p data-sourcepos=\"5:1-5:51\"><strong>Durabilidade inigual\u00e1vel para ambientes exigentes<\/strong><\/p>\n<p data-sourcepos=\"7:1-7:3\">As nossas etiquetas de certifica\u00e7\u00e3o de cabos de alimenta\u00e7\u00e3o el\u00e9ctrica s\u00e3o fabricadas com materiais de primeira qualidade que podem suportar condi\u00e7\u00f5es adversas, incluindo temperaturas extremas, abras\u00e3o e produtos qu\u00edmicos. S\u00e3o resistentes ao desbotamento, ao rasgamento e a manchas, garantindo que as informa\u00e7\u00f5es importantes nas suas etiquetas permanecem claras e leg\u00edveis durante anos.<\/p>\n<p data-sourcepos=\"9:1-9:51\"><strong>Informa\u00e7\u00f5es essenciais para seguran\u00e7a e conformidade<\/strong><\/p>\n<p data-sourcepos=\"11:1-11:39\">As nossas etiquetas de certifica\u00e7\u00e3o de cabos de alimenta\u00e7\u00e3o el\u00e9ctrica incluem informa\u00e7\u00f5es essenciais, tais como:<\/p>\n<ul data-sourcepos=\"13:1-17:0\">\n<li data-sourcepos=\"13:1-13:47\"><strong>Nome do fabricante e informa\u00e7\u00f5es de contacto<\/strong><\/li>\n<li data-sourcepos=\"14:1-14:26\"><strong>Tipo e classifica\u00e7\u00e3o do cabo<\/strong><\/li>\n<li data-sourcepos=\"15:1-15:31\"><strong>Especifica\u00e7\u00f5es el\u00e9ctricas<\/strong><\/li>\n<li data-sourcepos=\"16:1-17:0\"><strong>Marcas de certifica\u00e7\u00e3o<\/strong><\/li>\n<\/ul>\n<p data-sourcepos=\"18:1-18:111\">Estas informa\u00e7\u00f5es ajudam a garantir que os cabos s\u00e3o utilizados de forma segura e em conformidade com os regulamentos aplic\u00e1veis.<\/p>\n<p data-sourcepos=\"20:1-20:53\"><strong>Ideal para uma vasta gama de aplica\u00e7\u00f5es el\u00e9ctricas<\/strong><\/p>\n<p data-sourcepos=\"22:1-22:112\">As nossas etiquetas de certifica\u00e7\u00e3o de cabos de alimenta\u00e7\u00e3o el\u00e9ctrica s\u00e3o ideais para uma vasta gama de aplica\u00e7\u00f5es el\u00e9ctricas, incluindo:<\/p>\n<ul data-sourcepos=\"24:1-25:28\">\n<li data-sourcepos=\"24:1-24:48\"><strong>Cabos de alimenta\u00e7\u00e3o para aparelhos el\u00e9ctricos e electr\u00f3nicos<\/strong><\/li>\n<li data-sourcepos=\"25:1-25:28\"><strong>Cabos de alimenta\u00e7\u00e3o industriais<\/strong><\/li>\n<li data-sourcepos=\"26:1-26:21\"><strong>Cabos de extens\u00e3o<\/strong><\/li>\n<li data-sourcepos=\"27:1-27:31\"><strong>Cabos para dispositivos m\u00e9dicos<\/strong><\/li>\n<li data-sourcepos=\"28:1-29:0\"><strong>Cabos para utiliza\u00e7\u00e3o no exterior<\/strong><\/li>\n<\/ul>\n<p data-sourcepos=\"30:1-30:89\"><strong>Parceria com fornecedores de impressoras de c\u00f3digo de barras de etiquetas da China para obter qualidade e experi\u00eancia superiores<\/strong><\/p>\n<p data-sourcepos=\"32:1-32:358\">Na China Label Barcode Printer Suppliers, estamos empenhados em fornecer aos nossos clientes etiquetas de certifica\u00e7\u00e3o de cabos de energia el\u00e9ctrica da mais alta qualidade e a experi\u00eancia para atender \u00e0s suas necessidades espec\u00edficas de aplica\u00e7\u00e3o. Nossa equipe de profissionais experientes pode ajud\u00e1-lo a selecionar o material de etiqueta, adesivo e op\u00e7\u00f5es de impress\u00e3o corretos para suas necessidades exclusivas.<\/p>\n<p data-sourcepos=\"34:1-34:170\"><strong>Contacte-nos hoje<\/strong> para saber mais sobre as nossas etiquetas de certifica\u00e7\u00e3o de cabos el\u00e9ctricos e como o podemos ajudar a garantir a seguran\u00e7a e a conformidade dos seus cabos el\u00e9ctricos.<\/p>","protected":false},"excerpt":{"rendered":"<p>Os cabos de alimenta\u00e7\u00e3o el\u00e9ctrica, especialmente os utilizados em produtos electr\u00f3nicos de consumo, aparelhos e aplica\u00e7\u00f5es industriais, est\u00e3o frequentemente sujeitos a rigorosas normas de seguran\u00e7a e desempenho. Estas normas s\u00e3o confirmadas atrav\u00e9s de etiquetas ou marcas de certifica\u00e7\u00e3o nos cabos el\u00e9ctricos.<\/p>","protected":false},"featured_media":1654,"template":"","meta":[],"product_brand":[],"product_cat":[15],"product_tag":[],"class_list":{"0":"post-1690","1":"product","2":"type-product","3":"status-publish","4":"has-post-thumbnail","6":"product_cat-print-label","8":"first","9":"instock","10":"shipping-taxable","11":"product-type-simple"},"_links":{"self":[{"href":"https:\/\/membraneswitchmfg.com\/pt\/wp-json\/wp\/v2\/product\/1690","targetHints":{"allow":["GET"]}}],"collection":[{"href":"https:\/\/membraneswitchmfg.com\/pt\/wp-json\/wp\/v2\/product"}],"about":[{"href":"https:\/\/membraneswitchmfg.com\/pt\/wp-json\/wp\/v2\/types\/product"}],"wp:featuredmedia":[{"embeddable":true,"href":"https:\/\/membraneswitchmfg.com\/pt\/wp-json\/wp\/v2\/media\/1654"}],"wp:attachment":[{"href":"https:\/\/membraneswitchmfg.com\/pt\/wp-json\/wp\/v2\/media?parent=1690"}],"wp:term":[{"taxonomy":"product_brand","embeddable":true,"href":"https:\/\/membraneswitchmfg.com\/pt\/wp-json\/wp\/v2\/product_brand?post=1690"},{"taxonomy":"product_cat","embeddable":true,"href":"https:\/\/membraneswitchmfg.com\/pt\/wp-json\/wp\/v2\/product_cat?post=1690"},{"taxonomy":"product_tag","embeddable":true,"href":"https:\/\/membraneswitchmfg.com\/pt\/wp-json\/wp\/v2\/product_tag?post=1690"}],"curies":[{"name":"wp","href":"https:\/\/api.w.org\/{rel}","templated":true}]}}