{"id":1691,"date":"2024-06-22T14:56:03","date_gmt":"2024-06-22T14:56:03","guid":{"rendered":"https:\/\/membraneswitchmfg.com\/manufacturer\/anti-counterfeiting-anti-theft-label\/"},"modified":"2024-06-26T00:51:33","modified_gmt":"2024-06-26T00:51:33","slug":"anti-counterfeiting-anti-theft-label","status":"publish","type":"product","link":"https:\/\/membraneswitchmfg.com\/pt\/manufacturer\/anti-counterfeiting-anti-theft-label\/","title":{"rendered":"Etiqueta antirroubo e anti-contrafa\u00e7\u00e3o"},"content":{"rendered":"<h2 class=\"\" data-sourcepos=\"1:1-1:76\">Etiquetas Anti-falsifica\u00e7\u00e3o e Antirroubo: Prote\u00e7\u00e3o dos seus produtos e da sua marca<\/h2>\n<p data-sourcepos=\"3:1-3:90\">Proteja os seus produtos e a reputa\u00e7\u00e3o da sua marca com as nossas inovadoras etiquetas antirroubo e anti-contrafa\u00e7\u00e3o. Estas etiquetas avan\u00e7adas foram concebidas para dissuadir a contrafa\u00e7\u00e3o, evitar o roubo e garantir a autenticidade dos seus produtos, proporcionando paz de esp\u00edrito tanto a si como aos seus clientes.<\/p>\n<p data-sourcepos=\"5:1-5:31\"><strong>Carater\u00edsticas de seguran\u00e7a inigual\u00e1veis<\/strong><\/p>\n<p data-sourcepos=\"7:1-7:110\">As nossas etiquetas antirroubo e anti-contrafa\u00e7\u00e3o incorporam uma variedade de carater\u00edsticas de seguran\u00e7a sofisticadas, incluindo<\/p>\n<ul data-sourcepos=\"9:1-11:15\">\n<li data-sourcepos=\"9:1-9:85\"><strong>Desenhos \u00fanicos inviol\u00e1veis<\/strong> que se partem ou revelam mensagens ocultas quando s\u00e3o removidos<\/li>\n<li data-sourcepos=\"10:1-10:66\"><strong>Micro-texto incorporado<\/strong> que s\u00f3 \u00e9 vis\u00edvel sob amplia\u00e7\u00e3o<\/li>\n<li data-sourcepos=\"11:1-11:15\"><strong>Imagens hologr\u00e1ficas<\/strong> que n\u00e3o pode ser reproduzido<\/li>\n<li data-sourcepos=\"12:1-13:0\"><strong>Tintas especializadas<\/strong> que reagem a produtos qu\u00edmicos ou solventes espec\u00edficos<\/li>\n<\/ul>\n<p data-sourcepos=\"14:1-14:152\">Estas carater\u00edsticas tornam praticamente imposs\u00edvel a reprodu\u00e7\u00e3o das suas etiquetas por falsificadores, protegendo os seus produtos e a sua marca de imita\u00e7\u00f5es n\u00e3o autorizadas.<\/p>\n<p data-sourcepos=\"16:1-16:49\"><strong>Aplica\u00e7\u00f5es vers\u00e1teis para prote\u00e7\u00e3o de produtos<\/strong><\/p>\n<p data-sourcepos=\"18:1-18:99\">As nossas etiquetas antirroubo e anti-contrafa\u00e7\u00e3o s\u00e3o adequadas para uma vasta gama de aplica\u00e7\u00f5es, incluindo<\/p>\n<ul data-sourcepos=\"20:1-23:1\">\n<li data-sourcepos=\"20:1-20:45\"><strong>Produtos farmac\u00eauticos e de sa\u00fade<\/strong><\/li>\n<li data-sourcepos=\"21:1-21:36\"><strong>Eletr\u00f3nica e bens de consumo<\/strong><\/li>\n<li data-sourcepos=\"22:1-22:32\"><strong>Artigos de luxo e cosm\u00e9ticos<\/strong><\/li>\n<li data-sourcepos=\"23:1-23:1\"><strong>Componentes e m\u00e1quinas industriais<\/strong><\/li>\n<li data-sourcepos=\"24:1-25:0\"><strong>Software e produtos digitais<\/strong><\/li>\n<\/ul>\n<p data-sourcepos=\"26:1-26:166\">Ao aplicar as nossas etiquetas aos seus produtos, pode impedir a contrafa\u00e7\u00e3o, evitar roubos e garantir que os seus clientes recebem produtos genu\u00ednos de fontes autorizadas.<\/p>\n<p data-sourcepos=\"28:1-28:89\"><strong>Parceria com fornecedores de impressoras de c\u00f3digo de barras de etiquetas da China para obter qualidade e experi\u00eancia superiores<\/strong><\/p>\n<p data-sourcepos=\"30:1-30:362\">Na China Label Barcode Printer Suppliers, estamos empenhados em fornecer aos nossos clientes a mais alta qualidade de etiquetas anti-falsifica\u00e7\u00e3o antirroubo e a experi\u00eancia para atender \u00e0s suas necessidades espec\u00edficas de aplica\u00e7\u00e3o. A nossa equipa de profissionais experientes pode ajud\u00e1-lo a selecionar o material de etiqueta adequado, as carater\u00edsticas de seguran\u00e7a e as op\u00e7\u00f5es de impress\u00e3o para as suas necessidades espec\u00edficas.<\/p>\n<p data-sourcepos=\"32:1-32:169\"><strong>Contacte-nos hoje<\/strong> para saber mais sobre as nossas etiquetas antirroubo e como podemos ajud\u00e1-lo a proteger os seus produtos e a sua marca contra a contrafa\u00e7\u00e3o e o roubo.<\/p>\n<p data-sourcepos=\"34:1-34:80\"><strong>Palavras-chave adicionais:<\/strong> impress\u00e3o de etiquetas, empresa de impress\u00e3o de etiquetas anti-contrafa\u00e7\u00e3o<\/p>","protected":false},"excerpt":{"rendered":"<p>As etiquetas anti-contrafa\u00e7\u00e3o e antirroubo s\u00e3o etiquetas e marca\u00e7\u00f5es de seguran\u00e7a especializadas concebidas para proteger produtos e bens contra reprodu\u00e7\u00e3o n\u00e3o autorizada, roubo e adultera\u00e7\u00e3o. Estas etiquetas incorporam tecnologias avan\u00e7adas para verificar a autenticidade, evitar a contrafa\u00e7\u00e3o e impedir o roubo, garantindo a integridade e a seguran\u00e7a dos bens em v\u00e1rios sectores.<\/p>","protected":false},"featured_media":1652,"template":"","meta":[],"product_brand":[],"product_cat":[15],"product_tag":[],"class_list":{"0":"post-1691","1":"product","2":"type-product","3":"status-publish","4":"has-post-thumbnail","6":"product_cat-print-label","8":"first","9":"instock","10":"shipping-taxable","11":"product-type-simple"},"_links":{"self":[{"href":"https:\/\/membraneswitchmfg.com\/pt\/wp-json\/wp\/v2\/product\/1691","targetHints":{"allow":["GET"]}}],"collection":[{"href":"https:\/\/membraneswitchmfg.com\/pt\/wp-json\/wp\/v2\/product"}],"about":[{"href":"https:\/\/membraneswitchmfg.com\/pt\/wp-json\/wp\/v2\/types\/product"}],"wp:featuredmedia":[{"embeddable":true,"href":"https:\/\/membraneswitchmfg.com\/pt\/wp-json\/wp\/v2\/media\/1652"}],"wp:attachment":[{"href":"https:\/\/membraneswitchmfg.com\/pt\/wp-json\/wp\/v2\/media?parent=1691"}],"wp:term":[{"taxonomy":"product_brand","embeddable":true,"href":"https:\/\/membraneswitchmfg.com\/pt\/wp-json\/wp\/v2\/product_brand?post=1691"},{"taxonomy":"product_cat","embeddable":true,"href":"https:\/\/membraneswitchmfg.com\/pt\/wp-json\/wp\/v2\/product_cat?post=1691"},{"taxonomy":"product_tag","embeddable":true,"href":"https:\/\/membraneswitchmfg.com\/pt\/wp-json\/wp\/v2\/product_tag?post=1691"}],"curies":[{"name":"wp","href":"https:\/\/api.w.org\/{rel}","templated":true}]}}