{"id":1693,"date":"2024-06-22T14:56:03","date_gmt":"2024-06-22T14:56:03","guid":{"rendered":"https:\/\/membraneswitchmfg.com\/manufacturer\/removable-non-residual-electrostatic-film-label\/"},"modified":"2024-06-25T14:49:18","modified_gmt":"2024-06-25T14:49:18","slug":"removable-non-residual-electrostatic-film-label","status":"publish","type":"product","link":"https:\/\/membraneswitchmfg.com\/pt\/manufacturer\/removable-non-residual-electrostatic-film-label\/","title":{"rendered":"Etiqueta de pel\u00edcula eletrost\u00e1tica amov\u00edvel n\u00e3o residual"},"content":{"rendered":"<h2 class=\"\" data-sourcepos=\"3:1-3:94\">Etiquetas de Filme Eletrost\u00e1tico N\u00e3o Residual Remov\u00edveis: Solu\u00e7\u00f5es de Etiquetagem Vers\u00e1teis e Reutiliz\u00e1veis<\/h2>\n<p data-sourcepos=\"5:1-5:318\">Abrace a conveni\u00eancia da etiquetagem reutiliz\u00e1vel com nossas etiquetas de filme eletrost\u00e1tico n\u00e3o residual remov\u00edveis. Estas etiquetas vers\u00e1teis oferecem uma solu\u00e7\u00e3o descomplicada para sinaliza\u00e7\u00e3o tempor\u00e1ria, identifica\u00e7\u00e3o de produtos e mensagens promocionais, aderindo com seguran\u00e7a a uma ampla gama de superf\u00edcies sem deixar nenhum res\u00edduo pegajoso.<\/p>\n<p data-sourcepos=\"7:1-7:52\"><strong>Versatilidade Incompar\u00e1vel para Aplica\u00e7\u00f5es Tempor\u00e1rias<\/strong><\/p>\n<p data-sourcepos=\"9:1-9:162\">Nossas etiquetas de filme eletrost\u00e1tico n\u00e3o residual remov\u00edveis s\u00e3o ideais para aplica\u00e7\u00f5es onde as etiquetas precisam ser removidas e reposicionadas frequentemente. Elas s\u00e3o perfeitas para:<\/p>\n<ul data-sourcepos=\"11:1-16:0\">\n<li data-sourcepos=\"11:1-11:36\"><strong>Sinaliza\u00e7\u00e3o de varejo e promocional<\/strong><\/li>\n<li data-sourcepos=\"12:1-12:38\"><strong>Etiquetagem de armaz\u00e9m e invent\u00e1rio<\/strong><\/li>\n<li data-sourcepos=\"13:1-13:40\"><strong>Sinaliza\u00e7\u00e3o tempor\u00e1ria de escrit\u00f3rio e evento<\/strong><\/li>\n<li data-sourcepos=\"14:1-14:41\"><strong>Etiquetagem e identifica\u00e7\u00e3o de produtos<\/strong><\/li>\n<li data-sourcepos=\"15:1-16:0\"><strong>Sinaliza\u00e7\u00e3o educacional e instrucional<\/strong><\/li>\n<\/ul>\n<p data-sourcepos=\"17:1-17:29\"><strong>Reutiliz\u00e1vel e Sem Res\u00edduos<\/strong><\/p>\n<p data-sourcepos=\"19:1-19:284\">Fabricadas com filme eletrost\u00e1tico de alta qualidade, estas etiquetas aderem com seguran\u00e7a a superf\u00edcies lisas sem a necessidade de adesivos. Elas podem ser facilmente removidas e reposicionadas sem deixar nenhum res\u00edduo pegajoso, tornando-as uma escolha de etiquetagem sustent\u00e1vel e ecologicamente correta.<\/p>\n<p data-sourcepos=\"21:1-21:2\"><strong>Compat\u00edvel com uma Ampla Gama de Impressoras<\/strong><\/p>\n<p data-sourcepos=\"23:1-23:243\">Nossas etiquetas de filme eletrost\u00e1tico n\u00e3o residual remov\u00edveis s\u00e3o compat\u00edveis com uma ampla gama de impressoras a jato de tinta e laser, permitindo que voc\u00ea crie etiquetas personalizadas internamente. Elas est\u00e3o dispon\u00edveis em uma variedade de tamanhos e formatos para atender \u00e0s suas necessidades espec\u00edficas.<\/p>\n<p data-sourcepos=\"25:1-25:89\"><strong>Parceria com fornecedores de impressoras de c\u00f3digo de barras de etiquetas da China para obter qualidade e experi\u00eancia superiores<\/strong><\/p>\n<p data-sourcepos=\"27:1-27:360\">Na China Label Barcode Printer Suppliers, estamos comprometidos em fornecer aos nossos clientes etiquetas de filme eletrost\u00e1tico n\u00e3o residual remov\u00edveis da mais alta qualidade e a experi\u00eancia para atender \u00e0s suas necessidades espec\u00edficas de aplica\u00e7\u00e3o. Nossa equipe de profissionais experientes pode ajud\u00e1-lo a selecionar o material, o tamanho e as op\u00e7\u00f5es de impress\u00e3o corretos para suas necessidades exclusivas.<\/p>\n<p data-sourcepos=\"29:1-29:170\"><strong>Contacte-nos hoje<\/strong> para saber mais sobre nossas etiquetas de filme eletrost\u00e1tico n\u00e3o residual remov\u00edveis e como podemos ajud\u00e1-lo a otimizar seus processos de etiquetagem e reduzir o desperd\u00edcio.<\/p>","protected":false},"excerpt":{"rendered":"<p>Etiquetas de filme eletrost\u00e1tico n\u00e3o residual remov\u00edveis s\u00e3o um tipo de etiqueta que adere a superf\u00edcies atrav\u00e9s de eletricidade est\u00e1tica em vez de adesivo. Esta caracter\u00edstica \u00fanica permite que sejam facilmente aplicadas e removidas sem deixar qualquer res\u00edduo pegajoso ou dano.<\/p>","protected":false},"featured_media":1658,"template":"","meta":[],"product_brand":[],"product_cat":[15],"product_tag":[],"class_list":{"0":"post-1693","1":"product","2":"type-product","3":"status-publish","4":"has-post-thumbnail","6":"product_cat-print-label","8":"first","9":"instock","10":"shipping-taxable","11":"product-type-simple"},"_links":{"self":[{"href":"https:\/\/membraneswitchmfg.com\/pt\/wp-json\/wp\/v2\/product\/1693","targetHints":{"allow":["GET"]}}],"collection":[{"href":"https:\/\/membraneswitchmfg.com\/pt\/wp-json\/wp\/v2\/product"}],"about":[{"href":"https:\/\/membraneswitchmfg.com\/pt\/wp-json\/wp\/v2\/types\/product"}],"wp:featuredmedia":[{"embeddable":true,"href":"https:\/\/membraneswitchmfg.com\/pt\/wp-json\/wp\/v2\/media\/1658"}],"wp:attachment":[{"href":"https:\/\/membraneswitchmfg.com\/pt\/wp-json\/wp\/v2\/media?parent=1693"}],"wp:term":[{"taxonomy":"product_brand","embeddable":true,"href":"https:\/\/membraneswitchmfg.com\/pt\/wp-json\/wp\/v2\/product_brand?post=1693"},{"taxonomy":"product_cat","embeddable":true,"href":"https:\/\/membraneswitchmfg.com\/pt\/wp-json\/wp\/v2\/product_cat?post=1693"},{"taxonomy":"product_tag","embeddable":true,"href":"https:\/\/membraneswitchmfg.com\/pt\/wp-json\/wp\/v2\/product_tag?post=1693"}],"curies":[{"name":"wp","href":"https:\/\/api.w.org\/{rel}","templated":true}]}}