{"id":1773,"date":"2024-06-24T05:57:57","date_gmt":"2024-06-24T05:57:57","guid":{"rendered":"https:\/\/membraneswitchmfg.com\/manufacturer\/silver-flex-membrane-switch\/"},"modified":"2024-06-25T13:26:16","modified_gmt":"2024-06-25T13:26:16","slug":"silver-flex-membrane-switch","status":"publish","type":"product","link":"https:\/\/membraneswitchmfg.com\/pt\/manufacturer\/silver-flex-membrane-switch\/","title":{"rendered":"Interruptor de membrana Silver Flex"},"content":{"rendered":"<h2><strong><b>Interruptores de Membrana Flex\u00edveis de Prata: Solu\u00e7\u00f5es Confi\u00e1veis e Econ\u00f4micas<\/b><\/strong><\/h2>\n<p><strong>Versatilidade e Desempenho Incompar\u00e1veis<\/strong><\/p>\n<p>Os Interruptores de Membrana Flex\u00edveis de Prata s\u00e3o conhecidos por sua:<\/p>\n<ul>\n<li><strong>Design fino e flex\u00edvel para f\u00e1cil integra\u00e7\u00e3o<\/strong><\/li>\n<li><strong>Feedback t\u00e1til para uma experi\u00eancia de usu\u00e1rio aprimorada<\/strong><\/li>\n<li><strong>Longa vida \u00fatil com milh\u00f5es de actua\u00e7\u00f5es<\/strong><\/li>\n<li><strong>Resist\u00eancia \u00e0 humidade, ao p\u00f3 e a ambientes agressivos<\/strong><\/li>\n<\/ul>\n<p><strong>Solu\u00e7\u00f5es rent\u00e1veis para as suas necessidades<\/strong><\/p>\n<p>Os Interruptores de Membrana Flex\u00edveis de Prata oferecem uma solu\u00e7\u00e3o econ\u00f4mica sem comprometer a qualidade. Eles s\u00e3o ideais para aplica\u00e7\u00f5es onde:<\/p>\n<ul>\n<li><strong>O or\u00e7amento \u00e9 uma preocupa\u00e7\u00e3o fundamental<\/strong><\/li>\n<li><strong>S\u00e3o necess\u00e1rias grandes quantidades<\/strong><\/li>\n<li><strong>As limita\u00e7\u00f5es de espa\u00e7o s\u00e3o um fator<\/strong><\/li>\n<\/ul>\n<p><strong>Aplica\u00e7\u00f5es<\/strong><\/p>\n<p>Os Interruptores de Membrana Flex\u00edveis de Prata s\u00e3o amplamente utilizados em v\u00e1rios setores, incluindo:<\/p>\n<ul>\n<li><strong>Eletr\u00f3nica de consumo<\/strong><\/li>\n<li><strong>Dispositivos m\u00e9dicos<\/strong><\/li>\n<li><strong>Pain\u00e9is de controlo industrial<\/strong><\/li>\n<li><strong>Electrodom\u00e9sticos<\/strong><\/li>\n<li><strong>E muito mais<\/strong><\/li>\n<\/ul>\n<p><strong>Op\u00e7\u00f5es personaliz\u00e1veis<\/strong><\/p>\n<p>Oferecemos uma vasta gama de op\u00e7\u00f5es de personaliza\u00e7\u00e3o para satisfazer as suas necessidades espec\u00edficas, incluindo:<\/p>\n<ul>\n<li><strong>Variedade de tamanhos e configura\u00e7\u00f5es de interruptores<\/strong><\/li>\n<li><strong>Gr\u00e1ficos e ilumina\u00e7\u00e3o de fundo personalizados<\/strong><\/li>\n<li><strong>Op\u00e7\u00f5es de feedback t\u00e1til<\/strong><\/li>\n<li><strong>Veda\u00e7\u00e3o e prote\u00e7\u00e3o ambiental<\/strong><\/li>\n<\/ul>\n<p><strong>Fa\u00e7a parceria com um fornecedor confi\u00e1vel de interruptores de membrana \u00e0 prova d'\u00e1gua<\/strong><\/p>\n<p>Com anos de experi\u00eancia e um compromisso com a qualidade, somos seu fornecedor confi\u00e1vel de Interruptores de Membrana Flex\u00edveis de Prata. Nossa equipe de especialistas pode ajud\u00e1-lo a projetar e fabricar os interruptores perfeitos para sua aplica\u00e7\u00e3o.<\/p>\n<p><strong>Contacte-nos hoje<\/strong>\u00a0para saber mais sobre nossos Interruptores de Membrana Flex\u00edveis de Prata e como podemos ajud\u00e1-lo a atingir seus objetivos de produto, mantendo-se dentro do or\u00e7amento.<\/p>","protected":false},"excerpt":{"rendered":"<p>Experimente o equil\u00edbrio perfeito entre desempenho e acessibilidade com nossos Interruptores de Membrana Silver Flex. Esses interruptores vers\u00e1teis oferecem uma sensa\u00e7\u00e3o t\u00e1til e responsiva e durabilidade de longa dura\u00e7\u00e3o, tornando-os uma escolha ideal para uma ampla gama de aplica\u00e7\u00f5es.<\/p>","protected":false},"featured_media":1759,"template":"","meta":[],"product_brand":[],"product_cat":[40],"product_tag":[],"class_list":{"0":"post-1773","1":"product","2":"type-product","3":"status-publish","4":"has-post-thumbnail","6":"product_cat-membrane-switch","8":"first","9":"instock","10":"shipping-taxable","11":"product-type-simple"},"_links":{"self":[{"href":"https:\/\/membraneswitchmfg.com\/pt\/wp-json\/wp\/v2\/product\/1773","targetHints":{"allow":["GET"]}}],"collection":[{"href":"https:\/\/membraneswitchmfg.com\/pt\/wp-json\/wp\/v2\/product"}],"about":[{"href":"https:\/\/membraneswitchmfg.com\/pt\/wp-json\/wp\/v2\/types\/product"}],"wp:featuredmedia":[{"embeddable":true,"href":"https:\/\/membraneswitchmfg.com\/pt\/wp-json\/wp\/v2\/media\/1759"}],"wp:attachment":[{"href":"https:\/\/membraneswitchmfg.com\/pt\/wp-json\/wp\/v2\/media?parent=1773"}],"wp:term":[{"taxonomy":"product_brand","embeddable":true,"href":"https:\/\/membraneswitchmfg.com\/pt\/wp-json\/wp\/v2\/product_brand?post=1773"},{"taxonomy":"product_cat","embeddable":true,"href":"https:\/\/membraneswitchmfg.com\/pt\/wp-json\/wp\/v2\/product_cat?post=1773"},{"taxonomy":"product_tag","embeddable":true,"href":"https:\/\/membraneswitchmfg.com\/pt\/wp-json\/wp\/v2\/product_tag?post=1773"}],"curies":[{"name":"wp","href":"https:\/\/api.w.org\/{rel}","templated":true}]}}