{"id":1774,"date":"2024-06-24T05:57:57","date_gmt":"2024-06-24T05:57:57","guid":{"rendered":"https:\/\/membraneswitchmfg.com\/manufacturer\/copper-flex-membrane-switch\/"},"modified":"2024-06-25T13:28:19","modified_gmt":"2024-06-25T13:28:19","slug":"copper-flex-membrane-switch","status":"publish","type":"product","link":"https:\/\/membraneswitchmfg.com\/pt\/manufacturer\/copper-flex-membrane-switch\/","title":{"rendered":"Interruptor de membrana flex\u00edvel de cobre"},"content":{"rendered":"<h2><strong><b>Interruptores de membrana flex\u00edveis de cobre: desempenho superior para aplica\u00e7\u00f5es exigentes<\/b><\/strong><\/h2>\n<p><strong>Durabilidade e precis\u00e3o incompar\u00e1veis<\/strong><\/p>\n<p>Os interruptores de membrana flex\u00edveis de cobre s\u00e3o projetados para a excel\u00eancia, apresentando:<\/p>\n<ul>\n<li><strong>Tra\u00e7os de cobre de alta condutividade para transmiss\u00e3o de sinal aprimorada<\/strong><\/li>\n<li><strong>Padr\u00f5es de circuito precisos para opera\u00e7\u00e3o confi\u00e1vel<\/strong><\/li>\n<li><strong>Constru\u00e7\u00e3o robusta para resist\u00eancia a ambientes agressivos<\/strong><\/li>\n<\/ul>\n<p><strong>Experimente os benef\u00edcios<\/strong><\/p>\n<p>Com os interruptores de membrana flex\u00edveis de cobre, voc\u00ea pode esperar:<\/p>\n<ul>\n<li><strong>Tempo de inatividade e custos de manuten\u00e7\u00e3o reduzidos<\/strong><\/li>\n<li><strong>Desempenho e confiabilidade aprimorados do produto<\/strong><\/li>\n<li><strong>Maior satisfa\u00e7\u00e3o do usu\u00e1rio e reputa\u00e7\u00e3o da marca<\/strong><\/li>\n<\/ul>\n<p><strong>Aplica\u00e7\u00f5es<\/strong><\/p>\n<p>Os interruptores de membrana flex\u00edveis de cobre s\u00e3o adequados para uma ampla gama de aplica\u00e7\u00f5es, incluindo:<\/p>\n<ul>\n<li><strong>Sistemas de controle industrial<\/strong><\/li>\n<li><strong>Dispositivos m\u00e9dicos<\/strong><\/li>\n<li><strong>Equipamentos militares e aeroespaciais<\/strong><\/li>\n<li><strong>Aplica\u00e7\u00f5es em ambientes agressivos<\/strong><\/li>\n<li><strong>E muito mais<\/strong><\/li>\n<\/ul>\n<p><strong>Solu\u00e7\u00f5es personaliz\u00e1veis<\/strong><\/p>\n<p>Oferecemos uma vasta gama de op\u00e7\u00f5es de personaliza\u00e7\u00e3o para satisfazer as suas necessidades espec\u00edficas, incluindo:<\/p>\n<ul>\n<li><strong>Variedade de tamanhos e configura\u00e7\u00f5es de interruptores<\/strong><\/li>\n<li><strong>Gr\u00e1ficos e ilumina\u00e7\u00e3o de fundo personalizados<\/strong><\/li>\n<li><strong>Op\u00e7\u00f5es de feedback t\u00e1til<\/strong><\/li>\n<li><strong>Veda\u00e7\u00e3o e prote\u00e7\u00e3o ambiental<\/strong><\/li>\n<\/ul>\n<p><strong>Fa\u00e7a parceria com um fornecedor experiente de interruptores de membrana flex\u00edveis \u00e0 prova d'\u00e1gua<\/strong><\/p>\n<p>Com anos de experi\u00eancia e um compromisso com a qualidade, somos sua fonte confi\u00e1vel de interruptores de membrana flex\u00edveis de cobre. Nossa equipe de especialistas pode ajud\u00e1-lo a projetar e fabricar os interruptores perfeitos para sua aplica\u00e7\u00e3o.<\/p>\n<p><strong>Contacte-nos hoje<\/strong>\u00a0para saber mais sobre nossos interruptores de membrana flex\u00edveis de cobre e como podemos ajud\u00e1-lo a obter desempenho e confiabilidade superiores em suas aplica\u00e7\u00f5es exigentes.<\/p>","protected":false},"excerpt":{"rendered":"<p>Eleve o desempenho do seu produto com nossos interruptores de membrana flex\u00edveis de cobre de ponta, projetados para suportar os rigores de ambientes exigentes. Esses interruptores excepcionais oferecem durabilidade, precis\u00e3o e confiabilidade de longa dura\u00e7\u00e3o superiores, tornando-os a escolha ideal para aplica\u00e7\u00f5es de miss\u00e3o cr\u00edtica.<\/p>","protected":false},"featured_media":1747,"template":"","meta":[],"product_brand":[],"product_cat":[40],"product_tag":[],"class_list":{"0":"post-1774","1":"product","2":"type-product","3":"status-publish","4":"has-post-thumbnail","6":"product_cat-membrane-switch","8":"first","9":"instock","10":"shipping-taxable","11":"product-type-simple"},"_links":{"self":[{"href":"https:\/\/membraneswitchmfg.com\/pt\/wp-json\/wp\/v2\/product\/1774","targetHints":{"allow":["GET"]}}],"collection":[{"href":"https:\/\/membraneswitchmfg.com\/pt\/wp-json\/wp\/v2\/product"}],"about":[{"href":"https:\/\/membraneswitchmfg.com\/pt\/wp-json\/wp\/v2\/types\/product"}],"wp:featuredmedia":[{"embeddable":true,"href":"https:\/\/membraneswitchmfg.com\/pt\/wp-json\/wp\/v2\/media\/1747"}],"wp:attachment":[{"href":"https:\/\/membraneswitchmfg.com\/pt\/wp-json\/wp\/v2\/media?parent=1774"}],"wp:term":[{"taxonomy":"product_brand","embeddable":true,"href":"https:\/\/membraneswitchmfg.com\/pt\/wp-json\/wp\/v2\/product_brand?post=1774"},{"taxonomy":"product_cat","embeddable":true,"href":"https:\/\/membraneswitchmfg.com\/pt\/wp-json\/wp\/v2\/product_cat?post=1774"},{"taxonomy":"product_tag","embeddable":true,"href":"https:\/\/membraneswitchmfg.com\/pt\/wp-json\/wp\/v2\/product_tag?post=1774"}],"curies":[{"name":"wp","href":"https:\/\/api.w.org\/{rel}","templated":true}]}}