{"id":1775,"date":"2024-06-24T05:57:57","date_gmt":"2024-06-24T05:57:57","guid":{"rendered":"https:\/\/membraneswitchmfg.com\/manufacturer\/pcb-membrane-switch\/"},"modified":"2024-06-25T11:50:52","modified_gmt":"2024-06-25T11:50:52","slug":"pcb-membrane-switch","status":"publish","type":"product","link":"https:\/\/membraneswitchmfg.com\/pt\/manufacturer\/pcb-membrane-switch\/","title":{"rendered":"Interruptor de membrana PCB"},"content":{"rendered":"<h2><strong><b>Interruptor de membrana PCB: Uma fus\u00e3o de desempenho e versatilidade<\/b><\/strong><\/h2>\n<p><strong>Desempenho e versatilidade sem paralelo<\/strong><\/p>\n<p>Os interruptores de membrana PCB s\u00e3o conhecidos pela sua<\/p>\n<ul>\n<li><strong>Design fino e leve para uma integra\u00e7\u00e3o f\u00e1cil<\/strong><\/li>\n<li><strong>Feedback t\u00e1til para uma melhor intera\u00e7\u00e3o com o utilizador<\/strong><\/li>\n<li><strong>Longa vida \u00fatil com milh\u00f5es de actua\u00e7\u00f5es<\/strong><\/li>\n<li><strong>Resist\u00eancia \u00e0 humidade, ao p\u00f3 e a ambientes agressivos<\/strong><\/li>\n<li><strong>Integra\u00e7\u00e3o perfeita com PCBs para funcionalidades avan\u00e7adas<\/strong><\/li>\n<\/ul>\n<p><strong>Solu\u00e7\u00f5es rent\u00e1veis para as suas necessidades<\/strong><\/p>\n<p>Os comutadores de membrana PCB oferecem um equil\u00edbrio entre desempenho e acessibilidade, tornando-os ideais para aplica\u00e7\u00f5es onde:<\/p>\n<ul>\n<li><strong>O or\u00e7amento \u00e9 uma preocupa\u00e7\u00e3o fundamental<\/strong><\/li>\n<li><strong>S\u00e3o necess\u00e1rias grandes quantidades<\/strong><\/li>\n<li><strong>As limita\u00e7\u00f5es de espa\u00e7o s\u00e3o um fator<\/strong><\/li>\n<li><strong>S\u00e3o necess\u00e1rias funcionalidades avan\u00e7adas<\/strong><\/li>\n<\/ul>\n<p><strong>Aplica\u00e7\u00f5es<\/strong><\/p>\n<p>Os interruptores de membrana PCB s\u00e3o amplamente utilizados em v\u00e1rios sectores, incluindo:<\/p>\n<ul>\n<li><strong>Eletr\u00f3nica de consumo<\/strong><\/li>\n<li><strong>Dispositivos m\u00e9dicos<\/strong><\/li>\n<li><strong>Pain\u00e9is de controlo industrial<\/strong><\/li>\n<li><strong>Electrodom\u00e9sticos<\/strong><\/li>\n<li><strong>E muito mais<\/strong><\/li>\n<\/ul>\n<p><strong>Op\u00e7\u00f5es personaliz\u00e1veis<\/strong><\/p>\n<p>Oferecemos uma vasta gama de op\u00e7\u00f5es de personaliza\u00e7\u00e3o para satisfazer as suas necessidades espec\u00edficas, incluindo:<\/p>\n<ul>\n<li><strong>Variedade de tamanhos e configura\u00e7\u00f5es de interruptores<\/strong><\/li>\n<li><strong>Gr\u00e1ficos e ilumina\u00e7\u00e3o de fundo personalizados<\/strong><\/li>\n<li><strong>Op\u00e7\u00f5es de feedback t\u00e1til<\/strong><\/li>\n<li><strong>Veda\u00e7\u00e3o e prote\u00e7\u00e3o ambiental<\/strong><\/li>\n<\/ul>\n<p><strong>Parceria com um fabricante experiente de PCB para interruptores de membrana<\/strong><\/p>\n<p>Com anos de experi\u00eancia e um compromisso com a qualidade, somos o seu fabricante de confian\u00e7a de interruptores de membrana para PCB. A nossa equipa de especialistas pode ajud\u00e1-lo a conceber e fabricar os interruptores perfeitos para a sua aplica\u00e7\u00e3o.<\/p>\n<p><strong><a href=\"https:\/\/membraneswitchmfg.com\/pt\/contact\/\">Contactar-nos <\/a>hoje<\/strong>\u00a0para saber mais sobre os nossos interruptores de membrana PCB e como podemos ajud\u00e1-lo a atingir os objectivos do seu produto, mantendo-se dentro do or\u00e7amento.<\/p>","protected":false},"excerpt":{"rendered":"<p>Eleve a sua interface de utilizador com os nossos interruptores de membrana PCB, combinando a precis\u00e3o das PCB com o feedback t\u00e1til dos interruptores de membrana. Estes interruptores vers\u00e1teis oferecem uma experi\u00eancia de utilizador perfeita, maior durabilidade e solu\u00e7\u00f5es econ\u00f3micas para uma vasta gama de aplica\u00e7\u00f5es.<\/p>","protected":false},"featured_media":1757,"template":"","meta":[],"product_brand":[],"product_cat":[40],"product_tag":[],"class_list":{"0":"post-1775","1":"product","2":"type-product","3":"status-publish","4":"has-post-thumbnail","6":"product_cat-membrane-switch","8":"first","9":"instock","10":"shipping-taxable","11":"product-type-simple"},"_links":{"self":[{"href":"https:\/\/membraneswitchmfg.com\/pt\/wp-json\/wp\/v2\/product\/1775","targetHints":{"allow":["GET"]}}],"collection":[{"href":"https:\/\/membraneswitchmfg.com\/pt\/wp-json\/wp\/v2\/product"}],"about":[{"href":"https:\/\/membraneswitchmfg.com\/pt\/wp-json\/wp\/v2\/types\/product"}],"wp:featuredmedia":[{"embeddable":true,"href":"https:\/\/membraneswitchmfg.com\/pt\/wp-json\/wp\/v2\/media\/1757"}],"wp:attachment":[{"href":"https:\/\/membraneswitchmfg.com\/pt\/wp-json\/wp\/v2\/media?parent=1775"}],"wp:term":[{"taxonomy":"product_brand","embeddable":true,"href":"https:\/\/membraneswitchmfg.com\/pt\/wp-json\/wp\/v2\/product_brand?post=1775"},{"taxonomy":"product_cat","embeddable":true,"href":"https:\/\/membraneswitchmfg.com\/pt\/wp-json\/wp\/v2\/product_cat?post=1775"},{"taxonomy":"product_tag","embeddable":true,"href":"https:\/\/membraneswitchmfg.com\/pt\/wp-json\/wp\/v2\/product_tag?post=1775"}],"curies":[{"name":"wp","href":"https:\/\/api.w.org\/{rel}","templated":true}]}}