{"id":1776,"date":"2024-06-24T05:57:57","date_gmt":"2024-06-24T05:57:57","guid":{"rendered":"https:\/\/membraneswitchmfg.com\/manufacturer\/rubber-keypad-membrane-switch\/"},"modified":"2024-06-25T13:32:14","modified_gmt":"2024-06-25T13:32:14","slug":"rubber-keypad-membrane-switch","status":"publish","type":"product","link":"https:\/\/membraneswitchmfg.com\/pt\/manufacturer\/rubber-keypad-membrane-switch\/","title":{"rendered":"Interruptor de membrana com teclado de borracha"},"content":{"rendered":"<h2><strong><b>Teclado de Membrana com Teclas de Borracha: Durabilidade Aprimorada e Feedback T\u00e1til<\/b><\/strong><\/h2>\n<p><strong>Durabilidade e Resposta T\u00e1til Incompar\u00e1veis<\/strong><\/p>\n<p>Os Teclados de Membrana com Teclas de Borracha s\u00e3o projetados para a excel\u00eancia, apresentando:<\/p>\n<ul>\n<li><strong>Borracha de silicone de alta qualidade para durabilidade e flexibilidade superiores<\/strong><\/li>\n<li><strong>C\u00fapulas t\u00e1teis para um pressionamento de tecla satisfat\u00f3rio e responsivo<\/strong><\/li>\n<li><strong>Resist\u00eancia \u00e0 humidade, ao p\u00f3 e a ambientes agressivos<\/strong><\/li>\n<li><strong>Longa vida \u00fatil com milh\u00f5es de actua\u00e7\u00f5es<\/strong><\/li>\n<\/ul>\n<p><strong>Experimente os benef\u00edcios<\/strong><\/p>\n<p>Com os Teclados de Membrana com Teclas de Borracha, voc\u00ea pode esperar:<\/p>\n<ul>\n<li><strong>Tempo de inatividade e custos de manuten\u00e7\u00e3o reduzidos<\/strong><\/li>\n<li><strong>Satisfa\u00e7\u00e3o do usu\u00e1rio e usabilidade do produto aprimoradas<\/strong><\/li>\n<li><strong>Desempenho e confiabilidade aprimorados do produto<\/strong><\/li>\n<\/ul>\n<p><strong>Aplica\u00e7\u00f5es<\/strong><\/p>\n<p>Os Teclados de Membrana com Teclas de Borracha s\u00e3o adequados para uma ampla gama de aplica\u00e7\u00f5es, incluindo:<\/p>\n<ul>\n<li><strong>Eletr\u00f3nica de consumo<\/strong><\/li>\n<li><strong>Dispositivos m\u00e9dicos<\/strong><\/li>\n<li><strong>Pain\u00e9is de controlo industrial<\/strong><\/li>\n<li><strong>Equipamento de telecomunica\u00e7\u00f5es<\/strong><\/li>\n<li><strong>E muito mais<\/strong><\/li>\n<\/ul>\n<p><strong>Solu\u00e7\u00f5es personaliz\u00e1veis<\/strong><\/p>\n<p>Oferecemos uma vasta gama de op\u00e7\u00f5es de personaliza\u00e7\u00e3o para satisfazer as suas necessidades espec\u00edficas, incluindo:<\/p>\n<ul>\n<li><strong>Variedade de tamanhos e configura\u00e7\u00f5es de interruptores<\/strong><\/li>\n<li><strong>Gr\u00e1ficos e ilumina\u00e7\u00e3o de fundo personalizados<\/strong><\/li>\n<li><strong>Op\u00e7\u00f5es de feedback t\u00e1til<\/strong><\/li>\n<li><strong>Veda\u00e7\u00e3o e prote\u00e7\u00e3o ambiental<\/strong><\/li>\n<\/ul>\n<p><strong>Fa\u00e7a parceria com um Fornecedor Experiente de Teclados de Membrana de Silicone<\/strong><\/p>\n<p>Com anos de experi\u00eancia e um compromisso com a qualidade, somos sua fonte confi\u00e1vel de Teclados de Membrana com Teclas de Borracha. Nossa equipe de especialistas pode ajud\u00e1-lo a projetar e fabricar os teclados perfeitos para sua aplica\u00e7\u00e3o.<\/p>\n<p><strong>Contacte-nos hoje<\/strong>\u00a0para saber mais sobre nossos Teclados de Membrana com Teclas de Borracha e como podemos ajud\u00e1-lo a alcan\u00e7ar desempenho, durabilidade e satisfa\u00e7\u00e3o do usu\u00e1rio superiores em seus produtos.<\/p>","protected":false},"excerpt":{"rendered":"<p>Experimente a combina\u00e7\u00e3o perfeita de durabilidade e feedback t\u00e1til com nossos Interruptores de Membrana com Teclado de Borracha. Esses interruptores vers\u00e1teis oferecem uma experi\u00eancia de usu\u00e1rio confort\u00e1vel, desempenho duradouro e solu\u00e7\u00f5es econ\u00f4micas para uma ampla gama de aplica\u00e7\u00f5es.<\/p>","protected":false},"featured_media":1758,"template":"","meta":[],"product_brand":[],"product_cat":[40],"product_tag":[],"class_list":{"0":"post-1776","1":"product","2":"type-product","3":"status-publish","4":"has-post-thumbnail","6":"product_cat-membrane-switch","8":"first","9":"instock","10":"shipping-taxable","11":"product-type-simple"},"_links":{"self":[{"href":"https:\/\/membraneswitchmfg.com\/pt\/wp-json\/wp\/v2\/product\/1776","targetHints":{"allow":["GET"]}}],"collection":[{"href":"https:\/\/membraneswitchmfg.com\/pt\/wp-json\/wp\/v2\/product"}],"about":[{"href":"https:\/\/membraneswitchmfg.com\/pt\/wp-json\/wp\/v2\/types\/product"}],"wp:featuredmedia":[{"embeddable":true,"href":"https:\/\/membraneswitchmfg.com\/pt\/wp-json\/wp\/v2\/media\/1758"}],"wp:attachment":[{"href":"https:\/\/membraneswitchmfg.com\/pt\/wp-json\/wp\/v2\/media?parent=1776"}],"wp:term":[{"taxonomy":"product_brand","embeddable":true,"href":"https:\/\/membraneswitchmfg.com\/pt\/wp-json\/wp\/v2\/product_brand?post=1776"},{"taxonomy":"product_cat","embeddable":true,"href":"https:\/\/membraneswitchmfg.com\/pt\/wp-json\/wp\/v2\/product_cat?post=1776"},{"taxonomy":"product_tag","embeddable":true,"href":"https:\/\/membraneswitchmfg.com\/pt\/wp-json\/wp\/v2\/product_tag?post=1776"}],"curies":[{"name":"wp","href":"https:\/\/api.w.org\/{rel}","templated":true}]}}