{"id":1777,"date":"2024-06-24T05:57:57","date_gmt":"2024-06-24T05:57:57","guid":{"rendered":"https:\/\/membraneswitchmfg.com\/manufacturer\/graphic-overlay\/"},"modified":"2024-07-25T08:41:13","modified_gmt":"2024-07-25T08:41:13","slug":"graphic-overlay","status":"publish","type":"product","link":"https:\/\/membraneswitchmfg.com\/pt\/manufacturer\/graphic-overlay\/","title":{"rendered":"Sobreposi\u00e7\u00e3o de gr\u00e1ficos"},"content":{"rendered":"<h2><strong><b>Sobreposi\u00e7\u00f5es gr\u00e1ficas: Melhorar a experi\u00eancia do utilizador e a identidade da marca<\/b><\/strong><\/h2>\n<p><strong>Melhorar a experi\u00eancia do utilizador<\/strong><\/p>\n<p>As sobreposi\u00e7\u00f5es gr\u00e1ficas desempenham um papel crucial na melhoria da experi\u00eancia do utilizador:<\/p>\n<ul>\n<li><strong>Fornecer instru\u00e7\u00f5es e r\u00f3tulos claros<\/strong><\/li>\n<li><strong>Orientar os utilizadores sobre o funcionamento e as fun\u00e7\u00f5es<\/strong><\/li>\n<li><strong>Visualizar avisos e informa\u00e7\u00f5es de seguran\u00e7a<\/strong><\/li>\n<li><strong>Criar uma interface intuitiva e de f\u00e1cil utiliza\u00e7\u00e3o<\/strong><\/li>\n<\/ul>\n<p><strong>Marca e identidade<\/strong><\/p>\n<p>As sobreposi\u00e7\u00f5es gr\u00e1ficas s\u00e3o ferramentas poderosas para a comunica\u00e7\u00e3o da marca:<\/p>\n<ul>\n<li><strong>Apresentar log\u00f3tipos de empresas e elementos de marca<\/strong><\/li>\n<li><strong>Refor\u00e7ar a identidade e a mensagem da marca<\/strong><\/li>\n<li><strong>Criar uma imagem de marca coesa e profissional<\/strong><\/li>\n<\/ul>\n<p><strong>Aplica\u00e7\u00f5es<\/strong><\/p>\n<p>As sobreposi\u00e7\u00f5es gr\u00e1ficas s\u00e3o amplamente utilizadas numa vasta gama de aplica\u00e7\u00f5es, incluindo:<\/p>\n<ul>\n<li><strong>Pain\u00e9is de controlo industrial<\/strong><\/li>\n<li><strong>Dispositivos m\u00e9dicos<\/strong><\/li>\n<li><strong>Eletr\u00f3nica de consumo<\/strong><\/li>\n<li><strong>Electrodom\u00e9sticos<\/strong><\/li>\n<li><strong>M\u00e1quinas e equipamentos<\/strong><\/li>\n<\/ul>\n<p><strong>Solu\u00e7\u00f5es personaliz\u00e1veis<\/strong><\/p>\n<p>Oferecemos uma vasta gama de op\u00e7\u00f5es de personaliza\u00e7\u00e3o para satisfazer as suas necessidades espec\u00edficas, incluindo:<\/p>\n<ul>\n<li><strong>Variedade de materiais e acabamentos<\/strong><\/li>\n<li><strong>Gr\u00e1ficos e desenhos personalizados<\/strong><\/li>\n<li><strong>Op\u00e7\u00f5es de retroilumina\u00e7\u00e3o e ilumina\u00e7\u00e3o<\/strong><\/li>\n<li><strong>Relevo e texturas<\/strong><\/li>\n<\/ul>\n<p><strong>Parceria com um fabricante experiente de revestimentos gr\u00e1ficos<\/strong><\/p>\n<p>Com anos de experi\u00eancia e um compromisso com a qualidade, somos a sua fonte de confian\u00e7a para sobreposi\u00e7\u00f5es gr\u00e1ficas personalizadas. A nossa equipa de especialistas pode ajud\u00e1-lo a conceber e fabricar as sobreposi\u00e7\u00f5es perfeitas para melhorar a funcionalidade do seu produto, a experi\u00eancia do utilizador e a identidade da marca.<\/p>\n<p><strong>Contacte-nos hoje<\/strong>\u00a0para saber mais sobre as nossas solu\u00e7\u00f5es de sobreposi\u00e7\u00e3o gr\u00e1fica e como o podemos ajudar a melhorar os seus produtos.<\/p>\n<p><strong>Palavras-chave adicionais:<\/strong>\u00a0interrutor de n\u00edvel de membrana, interrutor de membrana, sobreposi\u00e7\u00e3o gr\u00e1fica<\/p>\n<h2><strong><b>Placas de identifica\u00e7\u00e3o: Melhore a identidade e a funcionalidade do seu produto<\/b><\/strong><\/h2>\n<p><strong>Elevar a identidade do seu produto<\/strong><\/p>\n<p>As placas de identifica\u00e7\u00e3o desempenham um papel vital no estabelecimento da identidade da sua marca:<\/p>\n<ul>\n<li><strong>Apresenta\u00e7\u00e3o do log\u00f3tipo e da marca da sua empresa de forma proeminente<\/strong><\/li>\n<li><strong>Refor\u00e7ar a mensagem e os valores da sua marca<\/strong><\/li>\n<li><strong>Criar uma imagem de marca coesa e profissional<\/strong><\/li>\n<\/ul>\n<p><strong>Transmitir informa\u00e7\u00f5es essenciais<\/strong><\/p>\n<p>As placas de identifica\u00e7\u00e3o comunicam eficazmente informa\u00e7\u00f5es essenciais sobre o produto, incluindo:<\/p>\n<ul>\n<li><strong>Nome do produto e n\u00famero do modelo<\/strong><\/li>\n<li><strong>Marca\u00e7\u00f5es e certifica\u00e7\u00f5es regulamentares<\/strong><\/li>\n<li><strong>Instru\u00e7\u00f5es e avisos de funcionamento<\/strong><\/li>\n<li><strong>Informa\u00e7\u00f5es de contacto para apoio<\/strong><\/li>\n<\/ul>\n<p><strong>Melhorar a funcionalidade do produto<\/strong><\/p>\n<p>As placas de identifica\u00e7\u00e3o podem tamb\u00e9m incorporar elementos funcionais, tais como:<\/p>\n<ul>\n<li><strong>Interruptores de membrana com bot\u00e3o de press\u00e3o para intera\u00e7\u00e3o com o utilizador<\/strong><\/li>\n<li><strong>Indicadores LED para actualiza\u00e7\u00f5es de estado<\/strong><\/li>\n<li><strong>Etiquetas com c\u00f3digos de barras para uma identifica\u00e7\u00e3o f\u00e1cil<\/strong><\/li>\n<\/ul>\n<p><strong>Aplica\u00e7\u00f5es<\/strong><\/p>\n<p>As placas de identifica\u00e7\u00e3o s\u00e3o amplamente utilizadas numa vasta gama de aplica\u00e7\u00f5es, incluindo<\/p>\n<ul>\n<li><strong>Pain\u00e9is de controlo industrial<\/strong><\/li>\n<li><strong>Dispositivos m\u00e9dicos<\/strong><\/li>\n<li><strong>Eletr\u00f3nica de consumo<\/strong><\/li>\n<li><strong>Electrodom\u00e9sticos<\/strong><\/li>\n<li><strong>M\u00e1quinas e equipamentos<\/strong><\/li>\n<\/ul>\n<p><strong>Solu\u00e7\u00f5es personaliz\u00e1veis<\/strong><\/p>\n<p>Oferecemos uma vasta gama de op\u00e7\u00f5es de personaliza\u00e7\u00e3o para satisfazer as suas necessidades espec\u00edficas, incluindo:<\/p>\n<ul>\n<li><strong>Variedade de materiais e acabamentos<\/strong><\/li>\n<li><strong>Gr\u00e1ficos e desenhos personalizados<\/strong><\/li>\n<li><strong>Op\u00e7\u00f5es de retroilumina\u00e7\u00e3o e ilumina\u00e7\u00e3o<\/strong><\/li>\n<li><strong>Relevo e texturas<\/strong><\/li>\n<\/ul>\n<p><strong>Parceria com um fabricante de placas de identifica\u00e7\u00e3o experiente<\/strong><\/p>\n<p>Com anos de experi\u00eancia e um compromisso com a qualidade, somos a sua fonte de confian\u00e7a para placas de identifica\u00e7\u00e3o personalizadas. A nossa equipa de especialistas pode ajud\u00e1-lo a conceber e fabricar as placas de identifica\u00e7\u00e3o perfeitas para melhorar a identidade, a funcionalidade e o apelo est\u00e9tico do seu produto.<\/p>\n<p><strong>Contacte-nos hoje<\/strong>\u00a0para saber mais sobre as nossas solu\u00e7\u00f5es de placas de identifica\u00e7\u00e3o e como o podemos ajudar a elevar os seus produtos.<\/p>\n<p><strong>Palavras-chave adicionais:<\/strong>\u00a0interrutor de membrana com bot\u00e3o de press\u00e3o, tipo de interrutor de membrana, placa de identifica\u00e7\u00e3o<\/p>","protected":false},"excerpt":{"rendered":"<p>As sobreposi\u00e7\u00f5es gr\u00e1ficas, tamb\u00e9m conhecidas como placas de identifica\u00e7\u00e3o ou pain\u00e9is frontais, s\u00e3o componentes essenciais que elevam a experi\u00eancia do utilizador e a identidade da marca dos dispositivos electr\u00f3nicos. Estas finas camadas de material pl\u00e1stico ou polim\u00e9rico, com gr\u00e1ficos e texto impressos \u00e0 medida, s\u00e3o perfeitamente integradas na superf\u00edcie do dispositivo.<\/p>","protected":false},"featured_media":1749,"template":"","meta":[],"product_brand":[],"product_cat":[40],"product_tag":[],"class_list":{"0":"post-1777","1":"product","2":"type-product","3":"status-publish","4":"has-post-thumbnail","6":"product_cat-membrane-switch","8":"first","9":"instock","10":"shipping-taxable","11":"product-type-simple"},"_links":{"self":[{"href":"https:\/\/membraneswitchmfg.com\/pt\/wp-json\/wp\/v2\/product\/1777","targetHints":{"allow":["GET"]}}],"collection":[{"href":"https:\/\/membraneswitchmfg.com\/pt\/wp-json\/wp\/v2\/product"}],"about":[{"href":"https:\/\/membraneswitchmfg.com\/pt\/wp-json\/wp\/v2\/types\/product"}],"wp:featuredmedia":[{"embeddable":true,"href":"https:\/\/membraneswitchmfg.com\/pt\/wp-json\/wp\/v2\/media\/1749"}],"wp:attachment":[{"href":"https:\/\/membraneswitchmfg.com\/pt\/wp-json\/wp\/v2\/media?parent=1777"}],"wp:term":[{"taxonomy":"product_brand","embeddable":true,"href":"https:\/\/membraneswitchmfg.com\/pt\/wp-json\/wp\/v2\/product_brand?post=1777"},{"taxonomy":"product_cat","embeddable":true,"href":"https:\/\/membraneswitchmfg.com\/pt\/wp-json\/wp\/v2\/product_cat?post=1777"},{"taxonomy":"product_tag","embeddable":true,"href":"https:\/\/membraneswitchmfg.com\/pt\/wp-json\/wp\/v2\/product_tag?post=1777"}],"curies":[{"name":"wp","href":"https:\/\/api.w.org\/{rel}","templated":true}]}}