{"id":1779,"date":"2024-06-24T05:57:57","date_gmt":"2024-06-24T05:57:57","guid":{"rendered":"https:\/\/membraneswitchmfg.com\/manufacturer\/label\/"},"modified":"2024-07-25T09:16:57","modified_gmt":"2024-07-25T09:16:57","slug":"label","status":"publish","type":"product","link":"https:\/\/membraneswitchmfg.com\/pt\/manufacturer\/label\/","title":{"rendered":"Etiqueta"},"content":{"rendered":"<h2><strong><b>R\u00f3tulos: Aprimorando a Identifica\u00e7\u00e3o e Comunica\u00e7\u00e3o do Produto<\/b><\/strong><\/h2>\n<p><strong>Identifica\u00e7\u00e3o Eficaz do Produto<\/strong><\/p>\n<p>Os r\u00f3tulos desempenham um papel crucial na identifica\u00e7\u00e3o do produto por meio de:<\/p>\n<ul>\n<li><strong>Exibi\u00e7\u00e3o de nomes de produtos, logotipos e marcas registradas<\/strong><\/li>\n<li><strong>Fornecimento de n\u00fameros de s\u00e9rie ou c\u00f3digos de barras exclusivos<\/strong><\/li>\n<li><strong>Comunica\u00e7\u00e3o de especifica\u00e7\u00f5es e recursos do produto<\/strong><\/li>\n<\/ul>\n<p><strong>Garantindo a Conformidade Regulat\u00f3ria<\/strong><\/p>\n<p>Os r\u00f3tulos s\u00e3o essenciais para garantir a conformidade com v\u00e1rios regulamentos e padr\u00f5es, incluindo:<\/p>\n<ul>\n<li><strong>Avisos e instru\u00e7\u00f5es de seguran\u00e7a<\/strong><\/li>\n<li><strong>Informa\u00e7\u00f5es sobre o conte\u00fado do material<\/strong><\/li>\n<li><strong>Instru\u00e7\u00f5es de descarte e reciclagem<\/strong><\/li>\n<\/ul>\n<p><strong>Aprimorando a Comunica\u00e7\u00e3o e o Branding<\/strong><\/p>\n<p>Os r\u00f3tulos tamb\u00e9m podem ser usados para aprimorar a comunica\u00e7\u00e3o e o branding por meio de:<\/p>\n<ul>\n<li><strong>Apresentar log\u00f3tipos de empresas e elementos de marca<\/strong><\/li>\n<li><strong>Refor\u00e7o da mensagem e dos valores da marca<\/strong><\/li>\n<li><strong>Criar uma imagem de marca coesa e profissional<\/strong><\/li>\n<\/ul>\n<p><strong>Aplica\u00e7\u00f5es<\/strong><\/p>\n<p>Os r\u00f3tulos s\u00e3o amplamente utilizados em uma gama diversificada de aplica\u00e7\u00f5es, incluindo:<\/p>\n<ul>\n<li><strong>Eletr\u00f3nica de consumo<\/strong><\/li>\n<li><strong>Dispositivos m\u00e9dicos<\/strong><\/li>\n<li><strong>Embalagens de alimentos e bebidas<\/strong><\/li>\n<li><strong>Produtos industriais<\/strong><\/li>\n<li><strong>Transporte e log\u00edstica<\/strong><\/li>\n<\/ul>\n<p><strong>Solu\u00e7\u00f5es personaliz\u00e1veis<\/strong><\/p>\n<p>Oferecemos uma vasta gama de op\u00e7\u00f5es de personaliza\u00e7\u00e3o para satisfazer as suas necessidades espec\u00edficas, incluindo:<\/p>\n<ul>\n<li><strong>Variedade de materiais e acabamentos<\/strong><\/li>\n<li><strong>Impress\u00e3o e gr\u00e1ficos personalizados<\/strong><\/li>\n<li><strong>Corte e formatos personalizados<\/strong><\/li>\n<li><strong>Op\u00e7\u00f5es de adesivos<\/strong><\/li>\n<\/ul>\n<p><strong>Fa\u00e7a parceria com um fabricante de r\u00f3tulos experiente<\/strong><\/p>\n<p>Com anos de experi\u00eancia e um compromisso com a qualidade, somos sua fonte confi\u00e1vel de r\u00f3tulos personalizados. Nossa equipe de especialistas pode ajud\u00e1-lo a projetar e fabricar os r\u00f3tulos perfeitos para aprimorar a identifica\u00e7\u00e3o, comunica\u00e7\u00e3o e branding do seu produto.<\/p>\n<p><strong>Contacte-nos hoje<\/strong>\u00a0para saber mais sobre nossas solu\u00e7\u00f5es de r\u00f3tulos e como podemos ajud\u00e1-lo a elevar seus produtos.<\/p>","protected":false},"excerpt":{"rendered":"<p>Os r\u00f3tulos s\u00e3o componentes essenciais que fornecem informa\u00e7\u00f5es claras e concisas sobre os produtos, garantindo seu uso adequado, identifica\u00e7\u00e3o e conformidade com os regulamentos. Esses r\u00f3tulos vers\u00e1teis podem ser anexados a uma ampla gama de superf\u00edcies, incluindo embalagens, componentes e produtos acabados.<\/p>","protected":false},"featured_media":1750,"template":"","meta":[],"product_brand":[],"product_cat":[15],"product_tag":[],"class_list":{"0":"post-1779","1":"product","2":"type-product","3":"status-publish","4":"has-post-thumbnail","6":"product_cat-print-label","8":"first","9":"instock","10":"shipping-taxable","11":"product-type-simple"},"_links":{"self":[{"href":"https:\/\/membraneswitchmfg.com\/pt\/wp-json\/wp\/v2\/product\/1779","targetHints":{"allow":["GET"]}}],"collection":[{"href":"https:\/\/membraneswitchmfg.com\/pt\/wp-json\/wp\/v2\/product"}],"about":[{"href":"https:\/\/membraneswitchmfg.com\/pt\/wp-json\/wp\/v2\/types\/product"}],"wp:featuredmedia":[{"embeddable":true,"href":"https:\/\/membraneswitchmfg.com\/pt\/wp-json\/wp\/v2\/media\/1750"}],"wp:attachment":[{"href":"https:\/\/membraneswitchmfg.com\/pt\/wp-json\/wp\/v2\/media?parent=1779"}],"wp:term":[{"taxonomy":"product_brand","embeddable":true,"href":"https:\/\/membraneswitchmfg.com\/pt\/wp-json\/wp\/v2\/product_brand?post=1779"},{"taxonomy":"product_cat","embeddable":true,"href":"https:\/\/membraneswitchmfg.com\/pt\/wp-json\/wp\/v2\/product_cat?post=1779"},{"taxonomy":"product_tag","embeddable":true,"href":"https:\/\/membraneswitchmfg.com\/pt\/wp-json\/wp\/v2\/product_tag?post=1779"}],"curies":[{"name":"wp","href":"https:\/\/api.w.org\/{rel}","templated":true}]}}