{"id":1780,"date":"2024-06-24T05:57:57","date_gmt":"2024-06-24T05:57:57","guid":{"rendered":"https:\/\/membraneswitchmfg.com\/manufacturer\/membrane-switch-with-backlighting\/"},"modified":"2024-06-25T13:56:06","modified_gmt":"2024-06-25T13:56:06","slug":"membrane-switch-with-backlighting","status":"publish","type":"product","link":"https:\/\/membraneswitchmfg.com\/pt\/manufacturer\/membrane-switch-with-backlighting\/","title":{"rendered":"Interruptor de membrana com retroilumina\u00e7\u00e3o"},"content":{"rendered":"<h2><strong><b>Interruptores de Membrana com Retroilumina\u00e7\u00e3o: Visibilidade Aprimorada e Experi\u00eancia do Usu\u00e1rio<\/b><\/strong><\/h2>\n<p><strong>Visibilidade Aprimorada em Ambientes com Pouca Luz<\/strong><\/p>\n<p>Os interruptores de membrana com retroilumina\u00e7\u00e3o garantem que as teclas e legendas sejam facilmente vis\u00edveis, mesmo em ambientes com pouca luz ou escuros. Isso \u00e9 particularmente crucial para aplica\u00e7\u00f5es onde os dispositivos s\u00e3o operados em condi\u00e7\u00f5es de pouca luz, como:<\/p>\n<ul>\n<li><strong>Equipamentos m\u00e9dicos<\/strong><\/li>\n<li><strong>Pain\u00e9is de controlo industrial<\/strong><\/li>\n<li><strong>Equipamentos de avia\u00e7\u00e3o e aeroespaciais<\/strong><\/li>\n<li><strong>Aplica\u00e7\u00f5es militares<\/strong><\/li>\n<li><strong>Eletr\u00f3nica de consumo<\/strong><\/li>\n<\/ul>\n<p><strong>Experi\u00eancia do Usu\u00e1rio Aprimorada<\/strong><\/p>\n<p>Os interruptores de membrana retroiluminados n\u00e3o apenas melhoram a visibilidade, mas tamb\u00e9m aprimoram a experi\u00eancia geral do usu\u00e1rio ao:<\/p>\n<ul>\n<li><strong>Reduzir erros e melhorar a precis\u00e3o<\/strong><\/li>\n<li><strong>Orientar os utilizadores sobre o funcionamento e as fun\u00e7\u00f5es<\/strong><\/li>\n<li><strong>Criar uma interface mais intuitiva e amig\u00e1vel<\/strong><\/li>\n<li><strong>Adicionar um toque de eleg\u00e2ncia e sofistica\u00e7\u00e3o ao dispositivo<\/strong><\/li>\n<\/ul>\n<p><strong>Variedade de Op\u00e7\u00f5es de Retroilumina\u00e7\u00e3o<\/strong><\/p>\n<p>Os interruptores de membrana com retroilumina\u00e7\u00e3o oferecem uma ampla gama de op\u00e7\u00f5es de personaliza\u00e7\u00e3o, incluindo:<\/p>\n<ul>\n<li><strong>Diferentes cores e intensidades de LED<\/strong><\/li>\n<li><strong>Retroilumina\u00e7\u00e3o uniforme ou zonada<\/strong><\/li>\n<li><strong>Efeitos de ilumina\u00e7\u00e3o est\u00e1ticos ou din\u00e2micos<\/strong><\/li>\n<li><strong>Gr\u00e1ficos e \u00edcones personalizados<\/strong><\/li>\n<\/ul>\n<p><strong>Fa\u00e7a parceria com um fabricante experiente de interruptores de membrana retroiluminados<\/strong><\/p>\n<p>Com anos de experi\u00eancia e um compromisso com a qualidade, somos sua fonte confi\u00e1vel de interruptores de membrana retroiluminados personalizados. Nossa equipe de especialistas pode ajud\u00e1-lo a projetar e fabricar os interruptores perfeitos para melhorar a visibilidade, a experi\u00eancia do usu\u00e1rio e o apelo est\u00e9tico geral do seu produto.<\/p>\n<p><strong>Contacte-nos hoje<\/strong>\u00a0para saber mais sobre nossas solu\u00e7\u00f5es de interruptores de membrana retroiluminados e como podemos ajud\u00e1-lo a elevar seus produtos.<\/p>","protected":false},"excerpt":{"rendered":"<p>Os interruptores de membrana com retroilumina\u00e7\u00e3o elevam a experi\u00eancia do usu\u00e1rio e a funcionalidade de dispositivos eletr\u00f4nicos, proporcionando visibilidade clara em condi\u00e7\u00f5es de pouca luz. Esses interruptores inovadores combinam o feedback t\u00e1til dos interruptores de membrana tradicionais com o poder de ilumina\u00e7\u00e3o dos LEDs, criando uma interface amig\u00e1vel e visualmente atraente.<\/p>","protected":false},"featured_media":1752,"template":"","meta":[],"product_brand":[],"product_cat":[40],"product_tag":[],"class_list":{"0":"post-1780","1":"product","2":"type-product","3":"status-publish","4":"has-post-thumbnail","6":"product_cat-membrane-switch","8":"first","9":"instock","10":"shipping-taxable","11":"product-type-simple"},"_links":{"self":[{"href":"https:\/\/membraneswitchmfg.com\/pt\/wp-json\/wp\/v2\/product\/1780","targetHints":{"allow":["GET"]}}],"collection":[{"href":"https:\/\/membraneswitchmfg.com\/pt\/wp-json\/wp\/v2\/product"}],"about":[{"href":"https:\/\/membraneswitchmfg.com\/pt\/wp-json\/wp\/v2\/types\/product"}],"wp:featuredmedia":[{"embeddable":true,"href":"https:\/\/membraneswitchmfg.com\/pt\/wp-json\/wp\/v2\/media\/1752"}],"wp:attachment":[{"href":"https:\/\/membraneswitchmfg.com\/pt\/wp-json\/wp\/v2\/media?parent=1780"}],"wp:term":[{"taxonomy":"product_brand","embeddable":true,"href":"https:\/\/membraneswitchmfg.com\/pt\/wp-json\/wp\/v2\/product_brand?post=1780"},{"taxonomy":"product_cat","embeddable":true,"href":"https:\/\/membraneswitchmfg.com\/pt\/wp-json\/wp\/v2\/product_cat?post=1780"},{"taxonomy":"product_tag","embeddable":true,"href":"https:\/\/membraneswitchmfg.com\/pt\/wp-json\/wp\/v2\/product_tag?post=1780"}],"curies":[{"name":"wp","href":"https:\/\/api.w.org\/{rel}","templated":true}]}}