{"id":1784,"date":"2024-06-24T05:57:57","date_gmt":"2024-06-24T05:57:57","guid":{"rendered":"https:\/\/membraneswitchmfg.com\/manufacturer\/digital-printing-graphic-overlay\/"},"modified":"2024-06-25T13:50:44","modified_gmt":"2024-06-25T13:50:44","slug":"digital-printing-graphic-overlay","status":"publish","type":"product","link":"https:\/\/membraneswitchmfg.com\/pt\/manufacturer\/digital-printing-graphic-overlay\/","title":{"rendered":"Impress\u00e3o digital Sobreposi\u00e7\u00e3o de gr\u00e1ficos"},"content":{"rendered":"<h2><strong><b>Sobreposi\u00e7\u00f5es gr\u00e1ficas impressas digitalmente: Melhorar a est\u00e9tica e a funcionalidade dos produtos<\/b><\/strong><\/h2>\n<p><strong>Elevar a est\u00e9tica do produto<\/strong><\/p>\n<p>As sobreposi\u00e7\u00f5es gr\u00e1ficas podem melhorar significativamente o aspeto de um produto:<\/p>\n<ul>\n<li><strong>Incorpora\u00e7\u00e3o de log\u00f3tipos de empresas, elementos de marca e gr\u00e1ficos de produtos<\/strong><\/li>\n<li><strong>Criar uma imagem de marca coesa e profissional<\/strong><\/li>\n<li><strong>Acrescentar um toque de eleg\u00e2ncia e sofistica\u00e7\u00e3o<\/strong><\/li>\n<\/ul>\n<p><strong>Melhorar a funcionalidade do produto<\/strong><\/p>\n<p>As sobreposi\u00e7\u00f5es gr\u00e1ficas tamb\u00e9m podem melhorar a funcionalidade do produto:<\/p>\n<ul>\n<li><strong>Fornecer instru\u00e7\u00f5es claras e orienta\u00e7\u00f5es ao utilizador<\/strong><\/li>\n<li><strong>Identifica\u00e7\u00e3o de bot\u00f5es, interruptores e outros controlos<\/strong><\/li>\n<li><strong>Visualiza\u00e7\u00e3o de indicadores de estado e s\u00edmbolos de aviso<\/strong><\/li>\n<\/ul>\n<p>Sobreposi\u00e7\u00e3o gr\u00e1fica impressa digitalmente<\/p>\n<p>As sobreposi\u00e7\u00f5es gr\u00e1ficas impressas digitalmente podem ser aplicadas a v\u00e1rios materiais, incluindo:<\/p>\n<ul>\n<li><strong>Pl\u00e1sticos<\/strong><\/li>\n<li><strong>Metais<\/strong><\/li>\n<li><strong>Vidro<\/strong><\/li>\n<li><strong>Madeira<\/strong><\/li>\n<\/ul>\n<p>Estas sobreposi\u00e7\u00f5es s\u00e3o tamb\u00e9m altamente dur\u00e1veis, resistindo a condi\u00e7\u00f5es adversas e a uma utiliza\u00e7\u00e3o frequente.<\/p>\n<p><strong>Aplica\u00e7\u00f5es<\/strong><\/p>\n<p>As sobreposi\u00e7\u00f5es gr\u00e1ficas s\u00e3o amplamente utilizadas em diversas aplica\u00e7\u00f5es, incluindo:<\/p>\n<ul>\n<li><strong>Pain\u00e9is de controlo industrial<\/strong><\/li>\n<li><strong>Dispositivos m\u00e9dicos<\/strong><\/li>\n<li><strong>Eletr\u00f3nica de consumo<\/strong><\/li>\n<li><strong>Electrodom\u00e9sticos<\/strong><\/li>\n<li><strong>M\u00e1quinas e equipamentos<\/strong><\/li>\n<\/ul>\n<p><strong>Solu\u00e7\u00f5es personaliz\u00e1veis<\/strong><\/p>\n<p>Oferecemos uma vasta gama de op\u00e7\u00f5es de personaliza\u00e7\u00e3o para satisfazer as suas necessidades espec\u00edficas, incluindo:<\/p>\n<ul>\n<li><strong>Variedade de materiais, acabamentos e espessuras<\/strong><\/li>\n<li><strong>Gr\u00e1ficos, desenhos e textos personalizados<\/strong><\/li>\n<li><strong>Op\u00e7\u00f5es de retroilumina\u00e7\u00e3o e ilumina\u00e7\u00e3o<\/strong><\/li>\n<li><strong>Corte e vinco e formas complexas<\/strong><\/li>\n<\/ul>\n<p><strong>Parceria com um fabricante experiente de revestimentos gr\u00e1ficos<\/strong><\/p>\n<p>Com anos de experi\u00eancia e um compromisso com a qualidade, somos a sua fonte de confian\u00e7a para sobreposi\u00e7\u00f5es gr\u00e1ficas impressas digitalmente e personalizadas. A nossa equipa de especialistas pode ajud\u00e1-lo a conceber e fabricar as sobreposi\u00e7\u00f5es perfeitas para melhorar a est\u00e9tica, a funcionalidade e a atra\u00e7\u00e3o geral do seu produto.<\/p>\n<p><strong>Contacte-nos hoje<\/strong>\u00a0para saber mais sobre as nossas solu\u00e7\u00f5es de sobreposi\u00e7\u00e3o gr\u00e1fica e como o podemos ajudar a melhorar os seus produtos.<\/p>","protected":false},"excerpt":{"rendered":"<p>As sobreposi\u00e7\u00f5es gr\u00e1ficas impressas digitalmente s\u00e3o uma solu\u00e7\u00e3o vers\u00e1til e econ\u00f3mica para melhorar a est\u00e9tica e a funcionalidade de uma vasta gama de produtos. Estas sobreposi\u00e7\u00f5es duradouras s\u00e3o impressas \u00e0 medida com gr\u00e1ficos, log\u00f3tipos e texto de alta resolu\u00e7\u00e3o, transformando superf\u00edcies comuns em interfaces visualmente apelativas e informativas.<\/p>","protected":false},"featured_media":1748,"template":"","meta":[],"product_brand":[],"product_cat":[40],"product_tag":[],"class_list":{"0":"post-1784","1":"product","2":"type-product","3":"status-publish","4":"has-post-thumbnail","6":"product_cat-membrane-switch","8":"first","9":"instock","10":"shipping-taxable","11":"product-type-simple"},"_links":{"self":[{"href":"https:\/\/membraneswitchmfg.com\/pt\/wp-json\/wp\/v2\/product\/1784","targetHints":{"allow":["GET"]}}],"collection":[{"href":"https:\/\/membraneswitchmfg.com\/pt\/wp-json\/wp\/v2\/product"}],"about":[{"href":"https:\/\/membraneswitchmfg.com\/pt\/wp-json\/wp\/v2\/types\/product"}],"wp:featuredmedia":[{"embeddable":true,"href":"https:\/\/membraneswitchmfg.com\/pt\/wp-json\/wp\/v2\/media\/1748"}],"wp:attachment":[{"href":"https:\/\/membraneswitchmfg.com\/pt\/wp-json\/wp\/v2\/media?parent=1784"}],"wp:term":[{"taxonomy":"product_brand","embeddable":true,"href":"https:\/\/membraneswitchmfg.com\/pt\/wp-json\/wp\/v2\/product_brand?post=1784"},{"taxonomy":"product_cat","embeddable":true,"href":"https:\/\/membraneswitchmfg.com\/pt\/wp-json\/wp\/v2\/product_cat?post=1784"},{"taxonomy":"product_tag","embeddable":true,"href":"https:\/\/membraneswitchmfg.com\/pt\/wp-json\/wp\/v2\/product_tag?post=1784"}],"curies":[{"name":"wp","href":"https:\/\/api.w.org\/{rel}","templated":true}]}}