{"id":1785,"date":"2024-06-24T05:57:57","date_gmt":"2024-06-24T05:57:57","guid":{"rendered":"https:\/\/membraneswitchmfg.com\/manufacturer\/thru-hole-silver-flex-circuit\/"},"modified":"2024-06-25T13:49:55","modified_gmt":"2024-06-25T13:49:55","slug":"thru-hole-silver-flex-circuit","status":"publish","type":"product","link":"https:\/\/membraneswitchmfg.com\/pt\/manufacturer\/thru-hole-silver-flex-circuit\/","title":{"rendered":"Circuito flex\u00edvel de prata THRU-HOLE"},"content":{"rendered":"<h2><strong><b>THRU-HOLE Circuitos Flex\u00edveis de Prata: Interconex\u00f5es Flex\u00edveis e Confi\u00e1veis para Diversas Aplica\u00e7\u00f5es<\/b><\/strong><\/h2>\n<p><strong>Flexibilidade e Adaptabilidade Aprimoradas<\/strong><\/p>\n<p>Os Circuitos Flex\u00edveis de Prata THRU-HOLE s\u00e3o altamente flex\u00edveis, adaptando-se a formas e geometrias complexas. Isso os torna ideais para aplica\u00e7\u00f5es onde o espa\u00e7o \u00e9 limitado ou onde o movimento \u00e9 necess\u00e1rio.<\/p>\n<ul>\n<li><strong>Adapte-se a superf\u00edcies curvas e espa\u00e7os apertados<\/strong><\/li>\n<li><strong>Suportam flex\u00e3o, curvatura e tor\u00e7\u00e3o<\/strong><\/li>\n<li><strong>Adequado para aplica\u00e7\u00f5es din\u00e2micas e m\u00f3veis<\/strong><\/li>\n<\/ul>\n<p><strong>Condutividade El\u00e9trica Confi\u00e1vel<\/strong><\/p>\n<p>Os condutores de tinta de prata garantem baixa resist\u00eancia e alta capacidade de corrente, permitindo transmiss\u00e3o de sinal e distribui\u00e7\u00e3o de energia confi\u00e1veis.<\/p>\n<ul>\n<li><strong>Excelente condutividade para transfer\u00eancia de sinal eficiente<\/strong><\/li>\n<li><strong>Baixa resist\u00eancia para perda de energia m\u00ednima<\/strong><\/li>\n<li><strong>Adequado para aplica\u00e7\u00f5es el\u00e9tricas exigentes<\/strong><\/li>\n<\/ul>\n<p><strong>Furos Metalizados Robustos<\/strong><\/p>\n<p>Os furos metalizados fornecem conex\u00f5es fortes e confi\u00e1veis entre diferentes camadas do circuito flex\u00edvel, garantindo a integridade do sinal e a estabilidade do circuito.<\/p>\n<ul>\n<li><strong>Conex\u00f5es seguras para transmiss\u00e3o de sinal confi\u00e1vel<\/strong><\/li>\n<li><strong>Resistem ao desgaste para um desempenho duradouro<\/strong><\/li>\n<li><strong>Adequado para ambientes agressivos e exigentes<\/strong><\/li>\n<\/ul>\n<p><strong>Aplica\u00e7\u00f5es<\/strong><\/p>\n<p>Os Circuitos Flex\u00edveis de Prata THRU-HOLE s\u00e3o amplamente utilizados em diversas aplica\u00e7\u00f5es, incluindo:<\/p>\n<ul>\n<li><strong>Interruptores de bot\u00e3o de press\u00e3o de membrana<\/strong><\/li>\n<li><strong>Dispositivos m\u00e9dicos<\/strong><\/li>\n<li><strong>Eletr\u00f3nica de consumo<\/strong><\/li>\n<li><strong>Pain\u00e9is de controlo industrial<\/strong><\/li>\n<li><strong>Equipamentos automotivos e aeroespaciais<\/strong><\/li>\n<\/ul>\n<p><strong>Solu\u00e7\u00f5es personaliz\u00e1veis<\/strong><\/p>\n<p>Oferecemos uma vasta gama de op\u00e7\u00f5es de personaliza\u00e7\u00e3o para satisfazer as suas necessidades espec\u00edficas, incluindo:<\/p>\n<ul>\n<li><strong>Variedade de layouts e configura\u00e7\u00f5es de circuito<\/strong><\/li>\n<li><strong>Padr\u00f5es e tamanhos de condutores personalizados<\/strong><\/li>\n<li><strong>Diferentes materiais e espessuras<\/strong><\/li>\n<li><strong>Acabamentos de superf\u00edcie e revestimentos protetores<\/strong><\/li>\n<\/ul>\n<p><strong>Fa\u00e7a parceria com um fabricante experiente de circuitos flex\u00edveis de prata THRU-HOLE<\/strong><\/p>\n<p>Com anos de experi\u00eancia e um compromisso com a qualidade, somos sua fonte confi\u00e1vel de circuitos flex\u00edveis de prata THRU-HOLE personalizados. Nossa equipe de especialistas pode ajud\u00e1-lo a projetar e fabricar os circuitos perfeitos para atender aos requisitos espec\u00edficos de sua aplica\u00e7\u00e3o.<\/p>\n<p><strong>Contacte-nos hoje<\/strong>\u00a0para saber mais sobre nossas solu\u00e7\u00f5es de circuitos flex\u00edveis de prata THRU-HOLE e como podemos ajud\u00e1-lo a elevar seus produtos.<\/p>","protected":false},"excerpt":{"rendered":"<p>Os circuitos flex\u00edveis THRU-HOLE Silver oferecem uma solu\u00e7\u00e3o vers\u00e1til e confi\u00e1vel para interconex\u00f5es em uma ampla gama de aplica\u00e7\u00f5es. Esses circuitos flex\u00edveis apresentam condutores de tinta de prata e furos passantes metalizados, proporcionando excelente condutividade, flexibilidade e durabilidade.<\/p>","protected":false},"featured_media":1760,"template":"","meta":[],"product_brand":[],"product_cat":[40],"product_tag":[],"class_list":{"0":"post-1785","1":"product","2":"type-product","3":"status-publish","4":"has-post-thumbnail","6":"product_cat-membrane-switch","8":"first","9":"instock","10":"shipping-taxable","11":"product-type-simple"},"_links":{"self":[{"href":"https:\/\/membraneswitchmfg.com\/pt\/wp-json\/wp\/v2\/product\/1785","targetHints":{"allow":["GET"]}}],"collection":[{"href":"https:\/\/membraneswitchmfg.com\/pt\/wp-json\/wp\/v2\/product"}],"about":[{"href":"https:\/\/membraneswitchmfg.com\/pt\/wp-json\/wp\/v2\/types\/product"}],"wp:featuredmedia":[{"embeddable":true,"href":"https:\/\/membraneswitchmfg.com\/pt\/wp-json\/wp\/v2\/media\/1760"}],"wp:attachment":[{"href":"https:\/\/membraneswitchmfg.com\/pt\/wp-json\/wp\/v2\/media?parent=1785"}],"wp:term":[{"taxonomy":"product_brand","embeddable":true,"href":"https:\/\/membraneswitchmfg.com\/pt\/wp-json\/wp\/v2\/product_brand?post=1785"},{"taxonomy":"product_cat","embeddable":true,"href":"https:\/\/membraneswitchmfg.com\/pt\/wp-json\/wp\/v2\/product_cat?post=1785"},{"taxonomy":"product_tag","embeddable":true,"href":"https:\/\/membraneswitchmfg.com\/pt\/wp-json\/wp\/v2\/product_tag?post=1785"}],"curies":[{"name":"wp","href":"https:\/\/api.w.org\/{rel}","templated":true}]}}