{"id":1786,"date":"2024-06-24T05:57:57","date_gmt":"2024-06-24T05:57:57","guid":{"rendered":"https:\/\/membraneswitchmfg.com\/manufacturer\/medical-membrane-switches\/"},"modified":"2024-06-25T13:43:30","modified_gmt":"2024-06-25T13:43:30","slug":"medical-membrane-switches","status":"publish","type":"product","link":"https:\/\/membraneswitchmfg.com\/pt\/manufacturer\/medical-membrane-switches\/","title":{"rendered":"Interruptor de membrana m\u00e9dica"},"content":{"rendered":"<h2><strong><b>Interruptor de membrana m\u00e9dico: Precis\u00e3o, fiabilidade e seguran\u00e7a para aplica\u00e7\u00f5es de cuidados de sa\u00fade<\/b><\/strong><\/h2>\n<p><strong>Precis\u00e3o e resposta t\u00e1til<\/strong><\/p>\n<p>Os interruptores de membrana m\u00e9dicos oferecem uma atua\u00e7\u00e3o precisa e uma resposta t\u00e1til consistente, garantindo uma entrada precisa do utilizador, mesmo em situa\u00e7\u00f5es exigentes. Isto \u00e9 particularmente importante para dispositivos utilizados em procedimentos delicados ou onde a seguran\u00e7a do paciente \u00e9 fundamental.<\/p>\n<ul>\n<li><strong>Toques de tecla precisos e consistentes para uma opera\u00e7\u00e3o sem erros<\/strong><\/li>\n<li><strong>Feedback t\u00e1til n\u00edtido para uma confirma\u00e7\u00e3o positiva por parte do utilizador<\/strong><\/li>\n<li><strong>Adequado para aplica\u00e7\u00f5es que exigem elevada precis\u00e3o e controlo<\/strong><\/li>\n<\/ul>\n<p><strong>Fiabilidade e durabilidade<\/strong><\/p>\n<p>Os interruptores de membrana m\u00e9dicos s\u00e3o constru\u00eddos para suportar os rigores da utiliza\u00e7\u00e3o cont\u00ednua e de agentes de limpeza agressivos, garantindo um desempenho duradouro em ambientes de cuidados de sa\u00fade exigentes.<\/p>\n<ul>\n<li><strong>Constru\u00e7\u00e3o dur\u00e1vel para um ciclo de vida elevado<\/strong><\/li>\n<li><strong>Resistente a l\u00edquidos, produtos qu\u00edmicos e desinfectantes<\/strong><\/li>\n<li><strong>Adequado para \u00e1reas de tr\u00e1fego intenso e limpeza frequente<\/strong><\/li>\n<\/ul>\n<p><strong>Seguran\u00e7a e controlo de infec\u00e7\u00f5es<\/strong><\/p>\n<p>Os interruptores de membrana m\u00e9dicos s\u00e3o concebidos a pensar na seguran\u00e7a, com superf\u00edcies antimicrobianas e superf\u00edcies lisas e n\u00e3o porosas que minimizam o risco de contamina\u00e7\u00e3o cruzada.<\/p>\n<ul>\n<li><strong>As superf\u00edcies antimicrobianas inibem o crescimento de bact\u00e9rias e v\u00edrus<\/strong><\/li>\n<li><strong>As superf\u00edcies lisas e n\u00e3o porosas s\u00e3o f\u00e1ceis de limpar e desinfetar<\/strong><\/li>\n<li><strong>Em conformidade com as normas e regulamentos m\u00e9dicos relevantes<\/strong><\/li>\n<\/ul>\n<p><strong>Aplica\u00e7\u00f5es<\/strong><\/p>\n<p>Os interruptores de membrana m\u00e9dicos s\u00e3o amplamente utilizados numa variedade de aplica\u00e7\u00f5es de cuidados de sa\u00fade, incluindo:<\/p>\n<ul>\n<li><strong>Pain\u00e9is de controlo de equipamentos m\u00e9dicos<\/strong><\/li>\n<li><strong>Sistemas de monitoriza\u00e7\u00e3o de doentes<\/strong><\/li>\n<li><strong>Instrumentos cir\u00fargicos<\/strong><\/li>\n<li><strong>Equipamento de diagn\u00f3stico<\/strong><\/li>\n<li><strong>Equipamento de laborat\u00f3rio<\/strong><\/li>\n<\/ul>\n<p><strong>Solu\u00e7\u00f5es personaliz\u00e1veis<\/strong><\/p>\n<p>Oferecemos uma vasta gama de op\u00e7\u00f5es de personaliza\u00e7\u00e3o para satisfazer as suas necessidades espec\u00edficas, incluindo:<\/p>\n<ul>\n<li><strong>Variedade de tamanhos, formas e configura\u00e7\u00f5es de interruptores<\/strong><\/li>\n<li><strong>Gr\u00e1ficos, legendas e elementos de marca personalizados<\/strong><\/li>\n<li><strong>Op\u00e7\u00f5es de retroilumina\u00e7\u00e3o e ilumina\u00e7\u00e3o<\/strong><\/li>\n<li><strong>Integra\u00e7\u00e3o com componentes adicionais<\/strong><\/li>\n<\/ul>\n<p><strong>Parceria com um fabricante experiente de interruptores de membrana m\u00e9dica<\/strong><\/p>\n<p>Com anos de experi\u00eancia e um compromisso com a qualidade, somos a sua fonte fi\u00e1vel de interruptores de membrana m\u00e9dicos personalizados. A nossa equipa de especialistas pode ajud\u00e1-lo a conceber e fabricar os interruptores perfeitos para satisfazer os requisitos espec\u00edficos da sua aplica\u00e7\u00e3o e garantir a seguran\u00e7a e o bem-estar dos pacientes.<\/p>\n<p><strong>Contacte-nos hoje<\/strong>\u00a0para saber mais sobre as nossas solu\u00e7\u00f5es de interruptores de membrana para medicina e como o podemos ajudar a elevar os seus dispositivos m\u00e9dicos.<\/p>\n<p><strong>Palavras-chave adicionais:<\/strong>\u00a0interrutor de painel de membrana, interrutor de membrana industrial<\/p>","protected":false},"excerpt":{"rendered":"<p>Os interruptores de membrana m\u00e9dicos s\u00e3o concebidos para satisfazer as exig\u00eancias rigorosas dos ambientes de cuidados de sa\u00fade, proporcionando interfaces de utilizador precisas, fi\u00e1veis e seguras para uma vasta gama de dispositivos m\u00e9dicos. Estes interruptores s\u00e3o fabricados com materiais de alta qualidade e rigorosamente testados para garantir um desempenho \u00f3timo em ambientes de cuidados intensivos.<\/p>","protected":false},"featured_media":1753,"template":"","meta":[],"product_brand":[],"product_cat":[40],"product_tag":[],"class_list":{"0":"post-1786","1":"product","2":"type-product","3":"status-publish","4":"has-post-thumbnail","6":"product_cat-membrane-switch","8":"first","9":"instock","10":"shipping-taxable","11":"product-type-simple"},"_links":{"self":[{"href":"https:\/\/membraneswitchmfg.com\/pt\/wp-json\/wp\/v2\/product\/1786","targetHints":{"allow":["GET"]}}],"collection":[{"href":"https:\/\/membraneswitchmfg.com\/pt\/wp-json\/wp\/v2\/product"}],"about":[{"href":"https:\/\/membraneswitchmfg.com\/pt\/wp-json\/wp\/v2\/types\/product"}],"wp:featuredmedia":[{"embeddable":true,"href":"https:\/\/membraneswitchmfg.com\/pt\/wp-json\/wp\/v2\/media\/1753"}],"wp:attachment":[{"href":"https:\/\/membraneswitchmfg.com\/pt\/wp-json\/wp\/v2\/media?parent=1786"}],"wp:term":[{"taxonomy":"product_brand","embeddable":true,"href":"https:\/\/membraneswitchmfg.com\/pt\/wp-json\/wp\/v2\/product_brand?post=1786"},{"taxonomy":"product_cat","embeddable":true,"href":"https:\/\/membraneswitchmfg.com\/pt\/wp-json\/wp\/v2\/product_cat?post=1786"},{"taxonomy":"product_tag","embeddable":true,"href":"https:\/\/membraneswitchmfg.com\/pt\/wp-json\/wp\/v2\/product_tag?post=1786"}],"curies":[{"name":"wp","href":"https:\/\/api.w.org\/{rel}","templated":true}]}}