{"id":1787,"date":"2024-06-24T05:57:57","date_gmt":"2024-06-24T05:57:57","guid":{"rendered":"https:\/\/membraneswitchmfg.com\/manufacturer\/3d-printed-flexible-membrane-keypad\/"},"modified":"2024-08-07T00:48:26","modified_gmt":"2024-08-07T00:48:26","slug":"3d-printed-flexible-membrane-keypad","status":"publish","type":"product","link":"https:\/\/membraneswitchmfg.com\/pt\/manufacturer\/3d-printed-flexible-membrane-keypad\/","title":{"rendered":"Teclado de membrana flex\u00edvel impresso em 3D"},"content":{"rendered":"<h2><strong><b>Teclados de membrana flex\u00edvel impressos em 3D: Revolucionando as interfaces de utilizador com designs personalizados<\/b><\/strong><\/h2>\n<p>\u00a0<\/p>\n<p><strong>Criar liberdade de conce\u00e7\u00e3o<\/strong><\/p>\n<p>Os teclados de membrana flex\u00edvel impressos em 3D libertam-se das restri\u00e7\u00f5es de design tradicionais, permitindo a cria\u00e7\u00e3o de..:<\/p>\n<ul>\n<li>Formas e geometrias complexas<\/li>\n<li>Gr\u00e1ficos e elementos de marca personalizados<\/li>\n<li>Designs ergon\u00f3micos para maior conforto do utilizador<\/li>\n<\/ul>\n<p>\u00a0<\/p>\n<p><strong>Funcionalidade e integra\u00e7\u00e3o personalizadas<\/strong><\/p>\n<p>A impress\u00e3o 3D permite a integra\u00e7\u00e3o de componentes adicionais diretamente no teclado, tais como:<\/p>\n<ul>\n<li>Sensores e LEDs<\/li>\n<li>M\u00f3dulos de comunica\u00e7\u00e3o<\/li>\n<li>Ecr\u00e3s t\u00e1cteis<\/li>\n<\/ul>\n<p>\u00a0<\/p>\n<p><strong>Maior flexibilidade e durabilidade<\/strong><\/p>\n<p>Os teclados de membrana flex\u00edvel impressos em 3D oferecem uma flexibilidade excecional, adaptando-se a superf\u00edcies curvas e a ambientes din\u00e2micos. S\u00e3o tamb\u00e9m altamente dur\u00e1veis, suportando condi\u00e7\u00f5es adversas e utiliza\u00e7\u00e3o frequente.<\/p>\n<p>\u00a0<\/p>\n<p><strong>Aplica\u00e7\u00f5es<\/strong><\/p>\n<p>Os teclados de membrana flex\u00edvel impressos em 3D s\u00e3o ideais para uma gama diversificada de aplica\u00e7\u00f5es, incluindo:<\/p>\n<ul>\n<li>Pain\u00e9is de controlo industrial<\/li>\n<li>Dispositivos m\u00e9dicos<\/li>\n<li>Eletr\u00f3nica de consumo<\/li>\n<li>Tecnologia vest\u00edvel<\/li>\n<li>Aplica\u00e7\u00f5es no sector autom\u00f3vel e aeroespacial<\/li>\n<\/ul>\n<p>\u00a0<\/p>\n<p><strong>Solu\u00e7\u00f5es personaliz\u00e1veis<\/strong><\/p>\n<p>Oferecemos uma vasta gama de op\u00e7\u00f5es de personaliza\u00e7\u00e3o para satisfazer as suas necessidades espec\u00edficas, incluindo:<\/p>\n<ul>\n<li>Escolha de materiais e propriedades<\/li>\n<li>Conce\u00e7\u00e3o e prototipagem de precis\u00e3o<\/li>\n<li>Integra\u00e7\u00e3o de componentes electr\u00f3nicos<\/li>\n<li>Op\u00e7\u00f5es de retroilumina\u00e7\u00e3o e ilumina\u00e7\u00e3o<\/li>\n<\/ul>\n<p>\u00a0<\/p>\n<p><strong>Parceria com um especialista em impress\u00e3o 3D e teclados de membrana<\/strong><\/p>\n<p>Com anos de experi\u00eancia em impress\u00e3o 3D e tecnologia de teclados de membrana, somos o seu parceiro de confian\u00e7a para criar solu\u00e7\u00f5es personalizadas que satisfa\u00e7am os seus requisitos exactos. A nossa equipa de especialistas ir\u00e1 gui\u00e1-lo atrav\u00e9s do processo de design, garantindo que obt\u00e9m o teclado perfeito para a sua aplica\u00e7\u00e3o.<\/p>\n<p>\u00a0<\/p>\n<p><a href=\"https:\/\/membraneswitchmfg.com\/pt\/contact\/\"><strong>Contacte-nos hoje<\/strong>\u00a0<\/a>para saber mais sobre as nossas solu\u00e7\u00f5es de teclados de membrana flex\u00edvel impressos em 3D e como podemos ajud\u00e1-lo a revolucionar as suas interfaces de utilizador.<\/p>","protected":false},"excerpt":{"rendered":"<p>Os teclados de membrana flex\u00edvel impressos em 3D representam um avan\u00e7o inovador na tecnologia de interface do utilizador, oferecendo uma combina\u00e7\u00e3o \u00fanica de personaliza\u00e7\u00e3o, flexibilidade e durabilidade. Estes teclados inovadores s\u00e3o fabricados utilizando t\u00e9cnicas avan\u00e7adas de impress\u00e3o 3D, permitindo a cria\u00e7\u00e3o de designs complexos e solu\u00e7\u00f5es personalizadas para uma vasta gama de aplica\u00e7\u00f5es.<\/p>","protected":false},"featured_media":1763,"template":"","meta":[],"product_brand":[],"product_cat":[40],"product_tag":[],"class_list":{"0":"post-1787","1":"product","2":"type-product","3":"status-publish","4":"has-post-thumbnail","6":"product_cat-membrane-switch","8":"first","9":"instock","10":"shipping-taxable","11":"product-type-simple"},"_links":{"self":[{"href":"https:\/\/membraneswitchmfg.com\/pt\/wp-json\/wp\/v2\/product\/1787","targetHints":{"allow":["GET"]}}],"collection":[{"href":"https:\/\/membraneswitchmfg.com\/pt\/wp-json\/wp\/v2\/product"}],"about":[{"href":"https:\/\/membraneswitchmfg.com\/pt\/wp-json\/wp\/v2\/types\/product"}],"wp:featuredmedia":[{"embeddable":true,"href":"https:\/\/membraneswitchmfg.com\/pt\/wp-json\/wp\/v2\/media\/1763"}],"wp:attachment":[{"href":"https:\/\/membraneswitchmfg.com\/pt\/wp-json\/wp\/v2\/media?parent=1787"}],"wp:term":[{"taxonomy":"product_brand","embeddable":true,"href":"https:\/\/membraneswitchmfg.com\/pt\/wp-json\/wp\/v2\/product_brand?post=1787"},{"taxonomy":"product_cat","embeddable":true,"href":"https:\/\/membraneswitchmfg.com\/pt\/wp-json\/wp\/v2\/product_cat?post=1787"},{"taxonomy":"product_tag","embeddable":true,"href":"https:\/\/membraneswitchmfg.com\/pt\/wp-json\/wp\/v2\/product_tag?post=1787"}],"curies":[{"name":"wp","href":"https:\/\/api.w.org\/{rel}","templated":true}]}}