{"id":1788,"date":"2024-06-24T05:57:57","date_gmt":"2024-06-24T05:57:57","guid":{"rendered":"https:\/\/membraneswitchmfg.com\/manufacturer\/digitally-printed-graphics\/"},"modified":"2024-06-25T13:43:13","modified_gmt":"2024-06-25T13:43:13","slug":"digitally-printed-graphics","status":"publish","type":"product","link":"https:\/\/membraneswitchmfg.com\/pt\/manufacturer\/digitally-printed-graphics\/","title":{"rendered":"Gr\u00e1ficos impressos digitalmente"},"content":{"rendered":"<h2><strong><b>Gr\u00e1ficos impressos digitalmente: Melhorar os interruptores de membrana com desenhos vibrantes e durabilidade<\/b><\/strong><\/h2>\n<p><strong>Liberte a criatividade do design<\/strong><\/p>\n<p>A impress\u00e3o digital permite a cria\u00e7\u00e3o de desenhos intrincados, padr\u00f5es complexos e imagens fotorrealistas, limitados apenas pela sua imagina\u00e7\u00e3o. Isto abre um mundo de possibilidades para personalizar os interruptores de membrana de modo a corresponderem a qualquer identidade de marca ou est\u00e9tica de produto.<\/p>\n<ul>\n<li><strong>Incorporar log\u00f3tipos de empresas, elementos de marca e gr\u00e1ficos de produtos<\/strong><\/li>\n<li><strong>Criar interfaces visualmente apelativas e de f\u00e1cil utiliza\u00e7\u00e3o<\/strong><\/li>\n<li><strong>Melhorar a diferencia\u00e7\u00e3o do produto e o reconhecimento da marca<\/strong><\/li>\n<\/ul>\n<p><strong>Cores vibrantes e impress\u00f5es duradouras<\/strong><\/p>\n<p>A impress\u00e3o digital utiliza tintas de alta qualidade que produzem cores ricas e vibrantes que resistem ao desvanecimento e ao desgaste, mesmo em ambientes agressivos. Isto assegura que os seus interruptores de membrana mant\u00eam o seu atrativo visual e impacto durante muitos anos.<\/p>\n<ul>\n<li><strong>Texto e s\u00edmbolos n\u00edtidos e claros<\/strong><\/li>\n<li><strong>Reprodu\u00e7\u00e3o de cores consistente em todas as s\u00e9ries de produ\u00e7\u00e3o<\/strong><\/li>\n<li><strong>Resistente a riscos, produtos qu\u00edmicos e raios UV<\/strong><\/li>\n<\/ul>\n<p><strong>Solu\u00e7\u00f5es duradouras e econ\u00f3micas<\/strong><\/p>\n<p>Os gr\u00e1ficos impressos digitalmente n\u00e3o s\u00e3o apenas visualmente deslumbrantes, mas tamb\u00e9m altamente dur\u00e1veis, resistindo \u00e0 utiliza\u00e7\u00e3o frequente e a agentes de limpeza agressivos. Isto torna-os uma solu\u00e7\u00e3o econ\u00f3mica para interruptores de membrana duradouros que mant\u00eam o seu aspeto e funcionalidade ao longo do tempo.<\/p>\n<p><strong>Aplica\u00e7\u00f5es<\/strong><\/p>\n<p>Os gr\u00e1ficos impressos digitalmente s\u00e3o amplamente utilizados numa vasta gama de aplica\u00e7\u00f5es, incluindo:<\/p>\n<ul>\n<li><strong>Pain\u00e9is de controlo industrial<\/strong><\/li>\n<li><strong>Dispositivos m\u00e9dicos<\/strong><\/li>\n<li><strong>Eletr\u00f3nica de consumo<\/strong><\/li>\n<li><strong>Electrodom\u00e9sticos<\/strong><\/li>\n<li><strong>M\u00e1quinas e equipamentos<\/strong><\/li>\n<\/ul>\n<p><strong>Parceria com um fabricante experiente de impress\u00e3o digital e interruptores de membrana<\/strong><\/p>\n<p>Com anos de experi\u00eancia em impress\u00e3o digital e tecnologia de interruptores de membrana, somos a sua fonte de confian\u00e7a para interruptores de membrana impressos por medida e de alta qualidade. A nossa equipa de especialistas trabalhar\u00e1 em estreita colabora\u00e7\u00e3o consigo para compreender os seus requisitos de design e fornecer a solu\u00e7\u00e3o perfeita para melhorar os seus produtos.<\/p>\n<p><strong>Contacte-nos hoje<\/strong>\u00a0para saber mais sobre as nossas capacidades de impress\u00e3o digital e como o podemos ajudar a elevar os seus interruptores de membrana com gr\u00e1ficos impressionantes e uma durabilidade duradoura.<\/p>","protected":false},"excerpt":{"rendered":"<p>Os gr\u00e1ficos impressos digitalmente revolucionaram o mundo dos interruptores de membrana, oferecendo uma flexibilidade de design sem paralelo, cores vibrantes e uma durabilidade excecional. Esta t\u00e9cnica de impress\u00e3o inovadora permite a cria\u00e7\u00e3o de gr\u00e1ficos, log\u00f3tipos e legendas de alta resolu\u00e7\u00e3o que transformam os interruptores de membrana comuns em interfaces de utilizador visualmente apelativas e informativas.<\/p>","protected":false},"featured_media":1764,"template":"","meta":[],"product_brand":[],"product_cat":[40],"product_tag":[],"class_list":{"0":"post-1788","1":"product","2":"type-product","3":"status-publish","4":"has-post-thumbnail","6":"product_cat-membrane-switch","8":"first","9":"instock","10":"shipping-taxable","11":"product-type-simple"},"_links":{"self":[{"href":"https:\/\/membraneswitchmfg.com\/pt\/wp-json\/wp\/v2\/product\/1788","targetHints":{"allow":["GET"]}}],"collection":[{"href":"https:\/\/membraneswitchmfg.com\/pt\/wp-json\/wp\/v2\/product"}],"about":[{"href":"https:\/\/membraneswitchmfg.com\/pt\/wp-json\/wp\/v2\/types\/product"}],"wp:featuredmedia":[{"embeddable":true,"href":"https:\/\/membraneswitchmfg.com\/pt\/wp-json\/wp\/v2\/media\/1764"}],"wp:attachment":[{"href":"https:\/\/membraneswitchmfg.com\/pt\/wp-json\/wp\/v2\/media?parent=1788"}],"wp:term":[{"taxonomy":"product_brand","embeddable":true,"href":"https:\/\/membraneswitchmfg.com\/pt\/wp-json\/wp\/v2\/product_brand?post=1788"},{"taxonomy":"product_cat","embeddable":true,"href":"https:\/\/membraneswitchmfg.com\/pt\/wp-json\/wp\/v2\/product_cat?post=1788"},{"taxonomy":"product_tag","embeddable":true,"href":"https:\/\/membraneswitchmfg.com\/pt\/wp-json\/wp\/v2\/product_tag?post=1788"}],"curies":[{"name":"wp","href":"https:\/\/api.w.org\/{rel}","templated":true}]}}