{"id":1791,"date":"2024-06-24T05:57:58","date_gmt":"2024-06-24T05:57:58","guid":{"rendered":"https:\/\/membraneswitchmfg.com\/manufacturer\/anti-glare-membrane-switch\/"},"modified":"2024-06-25T13:10:23","modified_gmt":"2024-06-25T13:10:23","slug":"anti-glare-membrane-switch","status":"publish","type":"product","link":"https:\/\/membraneswitchmfg.com\/pt\/manufacturer\/anti-glare-membrane-switch\/","title":{"rendered":"Interruptor de membrana antirreflexo"},"content":{"rendered":"<h2><strong><b>Interruptores de Membrana Antirreflexo: Melhorando a Visibilidade e a Experi\u00eancia do Usu\u00e1rio em Ambientes Claros<\/b><\/strong><\/h2>\n<p><strong>Combatendo o Brilho e os Reflexos<\/strong><\/p>\n<p>Os interruptores de membrana antirreflexo apresentam uma textura ou revestimento de superf\u00edcie exclusivo que difunde a luz, reduzindo a intensidade dos reflexos e minimizando o brilho. Isso permite que os usu\u00e1rios leiam facilmente legendas e \u00edcones, mesmo em condi\u00e7\u00f5es de muita luz.<\/p>\n<ul>\n<li><strong>Visibilidade aprimorada sob luz solar direta ou ilumina\u00e7\u00e3o forte<\/strong><\/li>\n<li><strong>Redu\u00e7\u00e3o do cansa\u00e7o visual e fadiga<\/strong><\/li>\n<li><strong>Maior conforto e produtividade do usu\u00e1rio<\/strong><\/li>\n<\/ul>\n<p><strong>Adequado para Diversos Ambientes<\/strong><\/p>\n<p>Os interruptores de membrana antirreflexo s\u00e3o particularmente adequados para aplica\u00e7\u00f5es onde o brilho \u00e9 uma preocupa\u00e7\u00e3o comum, como:<\/p>\n<ul>\n<li><strong>Pain\u00e9is de controlo industrial<\/strong><\/li>\n<li><strong>Equipamentos m\u00e9dicos<\/strong><\/li>\n<li><strong>Quiosques e sinaliza\u00e7\u00e3o ao ar livre<\/strong><\/li>\n<li><strong>Ambientes de varejo e comerciais<\/strong><\/li>\n<li><strong>Consolas de transporte<\/strong><\/li>\n<\/ul>\n<p><strong>Design Dur\u00e1vel e Funcional<\/strong><\/p>\n<p>Apesar de suas propriedades antirreflexo, os interruptores de membrana antirreflexo mant\u00eam a durabilidade e a funcionalidade esperadas dos interruptores de membrana padr\u00e3o. Eles s\u00e3o resistentes a arranh\u00f5es, produtos qu\u00edmicos e raios UV, garantindo um desempenho duradouro.<\/p>\n<ul>\n<li><strong>Feedback t\u00e1til n\u00edtido e reativo<\/strong><\/li>\n<li><strong>Resistente a riscos, produtos qu\u00edmicos e raios UV<\/strong><\/li>\n<li><strong>Desempenho duradouro em ambientes exigentes<\/strong><\/li>\n<\/ul>\n<p><strong>Aplica\u00e7\u00f5es<\/strong><\/p>\n<p>Os interruptores de membrana antirreflexo s\u00e3o amplamente utilizados em uma ampla gama de aplica\u00e7\u00f5es onde a visibilidade clara e a experi\u00eancia do usu\u00e1rio s\u00e3o cruciais, incluindo:<\/p>\n<ul>\n<li><strong>Pain\u00e9is de controlo industrial:<\/strong>F\u00e1bricas, armaz\u00e9ns, usinas de energia<\/li>\n<li><strong>Equipamento m\u00e9dico:<\/strong>Monitores de pacientes, consoles cir\u00fargicos, dispositivos de diagn\u00f3stico<\/li>\n<li><strong>Quiosques e sinaliza\u00e7\u00e3o ao ar livre:<\/strong>ATMs, quiosques de informa\u00e7\u00e3o, sinaliza\u00e7\u00e3o digital<\/li>\n<li><strong>Ambientes de varejo e comerciais:<\/strong>Terminais de PDV, caixas registradoras, m\u00e1quinas de venda autom\u00e1tica<\/li>\n<li><strong>Consoles de transporte:<\/strong>Cockpits de aeronaves, pain\u00e9is de controle de trens, pain\u00e9is de \u00f4nibus<\/li>\n<\/ul>\n<p><strong>Fa\u00e7a parceria com um fabricante experiente de interruptores de membrana antirreflexo<\/strong><\/p>\n<p>Com anos de experi\u00eancia em tecnologia antirreflexo e fabrica\u00e7\u00e3o de interruptores de membrana, somos sua fonte confi\u00e1vel de interruptores de membrana antirreflexo de alta qualidade. Nossa equipe de especialistas trabalhar\u00e1 em estreita colabora\u00e7\u00e3o com voc\u00ea para entender suas necessidades espec\u00edficas e fornecer solu\u00e7\u00f5es personalizadas que aprimorem a visibilidade e a experi\u00eancia do usu\u00e1rio.<\/p>\n<p><strong>Contacte-nos hoje<\/strong>\u00a0para saber mais sobre nossas solu\u00e7\u00f5es de interruptores de membrana antirreflexo e como podemos ajud\u00e1-lo a criar interfaces claras e f\u00e1ceis de usar para seus produtos.<\/p>","protected":false},"excerpt":{"rendered":"<p>Em ambientes com ilumina\u00e7\u00e3o forte ou luz solar direta, os interruptores de membrana convencionais podem sofrer com reflexos e visibilidade reduzida, dificultando a opera\u00e7\u00e3o eficaz por parte dos usu\u00e1rios. Os interruptores de membrana antirreflexo resolvem esse problema incorporando materiais especializados e tratamentos de superf\u00edcie que minimizam o brilho e os reflexos, garantindo visibilidade clara e experi\u00eancia ideal para o usu\u00e1rio.<\/p>","protected":false},"featured_media":1767,"template":"","meta":[],"product_brand":[],"product_cat":[40],"product_tag":[],"class_list":{"0":"post-1791","1":"product","2":"type-product","3":"status-publish","4":"has-post-thumbnail","6":"product_cat-membrane-switch","8":"first","9":"instock","10":"shipping-taxable","11":"product-type-simple"},"_links":{"self":[{"href":"https:\/\/membraneswitchmfg.com\/pt\/wp-json\/wp\/v2\/product\/1791","targetHints":{"allow":["GET"]}}],"collection":[{"href":"https:\/\/membraneswitchmfg.com\/pt\/wp-json\/wp\/v2\/product"}],"about":[{"href":"https:\/\/membraneswitchmfg.com\/pt\/wp-json\/wp\/v2\/types\/product"}],"wp:featuredmedia":[{"embeddable":true,"href":"https:\/\/membraneswitchmfg.com\/pt\/wp-json\/wp\/v2\/media\/1767"}],"wp:attachment":[{"href":"https:\/\/membraneswitchmfg.com\/pt\/wp-json\/wp\/v2\/media?parent=1791"}],"wp:term":[{"taxonomy":"product_brand","embeddable":true,"href":"https:\/\/membraneswitchmfg.com\/pt\/wp-json\/wp\/v2\/product_brand?post=1791"},{"taxonomy":"product_cat","embeddable":true,"href":"https:\/\/membraneswitchmfg.com\/pt\/wp-json\/wp\/v2\/product_cat?post=1791"},{"taxonomy":"product_tag","embeddable":true,"href":"https:\/\/membraneswitchmfg.com\/pt\/wp-json\/wp\/v2\/product_tag?post=1791"}],"curies":[{"name":"wp","href":"https:\/\/api.w.org\/{rel}","templated":true}]}}