{"id":1792,"date":"2024-06-24T05:57:58","date_gmt":"2024-06-24T05:57:58","guid":{"rendered":"https:\/\/membraneswitchmfg.com\/manufacturer\/anti-ultraviolet-membrane-switch\/"},"modified":"2024-06-25T13:20:26","modified_gmt":"2024-06-25T13:20:26","slug":"anti-ultraviolet-membrane-switch","status":"publish","type":"product","link":"https:\/\/membraneswitchmfg.com\/pt\/manufacturer\/anti-ultraviolet-membrane-switch\/","title":{"rendered":"Interruptor de membrana anti-Ultravioleta"},"content":{"rendered":"<h2><strong><b>Interruptores de membrana anti-Ultravioleta: Desempenho duradouro em condi\u00e7\u00f5es adversas<\/b><\/strong><\/h2>\n<p><strong>Prote\u00e7\u00e3o contra a radia\u00e7\u00e3o UV<\/strong><\/p>\n<p>Os interruptores de membrana anti-ultravioleta incorporam materiais e revestimentos resistentes aos raios UV que absorvem e bloqueiam eficazmente os raios UV, impedindo-os de danificar os componentes e gr\u00e1ficos do interrutor. Esta prote\u00e7\u00e3o garante que os interruptores mant\u00eam a sua funcionalidade, aspeto e vida \u00fatil.<\/p>\n<ul>\n<li><strong>Evitar o desvanecimento e a descolora\u00e7\u00e3o de legendas e gr\u00e1ficos<\/strong><\/li>\n<li><strong>Manter a funcionalidade do interrutor e a resposta t\u00e1til<\/strong><\/li>\n<li><strong>Prolongar a vida \u00fatil dos interruptores de membrana em aplica\u00e7\u00f5es exteriores<\/strong><\/li>\n<\/ul>\n<p><strong>Dur\u00e1vel e adequado para utiliza\u00e7\u00e3o no exterior<\/strong><\/p>\n<p>Os interruptores de membrana anti-ultravioleta n\u00e3o s\u00e3o apenas resistentes aos raios UV, mas tamb\u00e9m concebidos para suportar condi\u00e7\u00f5es climat\u00e9ricas adversas, incluindo temperaturas extremas, humidade e p\u00f3. S\u00e3o adequados para aplica\u00e7\u00f5es no exterior onde a durabilidade e a fiabilidade s\u00e3o fundamentais.<\/p>\n<ul>\n<li><strong>Resistente a riscos, produtos qu\u00edmicos e raios UV<\/strong><\/li>\n<li><strong>A temperatura de funcionamento varia entre -40\u00b0C e 85\u00b0C<\/strong><\/li>\n<li><strong>Adequado para quiosques de exterior, pain\u00e9is de controlo industrial e sinaliza\u00e7\u00e3o<\/strong><\/li>\n<\/ul>\n<p><strong>Aplica\u00e7\u00f5es<\/strong><\/p>\n<p>Os interruptores de membrana anti-ultravioleta s\u00e3o amplamente utilizados numa vasta gama de aplica\u00e7\u00f5es no exterior, incluindo<\/p>\n<ul>\n<li><strong>Quiosques exteriores:<\/strong>ATMs, quiosques de informa\u00e7\u00e3o, sinaliza\u00e7\u00e3o digital<\/li>\n<li><strong>Pain\u00e9is de controlo industrial:<\/strong>Sinais de tr\u00e2nsito, sistemas de irriga\u00e7\u00e3o, pain\u00e9is solares<\/li>\n<li><strong>Sinaliza\u00e7\u00e3o de transportes:<\/strong>Sinais rodovi\u00e1rios, sinais ferrovi\u00e1rios, sinaliza\u00e7\u00e3o aeroportu\u00e1ria<\/li>\n<li><strong>Aplica\u00e7\u00f5es mar\u00edtimas:<\/strong>Controlos do barco, pain\u00e9is de navega\u00e7\u00e3o, sistemas de comunica\u00e7\u00e3o<\/li>\n<li><strong>Equipamento agr\u00edcola:<\/strong>Tractores, ceifeiras, sistemas de irriga\u00e7\u00e3o<\/li>\n<\/ul>\n<p><strong>Parceria com um fabricante experiente de interruptores de membrana anti-Ultravioleta<\/strong><\/p>\n<p>Com anos de experi\u00eancia em materiais resistentes aos raios UV e no fabrico de interruptores de membrana, somos a sua fonte de confian\u00e7a para interruptores de membrana anti-ultravioleta de alta qualidade. A nossa equipa de especialistas trabalhar\u00e1 em estreita colabora\u00e7\u00e3o consigo para compreender as suas necessidades espec\u00edficas e fornecer solu\u00e7\u00f5es personalizadas que garantam um desempenho duradouro em ambientes exteriores adversos.<\/p>\n<p><strong>Contacte-nos hoje<\/strong>\u00a0para saber mais sobre as nossas solu\u00e7\u00f5es de interruptores de membrana anti-ultravioleta e como o podemos ajudar a criar interfaces duradouras, fi\u00e1veis e visualmente apelativas para as suas aplica\u00e7\u00f5es no exterior.<\/p>","protected":false},"excerpt":{"rendered":"<p>Em ambientes exteriores e aplica\u00e7\u00f5es expostas \u00e0 luz solar direta, os interruptores de membrana podem sofrer degrada\u00e7\u00e3o e descolora\u00e7\u00e3o devido \u00e0 radia\u00e7\u00e3o ultravioleta (UV). Os interruptores de membrana anti-ultravioleta s\u00e3o concebidos para resistir a uma exposi\u00e7\u00e3o severa aos raios UV, garantindo um desempenho duradouro e mantendo a sua integridade visual, mesmo em condi\u00e7\u00f5es extremas.<\/p>","protected":false},"featured_media":1768,"template":"","meta":[],"product_brand":[],"product_cat":[40],"product_tag":[],"class_list":{"0":"post-1792","1":"product","2":"type-product","3":"status-publish","4":"has-post-thumbnail","6":"product_cat-membrane-switch","8":"first","9":"instock","10":"shipping-taxable","11":"product-type-simple"},"_links":{"self":[{"href":"https:\/\/membraneswitchmfg.com\/pt\/wp-json\/wp\/v2\/product\/1792","targetHints":{"allow":["GET"]}}],"collection":[{"href":"https:\/\/membraneswitchmfg.com\/pt\/wp-json\/wp\/v2\/product"}],"about":[{"href":"https:\/\/membraneswitchmfg.com\/pt\/wp-json\/wp\/v2\/types\/product"}],"wp:featuredmedia":[{"embeddable":true,"href":"https:\/\/membraneswitchmfg.com\/pt\/wp-json\/wp\/v2\/media\/1768"}],"wp:attachment":[{"href":"https:\/\/membraneswitchmfg.com\/pt\/wp-json\/wp\/v2\/media?parent=1792"}],"wp:term":[{"taxonomy":"product_brand","embeddable":true,"href":"https:\/\/membraneswitchmfg.com\/pt\/wp-json\/wp\/v2\/product_brand?post=1792"},{"taxonomy":"product_cat","embeddable":true,"href":"https:\/\/membraneswitchmfg.com\/pt\/wp-json\/wp\/v2\/product_cat?post=1792"},{"taxonomy":"product_tag","embeddable":true,"href":"https:\/\/membraneswitchmfg.com\/pt\/wp-json\/wp\/v2\/product_tag?post=1792"}],"curies":[{"name":"wp","href":"https:\/\/api.w.org\/{rel}","templated":true}]}}