{"id":1793,"date":"2024-06-24T05:57:58","date_gmt":"2024-06-24T05:57:58","guid":{"rendered":"https:\/\/membraneswitchmfg.com\/manufacturer\/ip68-waterproof-membrane-switch\/"},"modified":"2024-06-25T12:29:03","modified_gmt":"2024-06-25T12:29:03","slug":"ip68-waterproof-membrane-switch","status":"publish","type":"product","link":"https:\/\/membraneswitchmfg.com\/pt\/manufacturer\/ip68-waterproof-membrane-switch\/","title":{"rendered":"Interruptor de membrana \u00e0 prova de \u00e1gua IP68"},"content":{"rendered":"<h2><strong><b>Interruptores de Membrana \u00e0 Prova d'\u00c1gua IP68: Garantindo Opera\u00e7\u00e3o Confi\u00e1vel em Ambientes Desafiadores<\/b><\/strong><\/h2>\n<p><strong>Prote\u00e7\u00e3o \u00e0 Prova d'\u00c1gua Incompar\u00e1vel<\/strong><\/p>\n<p>Os interruptores de membrana \u00e0 prova d'\u00e1gua IP68 s\u00e3o meticulosamente selados e constru\u00eddos para evitar qualquer entrada de \u00e1gua, poeira ou outros contaminantes. Este n\u00edvel de prote\u00e7\u00e3o excepcional os torna ideais para uso em ambientes exigentes, como:<\/p>\n<ul>\n<li><strong>Aplica\u00e7\u00f5es ao ar livre:<\/strong>Quiosques, sinaliza\u00e7\u00e3o, pain\u00e9is de controle industrial<\/li>\n<li><strong>Ambientes marinhos:<\/strong>Controles de barco, sistemas de navega\u00e7\u00e3o, equipamentos de comunica\u00e7\u00e3o<\/li>\n<li><strong>Ind\u00fastrias de processamento de alimentos e bebidas:<\/strong>\u00c1reas de lavagem, controles de m\u00e1quinas, equipamentos de embalagem<\/li>\n<li><strong>Ambientes m\u00e9dicos e laboratoriais:<\/strong>Ambientes est\u00e9reis, equipamentos cir\u00fargicos, dispositivos de diagn\u00f3stico<\/li>\n<\/ul>\n<p><strong>Durabilidade e Confiabilidade<\/strong><\/p>\n<p>Al\u00e9m de suas capacidades \u00e0 prova d'\u00e1gua, os interruptores de membrana \u00e0 prova d'\u00e1gua IP68 tamb\u00e9m s\u00e3o projetados para durabilidade excepcional, resistindo a condi\u00e7\u00f5es operacionais adversas, uso frequente e agentes de limpeza agressivos. Isso garante um desempenho duradouro e um baixo custo total de propriedade.<\/p>\n<ul>\n<li><strong>Resistente a riscos, produtos qu\u00edmicos e raios UV<\/strong><\/li>\n<li><strong>Ampla faixa de temperatura de opera\u00e7\u00e3o<\/strong><\/li>\n<li><strong>Longa vida \u00fatil, mesmo em ambientes exigentes<\/strong><\/li>\n<\/ul>\n<p><strong>Solu\u00e7\u00f5es personaliz\u00e1veis<\/strong><\/p>\n<p>Oferecemos uma ampla gama de op\u00e7\u00f5es de personaliza\u00e7\u00e3o para interruptores de membrana \u00e0 prova d'\u00e1gua IP68, incluindo:<\/p>\n<ul>\n<li><strong>Variedade de tamanhos e estilos de interruptores<\/strong><\/li>\n<li><strong>Gr\u00e1ficos e legendas personalizados<\/strong><\/li>\n<li><strong>Op\u00e7\u00f5es de retroilumina\u00e7\u00e3o e ilumina\u00e7\u00e3o<\/strong><\/li>\n<li><strong>Integra\u00e7\u00e3o de componentes adicionais<\/strong><\/li>\n<\/ul>\n<p><strong>Fa\u00e7a parceria com um fabricante experiente de interruptores de membrana \u00e0 prova d'\u00e1gua IP68<\/strong><\/p>\n<p>Com anos de experi\u00eancia em tecnologia de interruptores de membrana \u00e0 prova d'\u00e1gua e um compromisso com a qualidade, somos sua fonte confi\u00e1vel para interruptores de membrana \u00e0 prova d'\u00e1gua IP68 personalizados. Nossa equipe de especialistas trabalhar\u00e1 em estreita colabora\u00e7\u00e3o com voc\u00ea para entender suas necessidades espec\u00edficas e fornecer solu\u00e7\u00f5es que garantam opera\u00e7\u00e3o confi\u00e1vel e desempenho duradouro, mesmo nos ambientes mais desafiadores.<\/p>\n<p><strong>Contacte-nos hoje<\/strong>\u00a0para saber mais sobre nossas solu\u00e7\u00f5es de interruptores de membrana \u00e0 prova d'\u00e1gua IP68 e como podemos ajud\u00e1-lo a proteger seus equipamentos cr\u00edticos e garantir uma opera\u00e7\u00e3o perfeita em qualquer ambiente.<\/p>","protected":false},"excerpt":{"rendered":"<p>Em aplica\u00e7\u00f5es onde a exposi\u00e7\u00e3o \u00e0 \u00e1gua, poeira e outras condi\u00e7\u00f5es adversas \u00e9 uma preocupa\u00e7\u00e3o, os interruptores de membrana \u00e0 prova d'\u00e1gua IP68 fornecem a prote\u00e7\u00e3o m\u00e1xima.<\/p>","protected":false},"featured_media":1769,"template":"","meta":[],"product_brand":[],"product_cat":[40],"product_tag":[],"class_list":{"0":"post-1793","1":"product","2":"type-product","3":"status-publish","4":"has-post-thumbnail","6":"product_cat-membrane-switch","8":"first","9":"instock","10":"shipping-taxable","11":"product-type-simple"},"_links":{"self":[{"href":"https:\/\/membraneswitchmfg.com\/pt\/wp-json\/wp\/v2\/product\/1793","targetHints":{"allow":["GET"]}}],"collection":[{"href":"https:\/\/membraneswitchmfg.com\/pt\/wp-json\/wp\/v2\/product"}],"about":[{"href":"https:\/\/membraneswitchmfg.com\/pt\/wp-json\/wp\/v2\/types\/product"}],"wp:featuredmedia":[{"embeddable":true,"href":"https:\/\/membraneswitchmfg.com\/pt\/wp-json\/wp\/v2\/media\/1769"}],"wp:attachment":[{"href":"https:\/\/membraneswitchmfg.com\/pt\/wp-json\/wp\/v2\/media?parent=1793"}],"wp:term":[{"taxonomy":"product_brand","embeddable":true,"href":"https:\/\/membraneswitchmfg.com\/pt\/wp-json\/wp\/v2\/product_brand?post=1793"},{"taxonomy":"product_cat","embeddable":true,"href":"https:\/\/membraneswitchmfg.com\/pt\/wp-json\/wp\/v2\/product_cat?post=1793"},{"taxonomy":"product_tag","embeddable":true,"href":"https:\/\/membraneswitchmfg.com\/pt\/wp-json\/wp\/v2\/product_tag?post=1793"}],"curies":[{"name":"wp","href":"https:\/\/api.w.org\/{rel}","templated":true}]}}