{"id":1795,"date":"2024-06-24T05:57:58","date_gmt":"2024-06-24T05:57:58","guid":{"rendered":"https:\/\/membraneswitchmfg.com\/manufacturer\/membrane-keypads-and-keyboards\/"},"modified":"2024-06-25T12:34:01","modified_gmt":"2024-06-25T12:34:01","slug":"membrane-keypads-and-keyboards","status":"publish","type":"product","link":"https:\/\/membraneswitchmfg.com\/pt\/manufacturer\/membrane-keypads-and-keyboards\/","title":{"rendered":"Teclados e teclados de membrana"},"content":{"rendered":"<h2><strong><b>Teclados e teclados de membrana: Solu\u00e7\u00f5es de entrada fi\u00e1veis e econ\u00f3micas<\/b><\/strong><\/h2>\n<p><strong>Dur\u00e1vel e econ\u00f3mico<\/strong><\/p>\n<p>Os teclados de membrana e os teclados s\u00e3o conhecidos pela sua durabilidade e acessibilidade. A constru\u00e7\u00e3o simples e a aus\u00eancia de pe\u00e7as m\u00f3veis tornam-nos menos suscept\u00edveis ao desgaste, prolongando a sua vida \u00fatil. Al\u00e9m disso, o processo de fabrico \u00e9 relativamente barato, resultando em custos mais baixos em compara\u00e7\u00e3o com outros dispositivos de entrada.<\/p>\n<ul>\n<li><strong>Longa vida \u00fatil com manuten\u00e7\u00e3o m\u00ednima<\/strong><\/li>\n<li><strong>Solu\u00e7\u00e3o econ\u00f3mica para aplica\u00e7\u00f5es de grande volume<\/strong><\/li>\n<li><strong>Adequado para ambientes agressivos e utiliza\u00e7\u00e3o frequente<\/strong><\/li>\n<\/ul>\n<p><strong>Aplica\u00e7\u00f5es vers\u00e1teis<\/strong><\/p>\n<p>Os teclados de membrana e os teclados s\u00e3o dispositivos de entrada vers\u00e1teis, adequados para uma gama diversificada de aplica\u00e7\u00f5es, incluindo<\/p>\n<ul>\n<li><strong>Pain\u00e9is de controlo industrial<\/strong><\/li>\n<li><strong>Dispositivos m\u00e9dicos<\/strong><\/li>\n<li><strong>Eletr\u00f3nica de consumo<\/strong><\/li>\n<li><strong>Electrodom\u00e9sticos<\/strong><\/li>\n<li><strong>M\u00e1quinas de venda autom\u00e1tica<\/strong><\/li>\n<li><strong>Caixas autom\u00e1ticos (ATM)<\/strong><\/li>\n<\/ul>\n<p><strong>Op\u00e7\u00f5es personaliz\u00e1veis<\/strong><\/p>\n<p>Os teclados de membrana e os teclados podem ser personalizados para satisfazer requisitos espec\u00edficos, incluindo:<\/p>\n<ul>\n<li><strong>Variedade de layouts e tamanhos de chaves<\/strong><\/li>\n<li><strong>Gr\u00e1ficos e legendas personalizados<\/strong><\/li>\n<li><strong>Op\u00e7\u00f5es de retroilumina\u00e7\u00e3o e ilumina\u00e7\u00e3o<\/strong><\/li>\n<li><strong>Integra\u00e7\u00e3o de componentes adicionais<\/strong><\/li>\n<\/ul>\n<p><strong>Parceria com um fabricante experiente de teclados e teclados de membrana<\/strong><\/p>\n<p>Com anos de experi\u00eancia em tecnologia de teclados de membrana e teclados, somos a sua fonte de confian\u00e7a para solu\u00e7\u00f5es de entrada personalizadas e de alta qualidade. A nossa equipa de especialistas trabalhar\u00e1 em estreita colabora\u00e7\u00e3o consigo para compreender as suas necessidades espec\u00edficas e fornecer solu\u00e7\u00f5es que proporcionem um desempenho fi\u00e1vel, rentabilidade e versatilidade.<\/p>\n<p><strong><a href=\"https:\/\/membraneswitchmfg.com\/pt\/contact\/\">Contactar-nos <\/a>hoje<\/strong>\u00a0para saber mais sobre as nossas solu\u00e7\u00f5es de teclados e teclados de membrana e como podemos ajud\u00e1-lo a criar dispositivos de entrada de f\u00e1cil utiliza\u00e7\u00e3o e duradouros para as suas aplica\u00e7\u00f5es.<\/p>","protected":false},"excerpt":{"rendered":"<p>Os teclados de membrana e os teclados oferecem uma solu\u00e7\u00e3o fi\u00e1vel e econ\u00f3mica para uma vasta gama de aplica\u00e7\u00f5es de entrada. Estes dispositivos de entrada utilizam um design \u00fanico que emprega membranas sens\u00edveis \u00e0 press\u00e3o e tra\u00e7os condutores para registar os toques nas teclas, proporcionando uma resposta t\u00e1til e um desempenho duradouro.<\/p>","protected":false},"featured_media":1751,"template":"","meta":[],"product_brand":[],"product_cat":[40],"product_tag":[],"class_list":{"0":"post-1795","1":"product","2":"type-product","3":"status-publish","4":"has-post-thumbnail","6":"product_cat-membrane-switch","8":"first","9":"instock","10":"shipping-taxable","11":"product-type-simple"},"_links":{"self":[{"href":"https:\/\/membraneswitchmfg.com\/pt\/wp-json\/wp\/v2\/product\/1795","targetHints":{"allow":["GET"]}}],"collection":[{"href":"https:\/\/membraneswitchmfg.com\/pt\/wp-json\/wp\/v2\/product"}],"about":[{"href":"https:\/\/membraneswitchmfg.com\/pt\/wp-json\/wp\/v2\/types\/product"}],"wp:featuredmedia":[{"embeddable":true,"href":"https:\/\/membraneswitchmfg.com\/pt\/wp-json\/wp\/v2\/media\/1751"}],"wp:attachment":[{"href":"https:\/\/membraneswitchmfg.com\/pt\/wp-json\/wp\/v2\/media?parent=1795"}],"wp:term":[{"taxonomy":"product_brand","embeddable":true,"href":"https:\/\/membraneswitchmfg.com\/pt\/wp-json\/wp\/v2\/product_brand?post=1795"},{"taxonomy":"product_cat","embeddable":true,"href":"https:\/\/membraneswitchmfg.com\/pt\/wp-json\/wp\/v2\/product_cat?post=1795"},{"taxonomy":"product_tag","embeddable":true,"href":"https:\/\/membraneswitchmfg.com\/pt\/wp-json\/wp\/v2\/product_tag?post=1795"}],"curies":[{"name":"wp","href":"https:\/\/api.w.org\/{rel}","templated":true}]}}